{"id":7861,"date":"2021-11-16T15:25:57","date_gmt":"2021-11-16T13:25:57","guid":{"rendered":"https:\/\/www.paristokierratys.fi\/paristokerays-organiseras-av-recser-oy\/information-om-insamlingen-av-batterilador\/"},"modified":"2022-03-17T11:53:31","modified_gmt":"2022-03-17T09:53:31","slug":"information-om-insamlingen-av-batterilador","status":"publish","type":"page","link":"https:\/\/www.paristokierratys.fi\/sv\/for-butiker\/information-om-insamlingen-av-batterilador\/","title":{"rendered":"Information om insamlingen av batteril\u00e5dor"},"content":{"rendered":"<div class=\"wpb-content-wrapper\"><p>[vc_row css_animation=&#8221;&#8221; row_type=&#8221;row&#8221; use_row_as_full_screen_section=&#8221;no&#8221; type=&#8221;grid&#8221; angled_section=&#8221;no&#8221; text_align=&#8221;left&#8221; background_image_as_pattern=&#8221;without_pattern&#8221; css=&#8221;.vc_custom_1510096609096{background-position: center !important;background-repeat: no-repeat !important;background-size: cover !important;}&#8221;][vc_column css=&#8221;.vc_custom_1515876695481{padding-top: 1% !important;padding-right: 8% !important;padding-left: 8% !important;}&#8221;][vc_row_inner row_type=&#8221;row&#8221; type=&#8221;full_width&#8221; text_align=&#8221;left&#8221; css_animation=&#8221;&#8221;][vc_column_inner width=&#8221;5\/6&#8243; offset=&#8221;vc_col-lg-offset-1 vc_col-lg-10&#8243; css=&#8221;.vc_custom_1517392226118{padding-right: 6% !important;padding-bottom: 1% !important;padding-left: 6% !important;}&#8221;][vc_column_text]<\/p>\n<p style=\"font-weight: 400\"><a href=\"https:\/\/www.paristokierratys.fi\/sv\/for-butiker\/\">Paristoker\u00e4ys organiseras av Recser Oy<\/a>\u00a0\/\u00a0<a href=\"https:\/\/www.paristokierratys.fi\/sv\/for-butiker\/saljarens-skyldighet-att-ta-emot-batterier-och-ackumulatorer\/\">S\u00e4ljarens skyldighet<\/a>\u00a0\/\u00a0<a href=\"https:\/\/www.paristokierratys.fi\/sv\/for-butiker\/ovriga-insamlingsplatser\/\">\u00d6vriga insamlingsplatser<\/a>\u00a0\/\u00a0<a href=\"https:\/\/www.paristokierratys.fi\/sv\/for-butiker\/kommunikationsmaterial\/\">Kommunikationsmaterial<\/a>\u00a0\/\u00a0Information om insamlingen av batteril\u00e5dor\u00a0\/ \u00a0<a href=\"https:\/\/www.paristokierratys.fi\/sv\/for-butiker\/bestallning-av-batteritransportlada\/\">Best\u00e4llning av batteritransportl\u00e5da<\/a> \/ <a href=\"https:\/\/www.paristokierratys.fi\/sv\/avhamtning-av-batteritransportlada\/\">Best\u00e4llning av avh\u00e4mtning av fyllda batteritransportl\u00e5dor<\/a>\u00a0\/ <a href=\"https:\/\/www.paristokierratys.fi\/sv\/for-butiker\/faq-butiksinsamling-och-batterilador\/\">FAQ butiksinsamling och batteril\u00e5dor<\/a>\u00a0\/\u00a0<a href=\"https:\/\/www.paristokierratys.fi\/sv\/for-butiker\/information-om-insamling-i-batteritunnor\/\">Information om insamling i batteritunnor<\/a>\u00a0\/\u00a0<a href=\"https:\/\/www.paristokierratys.fi\/sv\/for-butiker\/ta-batteritunnorna-i-bruk\/\">Ta batteritunnorna i bruk<\/a>\u00a0\/ <a href=\"https:\/\/www.paristokierratys.fi\/sv\/for-butiker\/bestallning-av-avhamtning-av-fyllda-batteritransportlador\/\">Best\u00e4ll avh\u00e4mtning av fyllda batteritunnor<\/a> \/\u00a0<a href=\"https:\/\/www.paristokierratys.fi\/sv\/for-butiker\/faq-butiksinsamling-och-batteritunnor\/\">FAQ butiksinsamling och batteritunnor<\/a><\/p>\n<p>[\/vc_column_text][vc_separator type=&#8221;normal&#8221; thickness=&#8221;1&#8243; up=&#8221;20&#8243; down=&#8221;30&#8243;][vc_column_text]<\/p>\n<h1>Batteril\u00e5dor f\u00f6r sm\u00e5 batterier och ackumulatorer<\/h1>\n<p>[\/vc_column_text][vc_empty_space height=&#8221;22px&#8221;][vc_column_text]<\/p>\n<h3>Anhopar sig uttj\u00e4nta batterier och ackumulatorer i din butik eller ditt verksamhetsst\u00e4lle? Vi erbjuder batteritunnor f\u00f6r insamlingsplatser f\u00f6r sm\u00e5 m\u00e4ngder eller insamlingsplatser f\u00f6r bara batterier och sm\u00e5 ackumulatorer.<\/h3>\n<p>[\/vc_column_text][\/vc_column_inner][\/vc_row_inner][vc_row_inner row_type=&#8221;row&#8221; type=&#8221;full_width&#8221; text_align=&#8221;left&#8221; css_animation=&#8221;&#8221;][vc_column_inner width=&#8221;5\/6&#8243; offset=&#8221;vc_col-lg-offset-1 vc_col-lg-10&#8243; css=&#8221;.vc_custom_1517392065286{padding-right: 8% !important;padding-left: 6% !important;}&#8221;][vc_column_text]Batterier och ackumulatorer omfattas av lagstiftningen om transport av farliga \u00e4mnen och ska s\u00e5ledes alltid vara f\u00f6rpackade i transportl\u00e5dor som har f\u00f6r transporten n\u00f6dv\u00e4ndiga m\u00e4rkningar och som uppfyller \u00f6vriga krav. Recser Oy distribuerar avgiftsfritt f\u00f6rpackningar som \u00e4r l\u00e4mpliga f\u00f6r transport till butikerna och andra s\u00e5dana verksamhetsst\u00e4llen i vars egen verksamhet m\u00e4ngden f\u00f6rbrukade batterier och ackumulatorer uppg\u00e5r till mer \u00e4n 30 kilo per \u00e5r.[\/vc_column_text][vc_column_text]<\/p>\n<h2><img loading=\"lazy\" decoding=\"async\" class=\"size-medium wp-image-7087 alignleft\" src=\"https:\/\/www.paristokierratys.fi\/wp-content\/uploads\/2021\/09\/Paristokierratys-paristolaatikko-1-275x300.jpg\" alt=\"\" width=\"275\" height=\"300\" srcset=\"https:\/\/www.paristokierratys.fi\/wp-content\/uploads\/2021\/09\/Paristokierratys-paristolaatikko-1-275x300.jpg 275w, https:\/\/www.paristokierratys.fi\/wp-content\/uploads\/2021\/09\/Paristokierratys-paristolaatikko-1-939x1024.jpg 939w, https:\/\/www.paristokierratys.fi\/wp-content\/uploads\/2021\/09\/Paristokierratys-paristolaatikko-1-768x837.jpg 768w, https:\/\/www.paristokierratys.fi\/wp-content\/uploads\/2021\/09\/Paristokierratys-paristolaatikko-1-1409x1536.jpg 1409w, https:\/\/www.paristokierratys.fi\/wp-content\/uploads\/2021\/09\/Paristokierratys-paristolaatikko-1-1878x2048.jpg 1878w, https:\/\/www.paristokierratys.fi\/wp-content\/uploads\/2021\/09\/Paristokierratys-paristolaatikko-1-700x763.jpg 700w\" sizes=\"auto, (max-width: 275px) 100vw, 275px\" \/>Batteril\u00e5dans tekniska information<\/h2>\n<p>M\u00e5tt som monterad: 380x240x240 mm<br \/>\nVikt ifylld: 30 kg<br \/>\nObs. Batterier eller en ackumulator \u00f6ver 0,5 kg f\u00e5r inte l\u00e4ggas i l\u00e5dan.[\/vc_column_text][\/vc_column_inner][\/vc_row_inner][vc_row_inner row_type=&#8221;row&#8221; type=&#8221;full_width&#8221; text_align=&#8221;left&#8221; css_animation=&#8221;&#8221;][vc_column_inner width=&#8221;5\/6&#8243; offset=&#8221;vc_col-lg-offset-1 vc_col-lg-10&#8243; css=&#8221;.vc_custom_1512687998699{padding-right: 6% !important;padding-left: 6% !important;}&#8221;][vc_column_text]<\/p>\n<h2>L\u00e4mplig insamlingsplats<\/h2>\n<p>F\u00f6rutom en butik kan en insamlingsplats till exempel vara ett kontor, l\u00e4roverk och enheter inom sjukv\u00e5rden eller industrins produktions- och lagerlokaler. Batteril\u00e5dor levereras till insamlingsplatser d\u00e4r leveransen och avh\u00e4mtningen kan ske under kontorstid.<\/p>\n<p>Om ditt servicest\u00e4lle inte \u00e4r \u00f6ppet inom ramen f\u00f6r kontorstid kan du l\u00e4mna mindre m\u00e4ngder uttj\u00e4nta batterier och sm\u00e5 ackumulatorer i en butik som s\u00e4ljer dem eller p\u00e5 en regional insamlingsplats. St\u00f6rre m\u00e4ngder uttj\u00e4nta batterier och ackumulatorer samt ackumulatorer som v\u00e4ger \u00f6ver 0,5 kg ska l\u00e4mnas p\u00e5 den regionala insamlingsplatsen. Om du \u00f6nskar kan du p\u00e5 egen bekostnad best\u00e4lla en skr\u00e4ddarsydd avh\u00e4mtning av en samarbetspartner till Recser Oy som tillhandah\u00e5ller av avfallshanteringstj\u00e4nster.<\/p>\n<p>Den minsta insamlingsm\u00e4ngden av batterier och ackumulatorer p\u00e5 30 kg om \u00e5ret har best\u00e4mts f\u00f6r att batterier och ackumulatorer med tiden kan b\u00f6rja l\u00e4cka och av s\u00e4kerhetssk\u00e4l ska de inte h\u00e5llas i lager alltf\u00f6r l\u00e5nga tider. Den minsta insamlingsm\u00e4ngden p\u00e5 30 kg om \u00e5ret har best\u00e4mts f\u00f6r att batterier och ackumulatorer med tiden kan b\u00f6rja l\u00e4cka och av s\u00e4kerhetssk\u00e4l ska de inte h\u00e5llas i lager alltf\u00f6r l\u00e5nga tider. Tomma batteril\u00e5dor kan du best\u00e4lla h\u00e4r.<\/p>\n<h2>F\u00f6r att s\u00e4kerst\u00e4lla en trygg insamling<\/h2>\n<ul>\n<li>Placera batteril\u00e5dan p\u00e5 en \u00f6vervakad och torr plats med rumstemperatur i n\u00e4rheten av l\u00e4mplig sl\u00e4ckningsutrustning samt brand-och\/eller r\u00f6kvarnarsystem.<\/li>\n<li>Placera insamlingsk\u00e4rlet f\u00f6r batterier p\u00e5 en plats d\u00e4r det inte kan falla.<\/li>\n<li>Placera en tejprulle intill insamlingsl\u00e5dan, s\u00e5 att inl\u00e4mnaren kan tejpa polerna p\u00e5 batterierna och ackumulatorerna.<\/li>\n<li>Kontrollera regelbundet att insamlingsl\u00e5dan inte inneh\u00e5ller f\u00f6rem\u00e5l som inte h\u00f6r dit eller skr\u00e4p. Kontrollera samtidigt och framf\u00f6r allt att litiumbatteriernas och -ackumulatorernas poler \u00e4r tejpade f\u00f6r att f\u00f6rhindra kortslutning.<\/li>\n<li>L\u00e4gg enbart b\u00e4rbara uttj\u00e4nta ackumulatorer i batteril\u00e5dan. S\u00e5dana finns i bland annat armbandsur, leksaker, ficklampor, mobiltelefoner, kameror, datorer och b\u00e4rbara elverktyg, s\u00e5som borrmaskiner. Batterier och ackumulatorer som v\u00e4ger \u00f6ver 0,5 kg ska inte l\u00e4ggas i batteril\u00e5dan.<\/li>\n<li>L\u00e4gg anvisningarna f\u00f6r insamlingen p\u00e5 en synlig plats och se till att de fyllda batteril\u00e5dorna enkelt kan avh\u00e4mtas p\u00e5 den vanliga lastningsplatsen.<\/li>\n<\/ul>\n<h2>En tom l\u00e5da i utbyte mot en fylld<\/h2>\n<p>Den minsta avh\u00e4mtningsm\u00e4ngden av insamlingsl\u00e5dor \u00e4r en fylld batteril\u00e5da. N\u00e4r du best\u00e4ller avh\u00e4mtning av en fylld insamlingsl\u00e5da f\u00e5r du automatiskt en tom l\u00e5da i st\u00e4llet. Du beh\u00f6ver s\u00e5ledes inte g\u00f6ra en ny separat best\u00e4llning av en tom l\u00e5da. Om du vill ha fler tomma l\u00e5dor i samband med avh\u00e4mtningen, l\u00e4s anvisningarna om det p\u00e5 sidan som handlar om avh\u00e4mtning av fylld l\u00e5da.[\/vc_column_text][\/vc_column_inner][\/vc_row_inner][vc_row_inner row_type=&#8221;row&#8221; type=&#8221;full_width&#8221; text_align=&#8221;left&#8221; css_animation=&#8221;&#8221;][vc_column_inner width=&#8221;5\/6&#8243; offset=&#8221;vc_col-lg-offset-1 vc_col-lg-10&#8243; css=&#8221;.vc_custom_1629964360946{padding-right: 6% !important;padding-bottom: 8% !important;padding-left: 6% !important;}&#8221;][vc_column_text]<\/p>\n<h2><span style=\"font-size: 80%\">L\u00e4s mera:<\/span><\/h2>\n<p>[\/vc_column_text][vc_column_text]\u2022\u00a0 \u00a0<a href=\"https:\/\/www.paristokierratys.fi\/sv\/for-butiker\/bestallning-av-batteritransportlada\/\">Best\u00e4ll en transportl\u00e5da<\/a><br \/>\n\u2022\u00a0 \u00a0<a href=\"https:\/\/www.paristokierratys.fi\/sv\/for-butiker\/avhamtning-av-batteritransportlada\/\">Best\u00e4ll avh\u00e4mtning av fylld transportl\u00e5da<\/a><br \/>\n\u2022\u00a0 \u00a0<a href=\"https:\/\/www.paristokierratys.fi\/sv\/for-butiker\/faq-butiksinsamling-och-batterilador\/\">Vanliga fr\u00e5gor om batteritunnor<\/a>[\/vc_column_text][\/vc_column_inner][\/vc_row_inner][\/vc_column][\/vc_row]<\/p>\n<\/div>","protected":false},"excerpt":{"rendered":"<p>[vc_row css_animation=&#8221;&#8221; row_type=&#8221;row&#8221; use_row_as_full_screen_section=&#8221;no&#8221; type=&#8221;grid&#8221; angled_section=&#8221;no&#8221; text_align=&#8221;left&#8221; background_image_as_pattern=&#8221;without_pattern&#8221; css=&#8221;.vc_custom_1510096609096{background-position: center !important;background-repeat: no-repeat !important;background-size: cover !important;}&#8221;][vc_column css=&#8221;.vc_custom_1515876695481{padding-top: 1% !important;padding-right: 8% !important;padding-left: 8% !important;}&#8221;][vc_row_inner row_type=&#8221;row&#8221; type=&#8221;full_width&#8221; text_align=&#8221;left&#8221; css_animation=&#8221;&#8221;][vc_column_inner width=&#8221;5\/6&#8243; offset=&#8221;vc_col-lg-offset-1 vc_col-lg-10&#8243; css=&#8221;.vc_custom_1517392226118{padding-right: 6% !important;padding-bottom: 1% !important;padding-left: 6% !important;}&#8221;][vc_column_text] Paristoker\u00e4ys organiseras av Recser Oy\u00a0\/\u00a0S\u00e4ljarens skyldighet\u00a0\/\u00a0\u00d6vriga insamlingsplatser\u00a0\/\u00a0Kommunikationsmaterial\u00a0\/\u00a0Information om insamlingen&#8230;<\/p>\n","protected":false},"author":8,"featured_media":0,"parent":7804,"menu_order":0,"comment_status":"closed","ping_status":"closed","template":"full_width.php","meta":{"footnotes":""},"class_list":["post-7861","page","type-page","status-publish","hentry"],"yoast_head":"<!-- This site is optimized with the Yoast SEO plugin v26.8 - https:\/\/yoast.com\/product\/yoast-seo-wordpress\/ -->\n<title>Information om insamlingen av batteril\u00e5dor - Paristokierr\u00e4tys<\/title>\n<meta name=\"robots\" content=\"index, follow, max-snippet:-1, max-image-preview:large, max-video-preview:-1\" \/>\n<link rel=\"canonical\" href=\"https:\/\/www.paristokierratys.fi\/sv\/for-butiker\/information-om-insamlingen-av-batterilador\/\" \/>\n<meta property=\"og:locale\" content=\"sv_SE\" \/>\n<meta property=\"og:type\" content=\"article\" \/>\n<meta property=\"og:title\" content=\"Information om insamlingen av batteril\u00e5dor - Paristokierr\u00e4tys\" \/>\n<meta property=\"og:description\" content=\"[vc_row css_animation=&#8221;&#8221; row_type=&#8221;row&#8221; use_row_as_full_screen_section=&#8221;no&#8221; type=&#8221;grid&#8221; angled_section=&#8221;no&#8221; text_align=&#8221;left&#8221; background_image_as_pattern=&#8221;without_pattern&#8221; css=&#8221;.vc_custom_1510096609096{background-position: center !important;background-repeat: no-repeat !important;background-size: cover !important;}&#8221;][vc_column css=&#8221;.vc_custom_1515876695481{padding-top: 1% !important;padding-right: 8% !important;padding-left: 8% !important;}&#8221;][vc_row_inner row_type=&#8221;row&#8221; type=&#8221;full_width&#8221; text_align=&#8221;left&#8221; css_animation=&#8221;&#8221;][vc_column_inner width=&#8221;5\/6&#8243; offset=&#8221;vc_col-lg-offset-1 vc_col-lg-10&#8243; css=&#8221;.vc_custom_1517392226118{padding-right: 6% !important;padding-bottom: 1% !important;padding-left: 6% !important;}&#8221;][vc_column_text] Paristoker\u00e4ys organiseras av Recser Oy\u00a0\/\u00a0S\u00e4ljarens skyldighet\u00a0\/\u00a0\u00d6vriga insamlingsplatser\u00a0\/\u00a0Kommunikationsmaterial\u00a0\/\u00a0Information om insamlingen...\" \/>\n<meta property=\"og:url\" content=\"https:\/\/www.paristokierratys.fi\/sv\/for-butiker\/information-om-insamlingen-av-batterilador\/\" \/>\n<meta property=\"og:site_name\" content=\"Paristokierr\u00e4tys\" \/>\n<meta property=\"article:modified_time\" content=\"2022-03-17T09:53:31+00:00\" \/>\n<meta property=\"og:image\" content=\"https:\/\/www.paristokierratys.fi\/wp-content\/uploads\/2021\/09\/Paristokierratys-paristolaatikko-1-275x300.jpg\" \/>\n<meta name=\"twitter:card\" content=\"summary_large_image\" \/>\n<meta name=\"twitter:label1\" content=\"Ber\u00e4knad l\u00e4stid\" \/>\n\t<meta name=\"twitter:data1\" content=\"5 minuter\" \/>\n<script type=\"application\/ld+json\" class=\"yoast-schema-graph\">{\"@context\":\"https:\/\/schema.org\",\"@graph\":[{\"@type\":\"WebPage\",\"@id\":\"https:\/\/www.paristokierratys.fi\/sv\/for-butiker\/information-om-insamlingen-av-batterilador\/\",\"url\":\"https:\/\/www.paristokierratys.fi\/sv\/for-butiker\/information-om-insamlingen-av-batterilador\/\",\"name\":\"Information om insamlingen av batteril\u00e5dor - Paristokierr\u00e4tys\",\"isPartOf\":{\"@id\":\"https:\/\/www.paristokierratys.fi\/#website\"},\"primaryImageOfPage\":{\"@id\":\"https:\/\/www.paristokierratys.fi\/sv\/for-butiker\/information-om-insamlingen-av-batterilador\/#primaryimage\"},\"image\":{\"@id\":\"https:\/\/www.paristokierratys.fi\/sv\/for-butiker\/information-om-insamlingen-av-batterilador\/#primaryimage\"},\"thumbnailUrl\":\"https:\/\/www.paristokierratys.fi\/wp-content\/uploads\/2021\/09\/Paristokierratys-paristolaatikko-1-275x300.jpg\",\"datePublished\":\"2021-11-16T13:25:57+00:00\",\"dateModified\":\"2022-03-17T09:53:31+00:00\",\"breadcrumb\":{\"@id\":\"https:\/\/www.paristokierratys.fi\/sv\/for-butiker\/information-om-insamlingen-av-batterilador\/#breadcrumb\"},\"inLanguage\":\"sv-SE\",\"potentialAction\":[{\"@type\":\"ReadAction\",\"target\":[\"https:\/\/www.paristokierratys.fi\/sv\/for-butiker\/information-om-insamlingen-av-batterilador\/\"]}]},{\"@type\":\"ImageObject\",\"inLanguage\":\"sv-SE\",\"@id\":\"https:\/\/www.paristokierratys.fi\/sv\/for-butiker\/information-om-insamlingen-av-batterilador\/#primaryimage\",\"url\":\"https:\/\/www.paristokierratys.fi\/wp-content\/uploads\/2021\/09\/Paristokierratys-paristolaatikko-1-275x300.jpg\",\"contentUrl\":\"https:\/\/www.paristokierratys.fi\/wp-content\/uploads\/2021\/09\/Paristokierratys-paristolaatikko-1-275x300.jpg\"},{\"@type\":\"BreadcrumbList\",\"@id\":\"https:\/\/www.paristokierratys.fi\/sv\/for-butiker\/information-om-insamlingen-av-batterilador\/#breadcrumb\",\"itemListElement\":[{\"@type\":\"ListItem\",\"position\":1,\"name\":\"Home\",\"item\":\"https:\/\/www.paristokierratys.fi\/sv\/\"},{\"@type\":\"ListItem\",\"position\":2,\"name\":\"Paristoker\u00e4ys organiseras av Recser Oy\",\"item\":\"https:\/\/www.paristokierratys.fi\/sv\/for-butiker\/\"},{\"@type\":\"ListItem\",\"position\":3,\"name\":\"Information om insamlingen av batteril\u00e5dor\"}]},{\"@type\":\"WebSite\",\"@id\":\"https:\/\/www.paristokierratys.fi\/#website\",\"url\":\"https:\/\/www.paristokierratys.fi\/\",\"name\":\"Paristokierr\u00e4tys\",\"description\":\"Paristokierr\u00e4tyst\u00e4 Suomessa organisoi tuottajayhteis\u00f6 Recser Oy, joka edustaa yli 500:aa paristojen ja akkujen tuottajaa.\",\"potentialAction\":[{\"@type\":\"SearchAction\",\"target\":{\"@type\":\"EntryPoint\",\"urlTemplate\":\"https:\/\/www.paristokierratys.fi\/?s={search_term_string}\"},\"query-input\":{\"@type\":\"PropertyValueSpecification\",\"valueRequired\":true,\"valueName\":\"search_term_string\"}}],\"inLanguage\":\"sv-SE\"}]}<\/script>\n<!-- \/ Yoast SEO plugin. -->","yoast_head_json":{"title":"Information om insamlingen av batteril\u00e5dor - Paristokierr\u00e4tys","robots":{"index":"index","follow":"follow","max-snippet":"max-snippet:-1","max-image-preview":"max-image-preview:large","max-video-preview":"max-video-preview:-1"},"canonical":"https:\/\/www.paristokierratys.fi\/sv\/for-butiker\/information-om-insamlingen-av-batterilador\/","og_locale":"sv_SE","og_type":"article","og_title":"Information om insamlingen av batteril\u00e5dor - Paristokierr\u00e4tys","og_description":"[vc_row css_animation=&#8221;&#8221; row_type=&#8221;row&#8221; use_row_as_full_screen_section=&#8221;no&#8221; type=&#8221;grid&#8221; angled_section=&#8221;no&#8221; text_align=&#8221;left&#8221; background_image_as_pattern=&#8221;without_pattern&#8221; css=&#8221;.vc_custom_1510096609096{background-position: center !important;background-repeat: no-repeat !important;background-size: cover !important;}&#8221;][vc_column css=&#8221;.vc_custom_1515876695481{padding-top: 1% !important;padding-right: 8% !important;padding-left: 8% !important;}&#8221;][vc_row_inner row_type=&#8221;row&#8221; type=&#8221;full_width&#8221; text_align=&#8221;left&#8221; css_animation=&#8221;&#8221;][vc_column_inner width=&#8221;5\/6&#8243; offset=&#8221;vc_col-lg-offset-1 vc_col-lg-10&#8243; css=&#8221;.vc_custom_1517392226118{padding-right: 6% !important;padding-bottom: 1% !important;padding-left: 6% !important;}&#8221;][vc_column_text] Paristoker\u00e4ys organiseras av Recser Oy\u00a0\/\u00a0S\u00e4ljarens skyldighet\u00a0\/\u00a0\u00d6vriga insamlingsplatser\u00a0\/\u00a0Kommunikationsmaterial\u00a0\/\u00a0Information om insamlingen...","og_url":"https:\/\/www.paristokierratys.fi\/sv\/for-butiker\/information-om-insamlingen-av-batterilador\/","og_site_name":"Paristokierr\u00e4tys","article_modified_time":"2022-03-17T09:53:31+00:00","og_image":[{"url":"https:\/\/www.paristokierratys.fi\/wp-content\/uploads\/2021\/09\/Paristokierratys-paristolaatikko-1-275x300.jpg","type":"","width":"","height":""}],"twitter_card":"summary_large_image","twitter_misc":{"Ber\u00e4knad l\u00e4stid":"5 minuter"},"schema":{"@context":"https:\/\/schema.org","@graph":[{"@type":"WebPage","@id":"https:\/\/www.paristokierratys.fi\/sv\/for-butiker\/information-om-insamlingen-av-batterilador\/","url":"https:\/\/www.paristokierratys.fi\/sv\/for-butiker\/information-om-insamlingen-av-batterilador\/","name":"Information om insamlingen av batteril\u00e5dor - Paristokierr\u00e4tys","isPartOf":{"@id":"https:\/\/www.paristokierratys.fi\/#website"},"primaryImageOfPage":{"@id":"https:\/\/www.paristokierratys.fi\/sv\/for-butiker\/information-om-insamlingen-av-batterilador\/#primaryimage"},"image":{"@id":"https:\/\/www.paristokierratys.fi\/sv\/for-butiker\/information-om-insamlingen-av-batterilador\/#primaryimage"},"thumbnailUrl":"https:\/\/www.paristokierratys.fi\/wp-content\/uploads\/2021\/09\/Paristokierratys-paristolaatikko-1-275x300.jpg","datePublished":"2021-11-16T13:25:57+00:00","dateModified":"2022-03-17T09:53:31+00:00","breadcrumb":{"@id":"https:\/\/www.paristokierratys.fi\/sv\/for-butiker\/information-om-insamlingen-av-batterilador\/#breadcrumb"},"inLanguage":"sv-SE","potentialAction":[{"@type":"ReadAction","target":["https:\/\/www.paristokierratys.fi\/sv\/for-butiker\/information-om-insamlingen-av-batterilador\/"]}]},{"@type":"ImageObject","inLanguage":"sv-SE","@id":"https:\/\/www.paristokierratys.fi\/sv\/for-butiker\/information-om-insamlingen-av-batterilador\/#primaryimage","url":"https:\/\/www.paristokierratys.fi\/wp-content\/uploads\/2021\/09\/Paristokierratys-paristolaatikko-1-275x300.jpg","contentUrl":"https:\/\/www.paristokierratys.fi\/wp-content\/uploads\/2021\/09\/Paristokierratys-paristolaatikko-1-275x300.jpg"},{"@type":"BreadcrumbList","@id":"https:\/\/www.paristokierratys.fi\/sv\/for-butiker\/information-om-insamlingen-av-batterilador\/#breadcrumb","itemListElement":[{"@type":"ListItem","position":1,"name":"Home","item":"https:\/\/www.paristokierratys.fi\/sv\/"},{"@type":"ListItem","position":2,"name":"Paristoker\u00e4ys organiseras av Recser Oy","item":"https:\/\/www.paristokierratys.fi\/sv\/for-butiker\/"},{"@type":"ListItem","position":3,"name":"Information om insamlingen av batteril\u00e5dor"}]},{"@type":"WebSite","@id":"https:\/\/www.paristokierratys.fi\/#website","url":"https:\/\/www.paristokierratys.fi\/","name":"Paristokierr\u00e4tys","description":"Paristokierr\u00e4tyst\u00e4 Suomessa organisoi tuottajayhteis\u00f6 Recser Oy, joka edustaa yli 500:aa paristojen ja akkujen tuottajaa.","potentialAction":[{"@type":"SearchAction","target":{"@type":"EntryPoint","urlTemplate":"https:\/\/www.paristokierratys.fi\/?s={search_term_string}"},"query-input":{"@type":"PropertyValueSpecification","valueRequired":true,"valueName":"search_term_string"}}],"inLanguage":"sv-SE"}]}},"_links":{"self":[{"href":"https:\/\/www.paristokierratys.fi\/sv\/wp-json\/wp\/v2\/pages\/7861","targetHints":{"allow":["GET"]}}],"collection":[{"href":"https:\/\/www.paristokierratys.fi\/sv\/wp-json\/wp\/v2\/pages"}],"about":[{"href":"https:\/\/www.paristokierratys.fi\/sv\/wp-json\/wp\/v2\/types\/page"}],"author":[{"embeddable":true,"href":"https:\/\/www.paristokierratys.fi\/sv\/wp-json\/wp\/v2\/users\/8"}],"replies":[{"embeddable":true,"href":"https:\/\/www.paristokierratys.fi\/sv\/wp-json\/wp\/v2\/comments?post=7861"}],"version-history":[{"count":14,"href":"https:\/\/www.paristokierratys.fi\/sv\/wp-json\/wp\/v2\/pages\/7861\/revisions"}],"predecessor-version":[{"id":9088,"href":"https:\/\/www.paristokierratys.fi\/sv\/wp-json\/wp\/v2\/pages\/7861\/revisions\/9088"}],"up":[{"embeddable":true,"href":"https:\/\/www.paristokierratys.fi\/sv\/wp-json\/wp\/v2\/pages\/7804"}],"wp:attachment":[{"href":"https:\/\/www.paristokierratys.fi\/sv\/wp-json\/wp\/v2\/media?parent=7861"}],"curies":[{"name":"wp","href":"https:\/\/api.w.org\/{rel}","templated":true}]}}