{"id":3094,"date":"2018-04-02T04:03:10","date_gmt":"2018-04-02T01:03:10","guid":{"rendered":"http:\/\/31.217.192.104\/~recserfi\/recser\/paristokierratys\/styrelsen\/"},"modified":"2025-05-06T15:53:43","modified_gmt":"2025-05-06T12:53:43","slug":"agare-och-styrelse","status":"publish","type":"page","link":"https:\/\/www.paristokierratys.fi\/sv\/paristokierratys\/agare-och-styrelse\/","title":{"rendered":"\u00c4gare och styrelse"},"content":{"rendered":"<div class=\"wpb-content-wrapper\"><p>[vc_row css_animation=&#8221;&#8221; row_type=&#8221;row&#8221; use_row_as_full_screen_section=&#8221;no&#8221; type=&#8221;grid&#8221; angled_section=&#8221;no&#8221; text_align=&#8221;left&#8221; background_image_as_pattern=&#8221;without_pattern&#8221; css=&#8221;.vc_custom_1510096609096{background-position: center !important;background-repeat: no-repeat !important;background-size: cover !important;}&#8221;][vc_column css=&#8221;.vc_custom_1516773445404{padding-top: 1% !important;padding-right: 8% !important;padding-left: 8% !important;}&#8221;][vc_row_inner row_type=&#8221;row&#8221; type=&#8221;full_width&#8221; text_align=&#8221;left&#8221; css_animation=&#8221;&#8221;][vc_column_inner width=&#8221;5\/6&#8243; offset=&#8221;vc_col-lg-offset-1 vc_col-lg-10&#8243; css=&#8221;.vc_custom_1512687979767{padding-right: 6% !important;padding-left: 6% !important;}&#8221;][vc_column_text]<a href=\"https:\/\/www.paristokierratys.fi\/sv\/paristokierratys\/\">Vad \u00e4r Paristokierr\u00e4tys?<\/a>\u00a0\/\u00a0<a href=\"https:\/\/www.paristokierratys.fi\/sv\/paristokierratys\/registrerade-producenter\/\">Registrerade producenter<\/a> \/\u00a0<a href=\"https:\/\/www.paristokierratys.fi\/sv\/aktuellt\/\">Aktuellt<\/a> \/\u00a0<a href=\"https:\/\/www.paristokierratys.fi\/sv\/paristokierratys\/statistik\/\">Statistik<\/a> \/ <a href=\"https:\/\/www.paristokierratys.fi\/sv\/paristokierratys\/faq\/\">FAQ<\/a> \/ <a href=\"https:\/\/www.paristokierratys.fi\/sv\/paristokierratys\/lankar-och-ytterligare-information\/\">L\u00e4nkar och ytterligare information<\/a> \/\u00a0<a href=\"https:\/\/www.paristokierratys.fi\/sv\/paristokierratys\/varden-och-visio\/\">V\u00e4rden och visio<\/a> \/ <a href=\"https:\/\/www.paristokierratys.fi\/sv\/paristokierratys\/dataskydd\/\">Dataskydd<\/a> \/ \u00c4gare och styrelse \/ <a href=\"https:\/\/www.paristokierratys.fi\/sv\/samarbetspartner\/\">Samarbetspartner<\/a> \/ <a href=\"https:\/\/www.paristokierratys.fi\/sv\/paristokierratys\/kontakt\/\">Kontakt information<\/a>[\/vc_column_text][vc_separator type=&#8221;normal&#8221; thickness=&#8221;1&#8243; up=&#8221;20&#8243; down=&#8221;30&#8243;][vc_column_text]<\/p>\n<h1>\u00c4gare<\/h1>\n<p>[\/vc_column_text][vc_empty_space height=&#8221;22px&#8221;][vc_column_text]<\/p>\n<h3>Recser Oy:s aktie\u00e4gare \u00e4r:<\/h3>\n<p>[\/vc_column_text][vc_column_text]<span data-olk-copy-source=\"MessageBody\">Avant Power Oy<br \/>\nCactos Oy<\/span><br \/>\n<span data-olk-copy-source=\"MessageBody\">Enico Oy<br \/>\nGPBM Nordic AB<\/span><br \/>\nICT Producenternas Andelslag-TY<br \/>\n<span data-olk-copy-source=\"MessageBody\">Merus Power Oyj<\/span><br \/>\nSELT ry<br \/>\nSER-Tuottajayhteis\u00f6 ry[\/vc_column_text][vc_empty_space height=&#8221;50px&#8221;][vc_column_text]<\/p>\n<h1>Styrelse<\/h1>\n<p>[\/vc_column_text][vc_empty_space height=&#8221;22px&#8221;][vc_column_text]<\/p>\n<h3>Sammans\u00e4ttningen av styrelsen f\u00f6r Recser Oy ser ut som f\u00f6ljer:<\/h3>\n<p>[\/vc_column_text][vc_column_text][\/vc_column_text][vc_column_text]Helena Castr\u00e9n,\u00a0Ordf\u00f6rande (Specialist)<br \/>\nAnders Blomqvist (Specialist)<br \/>\nJuha Kemppainen\u00a0(ICT Producenternas Andelslag-TY\/Fujitsu Finland Oy)<br \/>\nSari Ristaniemi (Centrallaget f\u00f6r Handelslagen i Finland)<br \/>\nKari Rouvali\u00a0(SELT ry\/Safire Oy)<br \/>\nTomi Sn\u00e4ll (GPBM Nordic Oy)<br \/>\nVeli-Erkki Ruotsalainen (Cactos Oy)<br \/>\nRisto Laakso (Merus Power Oyj)<br \/>\nTopias\u00a0Koskela (Enico Oy)[\/vc_column_text][\/vc_column_inner][\/vc_row_inner][\/vc_column][\/vc_row][vc_row css_animation=&#8221;&#8221; row_type=&#8221;row&#8221; use_row_as_full_screen_section=&#8221;no&#8221; type=&#8221;full_width&#8221; angled_section=&#8221;no&#8221; text_align=&#8221;left&#8221; background_image_as_pattern=&#8221;without_pattern&#8221;][vc_column][vc_empty_space height=&#8221;50px&#8221;][\/vc_column][\/vc_row]<\/p>\n<\/div>","protected":false},"excerpt":{"rendered":"<p>[vc_row css_animation=&#8221;&#8221; row_type=&#8221;row&#8221; use_row_as_full_screen_section=&#8221;no&#8221; type=&#8221;grid&#8221; angled_section=&#8221;no&#8221; text_align=&#8221;left&#8221; background_image_as_pattern=&#8221;without_pattern&#8221; css=&#8221;.vc_custom_1510096609096{background-position: center !important;background-repeat: no-repeat !important;background-size: cover !important;}&#8221;][vc_column css=&#8221;.vc_custom_1516773445404{padding-top: 1% !important;padding-right: 8% !important;padding-left: 8% !important;}&#8221;][vc_row_inner row_type=&#8221;row&#8221; type=&#8221;full_width&#8221; text_align=&#8221;left&#8221; css_animation=&#8221;&#8221;][vc_column_inner width=&#8221;5\/6&#8243; offset=&#8221;vc_col-lg-offset-1 vc_col-lg-10&#8243; css=&#8221;.vc_custom_1512687979767{padding-right: 6% !important;padding-left: 6% !important;}&#8221;][vc_column_text]Vad \u00e4r Paristokierr\u00e4tys?\u00a0\/\u00a0Registrerade producenter \/\u00a0Aktuellt \/\u00a0Statistik \/ FAQ \/ L\u00e4nkar och ytterligare&#8230;<\/p>\n","protected":false},"author":1,"featured_media":0,"parent":2965,"menu_order":0,"comment_status":"closed","ping_status":"closed","template":"full_width.php","meta":{"footnotes":""},"class_list":["post-3094","page","type-page","status-publish","hentry"],"yoast_head":"<!-- This site is optimized with the Yoast SEO plugin v26.8 - https:\/\/yoast.com\/product\/yoast-seo-wordpress\/ -->\n<title>\u00c4gare och styrelse - Paristokierr\u00e4tys<\/title>\n<meta name=\"robots\" content=\"index, follow, max-snippet:-1, max-image-preview:large, max-video-preview:-1\" \/>\n<link rel=\"canonical\" href=\"https:\/\/www.paristokierratys.fi\/sv\/paristokierratys\/agare-och-styrelse\/\" \/>\n<meta property=\"og:locale\" content=\"sv_SE\" \/>\n<meta property=\"og:type\" content=\"article\" \/>\n<meta property=\"og:title\" content=\"\u00c4gare och styrelse - Paristokierr\u00e4tys\" \/>\n<meta property=\"og:description\" content=\"[vc_row css_animation=&#8221;&#8221; row_type=&#8221;row&#8221; use_row_as_full_screen_section=&#8221;no&#8221; type=&#8221;grid&#8221; angled_section=&#8221;no&#8221; text_align=&#8221;left&#8221; background_image_as_pattern=&#8221;without_pattern&#8221; css=&#8221;.vc_custom_1510096609096{background-position: center !important;background-repeat: no-repeat !important;background-size: cover !important;}&#8221;][vc_column css=&#8221;.vc_custom_1516773445404{padding-top: 1% !important;padding-right: 8% !important;padding-left: 8% !important;}&#8221;][vc_row_inner row_type=&#8221;row&#8221; type=&#8221;full_width&#8221; text_align=&#8221;left&#8221; css_animation=&#8221;&#8221;][vc_column_inner width=&#8221;5\/6&#8243; offset=&#8221;vc_col-lg-offset-1 vc_col-lg-10&#8243; css=&#8221;.vc_custom_1512687979767{padding-right: 6% !important;padding-left: 6% !important;}&#8221;][vc_column_text]Vad \u00e4r Paristokierr\u00e4tys?\u00a0\/\u00a0Registrerade producenter \/\u00a0Aktuellt \/\u00a0Statistik \/ FAQ \/ L\u00e4nkar och ytterligare...\" \/>\n<meta property=\"og:url\" content=\"https:\/\/www.paristokierratys.fi\/sv\/paristokierratys\/agare-och-styrelse\/\" \/>\n<meta property=\"og:site_name\" content=\"Paristokierr\u00e4tys\" \/>\n<meta property=\"article:modified_time\" content=\"2025-05-06T12:53:43+00:00\" \/>\n<meta name=\"twitter:card\" content=\"summary_large_image\" \/>\n<meta name=\"twitter:label1\" content=\"Ber\u00e4knad l\u00e4stid\" \/>\n\t<meta name=\"twitter:data1\" content=\"1 minut\" \/>\n<script type=\"application\/ld+json\" class=\"yoast-schema-graph\">{\"@context\":\"https:\/\/schema.org\",\"@graph\":[{\"@type\":\"WebPage\",\"@id\":\"https:\/\/www.paristokierratys.fi\/sv\/paristokierratys\/agare-och-styrelse\/\",\"url\":\"https:\/\/www.paristokierratys.fi\/sv\/paristokierratys\/agare-och-styrelse\/\",\"name\":\"\u00c4gare och styrelse - Paristokierr\u00e4tys\",\"isPartOf\":{\"@id\":\"https:\/\/www.paristokierratys.fi\/#website\"},\"datePublished\":\"2018-04-02T01:03:10+00:00\",\"dateModified\":\"2025-05-06T12:53:43+00:00\",\"breadcrumb\":{\"@id\":\"https:\/\/www.paristokierratys.fi\/sv\/paristokierratys\/agare-och-styrelse\/#breadcrumb\"},\"inLanguage\":\"sv-SE\",\"potentialAction\":[{\"@type\":\"ReadAction\",\"target\":[\"https:\/\/www.paristokierratys.fi\/sv\/paristokierratys\/agare-och-styrelse\/\"]}]},{\"@type\":\"BreadcrumbList\",\"@id\":\"https:\/\/www.paristokierratys.fi\/sv\/paristokierratys\/agare-och-styrelse\/#breadcrumb\",\"itemListElement\":[{\"@type\":\"ListItem\",\"position\":1,\"name\":\"Home\",\"item\":\"https:\/\/www.paristokierratys.fi\/sv\/\"},{\"@type\":\"ListItem\",\"position\":2,\"name\":\"Vad \u00e4r Paristokierr\u00e4tys?\",\"item\":\"https:\/\/www.paristokierratys.fi\/sv\/paristokierratys\/\"},{\"@type\":\"ListItem\",\"position\":3,\"name\":\"\u00c4gare och styrelse\"}]},{\"@type\":\"WebSite\",\"@id\":\"https:\/\/www.paristokierratys.fi\/#website\",\"url\":\"https:\/\/www.paristokierratys.fi\/\",\"name\":\"Paristokierr\u00e4tys\",\"description\":\"Paristokierr\u00e4tyst\u00e4 Suomessa organisoi tuottajayhteis\u00f6 Recser Oy, joka edustaa yli 500:aa paristojen ja akkujen tuottajaa.\",\"potentialAction\":[{\"@type\":\"SearchAction\",\"target\":{\"@type\":\"EntryPoint\",\"urlTemplate\":\"https:\/\/www.paristokierratys.fi\/?s={search_term_string}\"},\"query-input\":{\"@type\":\"PropertyValueSpecification\",\"valueRequired\":true,\"valueName\":\"search_term_string\"}}],\"inLanguage\":\"sv-SE\"}]}<\/script>\n<!-- \/ Yoast SEO plugin. -->","yoast_head_json":{"title":"\u00c4gare och styrelse - Paristokierr\u00e4tys","robots":{"index":"index","follow":"follow","max-snippet":"max-snippet:-1","max-image-preview":"max-image-preview:large","max-video-preview":"max-video-preview:-1"},"canonical":"https:\/\/www.paristokierratys.fi\/sv\/paristokierratys\/agare-och-styrelse\/","og_locale":"sv_SE","og_type":"article","og_title":"\u00c4gare och styrelse - Paristokierr\u00e4tys","og_description":"[vc_row css_animation=&#8221;&#8221; row_type=&#8221;row&#8221; use_row_as_full_screen_section=&#8221;no&#8221; type=&#8221;grid&#8221; angled_section=&#8221;no&#8221; text_align=&#8221;left&#8221; background_image_as_pattern=&#8221;without_pattern&#8221; css=&#8221;.vc_custom_1510096609096{background-position: center !important;background-repeat: no-repeat !important;background-size: cover !important;}&#8221;][vc_column css=&#8221;.vc_custom_1516773445404{padding-top: 1% !important;padding-right: 8% !important;padding-left: 8% !important;}&#8221;][vc_row_inner row_type=&#8221;row&#8221; type=&#8221;full_width&#8221; text_align=&#8221;left&#8221; css_animation=&#8221;&#8221;][vc_column_inner width=&#8221;5\/6&#8243; offset=&#8221;vc_col-lg-offset-1 vc_col-lg-10&#8243; css=&#8221;.vc_custom_1512687979767{padding-right: 6% !important;padding-left: 6% !important;}&#8221;][vc_column_text]Vad \u00e4r Paristokierr\u00e4tys?\u00a0\/\u00a0Registrerade producenter \/\u00a0Aktuellt \/\u00a0Statistik \/ FAQ \/ L\u00e4nkar och ytterligare...","og_url":"https:\/\/www.paristokierratys.fi\/sv\/paristokierratys\/agare-och-styrelse\/","og_site_name":"Paristokierr\u00e4tys","article_modified_time":"2025-05-06T12:53:43+00:00","twitter_card":"summary_large_image","twitter_misc":{"Ber\u00e4knad l\u00e4stid":"1 minut"},"schema":{"@context":"https:\/\/schema.org","@graph":[{"@type":"WebPage","@id":"https:\/\/www.paristokierratys.fi\/sv\/paristokierratys\/agare-och-styrelse\/","url":"https:\/\/www.paristokierratys.fi\/sv\/paristokierratys\/agare-och-styrelse\/","name":"\u00c4gare och styrelse - Paristokierr\u00e4tys","isPartOf":{"@id":"https:\/\/www.paristokierratys.fi\/#website"},"datePublished":"2018-04-02T01:03:10+00:00","dateModified":"2025-05-06T12:53:43+00:00","breadcrumb":{"@id":"https:\/\/www.paristokierratys.fi\/sv\/paristokierratys\/agare-och-styrelse\/#breadcrumb"},"inLanguage":"sv-SE","potentialAction":[{"@type":"ReadAction","target":["https:\/\/www.paristokierratys.fi\/sv\/paristokierratys\/agare-och-styrelse\/"]}]},{"@type":"BreadcrumbList","@id":"https:\/\/www.paristokierratys.fi\/sv\/paristokierratys\/agare-och-styrelse\/#breadcrumb","itemListElement":[{"@type":"ListItem","position":1,"name":"Home","item":"https:\/\/www.paristokierratys.fi\/sv\/"},{"@type":"ListItem","position":2,"name":"Vad \u00e4r Paristokierr\u00e4tys?","item":"https:\/\/www.paristokierratys.fi\/sv\/paristokierratys\/"},{"@type":"ListItem","position":3,"name":"\u00c4gare och styrelse"}]},{"@type":"WebSite","@id":"https:\/\/www.paristokierratys.fi\/#website","url":"https:\/\/www.paristokierratys.fi\/","name":"Paristokierr\u00e4tys","description":"Paristokierr\u00e4tyst\u00e4 Suomessa organisoi tuottajayhteis\u00f6 Recser Oy, joka edustaa yli 500:aa paristojen ja akkujen tuottajaa.","potentialAction":[{"@type":"SearchAction","target":{"@type":"EntryPoint","urlTemplate":"https:\/\/www.paristokierratys.fi\/?s={search_term_string}"},"query-input":{"@type":"PropertyValueSpecification","valueRequired":true,"valueName":"search_term_string"}}],"inLanguage":"sv-SE"}]}},"_links":{"self":[{"href":"https:\/\/www.paristokierratys.fi\/sv\/wp-json\/wp\/v2\/pages\/3094","targetHints":{"allow":["GET"]}}],"collection":[{"href":"https:\/\/www.paristokierratys.fi\/sv\/wp-json\/wp\/v2\/pages"}],"about":[{"href":"https:\/\/www.paristokierratys.fi\/sv\/wp-json\/wp\/v2\/types\/page"}],"author":[{"embeddable":true,"href":"https:\/\/www.paristokierratys.fi\/sv\/wp-json\/wp\/v2\/users\/1"}],"replies":[{"embeddable":true,"href":"https:\/\/www.paristokierratys.fi\/sv\/wp-json\/wp\/v2\/comments?post=3094"}],"version-history":[{"count":29,"href":"https:\/\/www.paristokierratys.fi\/sv\/wp-json\/wp\/v2\/pages\/3094\/revisions"}],"predecessor-version":[{"id":16271,"href":"https:\/\/www.paristokierratys.fi\/sv\/wp-json\/wp\/v2\/pages\/3094\/revisions\/16271"}],"up":[{"embeddable":true,"href":"https:\/\/www.paristokierratys.fi\/sv\/wp-json\/wp\/v2\/pages\/2965"}],"wp:attachment":[{"href":"https:\/\/www.paristokierratys.fi\/sv\/wp-json\/wp\/v2\/media?parent=3094"}],"curies":[{"name":"wp","href":"https:\/\/api.w.org\/{rel}","templated":true}]}}