{"id":2914,"date":"2018-04-02T01:35:06","date_gmt":"2018-04-01T22:35:06","guid":{"rendered":"http:\/\/31.217.192.104\/~recserfi\/recser\/for-producenter\/avgifter\/"},"modified":"2026-02-03T12:16:43","modified_gmt":"2026-02-03T10:16:43","slug":"avgifter","status":"publish","type":"page","link":"https:\/\/www.paristokierratys.fi\/sv\/for-producenter\/avgifter\/","title":{"rendered":"Avgifter"},"content":{"rendered":"<div class=\"wpb-content-wrapper\"><p>[vc_row css_animation=&#8221;&#8221; row_type=&#8221;row&#8221; use_row_as_full_screen_section=&#8221;no&#8221; type=&#8221;grid&#8221; angled_section=&#8221;no&#8221; text_align=&#8221;left&#8221; background_image_as_pattern=&#8221;without_pattern&#8221; css=&#8221;.vc_custom_1510096609096{background-position: center !important;background-repeat: no-repeat !important;background-size: cover !important;}&#8221;][vc_column css=&#8221;.vc_custom_1515873479310{padding-top: 1% !important;padding-right: 8% !important;padding-left: 8% !important;}&#8221;][vc_row_inner row_type=&#8221;row&#8221; type=&#8221;full_width&#8221; text_align=&#8221;left&#8221; css_animation=&#8221;&#8221;][vc_column_inner width=&#8221;5\/6&#8243; offset=&#8221;vc_col-lg-offset-1 vc_col-lg-10&#8243; css=&#8221;.vc_custom_1522197466124{padding-right: 6% !important;padding-left: 6% !important;}&#8221;][vc_column_text]<a href=\"https:\/\/www.paristokierratys.fi\/sv\/for-producenter\/\">Vad \u00e4r producentansvar?<\/a>\u00a0\/ <a href=\"https:\/\/www.paristokierratys.fi\/sv\/for-producenter\/producentansvaret-i-lagstiftningen\/\">Producentansvaret i lagstiftningen<\/a> \/ <a href=\"https:\/\/www.paristokierratys.fi\/sv\/for-producenter\/klassificering-av-batterier-och-ackumulatorer\/\">Klassificering av batterier<\/a> \/ <a href=\"https:\/\/www.paristokierratys.fi\/sv\/for-producenter\/registrering-som-producent\/\">Registrering som producent<\/a>\u00a0\/\u00a0Avgifter\u00a0\/\u00a0<a href=\"https:\/\/www.paristokierratys.fi\/sv\/for-producenter\/rapportering\/\">Rapportering<\/a> \/\u00a0<a href=\"https:\/\/www.paristokierratys.fi\/sv\/for-producenter\/certifikat\/\">Certifikat<\/a> \/\u00a0<a href=\"https:\/\/www.paristokierratys.fi\/sv\/for-producenter\/batterimarking\/\">Batterim\u00e4rking<\/a>\u00a0\/\u00a0<a href=\"https:\/\/www.paristokierratys.fi\/sv\/for-producenter\/foretagsfallstudie-canon\/\">F\u00f6retagsfallstudie Canon<\/a>\u00a0\/\u00a0<a href=\"https:\/\/www.paristokierratys.fi\/sv\/for-producenter\/foretagsfallstudie-gpbm-nordic\/\">F\u00f6retagsfallstudie GPBM Nordic<\/a> \/ <a href=\"https:\/\/www.paristokierratys.fi\/sv\/for-producenter\/foretagsfallstudie-celltech\/\">F\u00f6retagsfallstudie Celltech<\/a> \/ <a href=\"https:\/\/www.paristokierratys.fi\/sv\/for-producenter\/faq-for-producenten\/\">FAQ f\u00f6r producenten<\/a>[\/vc_column_text][vc_separator type=&#8221;normal&#8221; thickness=&#8221;1&#8243; up=&#8221;20&#8243; down=&#8221;30&#8243;][vc_column_text]<\/p>\n<h1>Avgifter<\/h1>\n<p>[\/vc_column_text][vc_empty_space height=&#8221;22px&#8221;][vc_column_text]<\/p>\n<h3>Registrerings-, \u00e5rs- och \u00e5tervinningsavgifter<\/h3>\n<p>[\/vc_column_text][\/vc_column_inner][\/vc_row_inner][vc_row_inner row_type=&#8221;row&#8221; type=&#8221;full_width&#8221; text_align=&#8221;left&#8221; css_animation=&#8221;&#8221;][vc_column_inner width=&#8221;5\/6&#8243; offset=&#8221;vc_col-lg-offset-1 vc_col-lg-10&#8243; css=&#8221;.vc_custom_1522197470337{padding-right: 6% !important;padding-left: 6% !important;}&#8221;][vc_column_text]I samband med registreringen debiteras en eng\u00e5ngs registreringsavgift av varje producent. Avgiften \u00e4r 200\u2013700 \u20ac (+ moms) beroende p\u00e5 f\u00f6r hur m\u00e5nga batteri- och ackumulatorklasser producentansvaret \u00f6verf\u00f6rs till Recser Oy.<\/p>\n<p>En aktuell prislista hittar du <a href=\"https:\/\/www.paristokierratys.fi\/en\/producers-extranet\/price-list\/\" target=\"_blank\" rel=\"noopener\">h\u00e4r<\/a>.<\/p>\n<p>\u00c5tervinningsavgiften varierar enligt den m\u00e4ngd batterier och ackumulatorer som satts p\u00e5 marknaden samt deras \u00e5tervinningsbarhet. \u00c5tervinningsavgift betalas f\u00f6r alla b\u00e4rbara batterier och ackumulatorer, samt alla s.k. industriackumulatorer och litium-bilackumulatorer vilka kan anses b\u00e4rbara, som satts p\u00e5 marknaden.<\/p>\n<p>I och med att Recsers producentansvarsomr\u00e5de utvidgas inf\u00f6rs \u00e5tervinningsavgifter f\u00f6r stora industribatterier i augusti 2025, och eventuellt \u00e4ven andra avgiftsandelar som definieras av producentgemenskapen. L\u00e4s mer om utvidgningen av producentansvarsomr\u00e5det i v\u00e5r <a href=\"https:\/\/www.paristokierratys.fi\/en\/blog\/2025\/03\/10\/solution-for-producer-responsibility-of-large-industrial-batteries-four-companies-expanding-recser\/\">artikel<\/a>.<\/p>\n<p>Ju fler producenter som deltar i f\u00f6rdelningen av kostnaderna, desto l\u00e4gre blir avgifterna. D\u00e4rf\u00f6r \u00e4r det viktigt att ingen producent l\u00e5ter andra betala sina avfallshanteringsavgifter.[\/vc_column_text][vc_single_image image=&#8221;10888&#8243; img_size=&#8221;full&#8221; add_caption=&#8221;yes&#8221; qode_css_animation=&#8221;&#8221;][\/vc_column_inner][\/vc_row_inner][\/vc_column][\/vc_row][vc_row css_animation=&#8221;&#8221; row_type=&#8221;row&#8221; use_row_as_full_screen_section=&#8221;no&#8221; type=&#8221;full_width&#8221; angled_section=&#8221;no&#8221; text_align=&#8221;left&#8221; background_image_as_pattern=&#8221;without_pattern&#8221;][vc_column][vc_empty_space height=&#8221;50px&#8221;][\/vc_column][\/vc_row]<\/p>\n<\/div>","protected":false},"excerpt":{"rendered":"<p>[vc_row css_animation=&#8221;&#8221; row_type=&#8221;row&#8221; use_row_as_full_screen_section=&#8221;no&#8221; type=&#8221;grid&#8221; angled_section=&#8221;no&#8221; text_align=&#8221;left&#8221; background_image_as_pattern=&#8221;without_pattern&#8221; css=&#8221;.vc_custom_1510096609096{background-position: center !important;background-repeat: no-repeat !important;background-size: cover !important;}&#8221;][vc_column css=&#8221;.vc_custom_1515873479310{padding-top: 1% !important;padding-right: 8% !important;padding-left: 8% !important;}&#8221;][vc_row_inner row_type=&#8221;row&#8221; type=&#8221;full_width&#8221; text_align=&#8221;left&#8221; css_animation=&#8221;&#8221;][vc_column_inner width=&#8221;5\/6&#8243; offset=&#8221;vc_col-lg-offset-1 vc_col-lg-10&#8243; css=&#8221;.vc_custom_1522197466124{padding-right: 6% !important;padding-left: 6% !important;}&#8221;][vc_column_text]Vad \u00e4r producentansvar?\u00a0\/ Producentansvaret i lagstiftningen \/ Klassificering av batterier \/ Registrering&#8230;<\/p>\n","protected":false},"author":1,"featured_media":0,"parent":7945,"menu_order":4,"comment_status":"closed","ping_status":"closed","template":"full_width.php","meta":{"footnotes":""},"class_list":["post-2914","page","type-page","status-publish","hentry"],"yoast_head":"<!-- This site is optimized with the Yoast SEO plugin v26.8 - https:\/\/yoast.com\/product\/yoast-seo-wordpress\/ -->\n<title>Avgifter - Paristokierr\u00e4tys<\/title>\n<meta name=\"robots\" content=\"index, follow, max-snippet:-1, max-image-preview:large, max-video-preview:-1\" \/>\n<link rel=\"canonical\" href=\"https:\/\/www.paristokierratys.fi\/sv\/for-producenter\/avgifter\/\" \/>\n<meta property=\"og:locale\" content=\"sv_SE\" \/>\n<meta property=\"og:type\" content=\"article\" \/>\n<meta property=\"og:title\" content=\"Avgifter - Paristokierr\u00e4tys\" \/>\n<meta property=\"og:description\" content=\"[vc_row css_animation=&#8221;&#8221; row_type=&#8221;row&#8221; use_row_as_full_screen_section=&#8221;no&#8221; type=&#8221;grid&#8221; angled_section=&#8221;no&#8221; text_align=&#8221;left&#8221; background_image_as_pattern=&#8221;without_pattern&#8221; css=&#8221;.vc_custom_1510096609096{background-position: center !important;background-repeat: no-repeat !important;background-size: cover !important;}&#8221;][vc_column css=&#8221;.vc_custom_1515873479310{padding-top: 1% !important;padding-right: 8% !important;padding-left: 8% !important;}&#8221;][vc_row_inner row_type=&#8221;row&#8221; type=&#8221;full_width&#8221; text_align=&#8221;left&#8221; css_animation=&#8221;&#8221;][vc_column_inner width=&#8221;5\/6&#8243; offset=&#8221;vc_col-lg-offset-1 vc_col-lg-10&#8243; css=&#8221;.vc_custom_1522197466124{padding-right: 6% !important;padding-left: 6% !important;}&#8221;][vc_column_text]Vad \u00e4r producentansvar?\u00a0\/ Producentansvaret i lagstiftningen \/ Klassificering av batterier \/ Registrering...\" \/>\n<meta property=\"og:url\" content=\"https:\/\/www.paristokierratys.fi\/sv\/for-producenter\/avgifter\/\" \/>\n<meta property=\"og:site_name\" content=\"Paristokierr\u00e4tys\" \/>\n<meta property=\"article:modified_time\" content=\"2026-02-03T10:16:43+00:00\" \/>\n<meta name=\"twitter:card\" content=\"summary_large_image\" \/>\n<meta name=\"twitter:label1\" content=\"Ber\u00e4knad l\u00e4stid\" \/>\n\t<meta name=\"twitter:data1\" content=\"2 minuter\" \/>\n<script type=\"application\/ld+json\" class=\"yoast-schema-graph\">{\"@context\":\"https:\/\/schema.org\",\"@graph\":[{\"@type\":\"WebPage\",\"@id\":\"https:\/\/www.paristokierratys.fi\/sv\/for-producenter\/avgifter\/\",\"url\":\"https:\/\/www.paristokierratys.fi\/sv\/for-producenter\/avgifter\/\",\"name\":\"Avgifter - Paristokierr\u00e4tys\",\"isPartOf\":{\"@id\":\"https:\/\/www.paristokierratys.fi\/#website\"},\"datePublished\":\"2018-04-01T22:35:06+00:00\",\"dateModified\":\"2026-02-03T10:16:43+00:00\",\"breadcrumb\":{\"@id\":\"https:\/\/www.paristokierratys.fi\/sv\/for-producenter\/avgifter\/#breadcrumb\"},\"inLanguage\":\"sv-SE\",\"potentialAction\":[{\"@type\":\"ReadAction\",\"target\":[\"https:\/\/www.paristokierratys.fi\/sv\/for-producenter\/avgifter\/\"]}]},{\"@type\":\"BreadcrumbList\",\"@id\":\"https:\/\/www.paristokierratys.fi\/sv\/for-producenter\/avgifter\/#breadcrumb\",\"itemListElement\":[{\"@type\":\"ListItem\",\"position\":1,\"name\":\"Home\",\"item\":\"https:\/\/www.paristokierratys.fi\/sv\/\"},{\"@type\":\"ListItem\",\"position\":2,\"name\":\"Vad \u00e4r producentansvar?\",\"item\":\"https:\/\/www.paristokierratys.fi\/sv\/for-producenter\/\"},{\"@type\":\"ListItem\",\"position\":3,\"name\":\"Avgifter\"}]},{\"@type\":\"WebSite\",\"@id\":\"https:\/\/www.paristokierratys.fi\/#website\",\"url\":\"https:\/\/www.paristokierratys.fi\/\",\"name\":\"Paristokierr\u00e4tys\",\"description\":\"Paristokierr\u00e4tyst\u00e4 Suomessa organisoi tuottajayhteis\u00f6 Recser Oy, joka edustaa yli 500:aa paristojen ja akkujen tuottajaa.\",\"potentialAction\":[{\"@type\":\"SearchAction\",\"target\":{\"@type\":\"EntryPoint\",\"urlTemplate\":\"https:\/\/www.paristokierratys.fi\/?s={search_term_string}\"},\"query-input\":{\"@type\":\"PropertyValueSpecification\",\"valueRequired\":true,\"valueName\":\"search_term_string\"}}],\"inLanguage\":\"sv-SE\"}]}<\/script>\n<!-- \/ Yoast SEO plugin. -->","yoast_head_json":{"title":"Avgifter - Paristokierr\u00e4tys","robots":{"index":"index","follow":"follow","max-snippet":"max-snippet:-1","max-image-preview":"max-image-preview:large","max-video-preview":"max-video-preview:-1"},"canonical":"https:\/\/www.paristokierratys.fi\/sv\/for-producenter\/avgifter\/","og_locale":"sv_SE","og_type":"article","og_title":"Avgifter - Paristokierr\u00e4tys","og_description":"[vc_row css_animation=&#8221;&#8221; row_type=&#8221;row&#8221; use_row_as_full_screen_section=&#8221;no&#8221; type=&#8221;grid&#8221; angled_section=&#8221;no&#8221; text_align=&#8221;left&#8221; background_image_as_pattern=&#8221;without_pattern&#8221; css=&#8221;.vc_custom_1510096609096{background-position: center !important;background-repeat: no-repeat !important;background-size: cover !important;}&#8221;][vc_column css=&#8221;.vc_custom_1515873479310{padding-top: 1% !important;padding-right: 8% !important;padding-left: 8% !important;}&#8221;][vc_row_inner row_type=&#8221;row&#8221; type=&#8221;full_width&#8221; text_align=&#8221;left&#8221; css_animation=&#8221;&#8221;][vc_column_inner width=&#8221;5\/6&#8243; offset=&#8221;vc_col-lg-offset-1 vc_col-lg-10&#8243; css=&#8221;.vc_custom_1522197466124{padding-right: 6% !important;padding-left: 6% !important;}&#8221;][vc_column_text]Vad \u00e4r producentansvar?\u00a0\/ Producentansvaret i lagstiftningen \/ Klassificering av batterier \/ Registrering...","og_url":"https:\/\/www.paristokierratys.fi\/sv\/for-producenter\/avgifter\/","og_site_name":"Paristokierr\u00e4tys","article_modified_time":"2026-02-03T10:16:43+00:00","twitter_card":"summary_large_image","twitter_misc":{"Ber\u00e4knad l\u00e4stid":"2 minuter"},"schema":{"@context":"https:\/\/schema.org","@graph":[{"@type":"WebPage","@id":"https:\/\/www.paristokierratys.fi\/sv\/for-producenter\/avgifter\/","url":"https:\/\/www.paristokierratys.fi\/sv\/for-producenter\/avgifter\/","name":"Avgifter - Paristokierr\u00e4tys","isPartOf":{"@id":"https:\/\/www.paristokierratys.fi\/#website"},"datePublished":"2018-04-01T22:35:06+00:00","dateModified":"2026-02-03T10:16:43+00:00","breadcrumb":{"@id":"https:\/\/www.paristokierratys.fi\/sv\/for-producenter\/avgifter\/#breadcrumb"},"inLanguage":"sv-SE","potentialAction":[{"@type":"ReadAction","target":["https:\/\/www.paristokierratys.fi\/sv\/for-producenter\/avgifter\/"]}]},{"@type":"BreadcrumbList","@id":"https:\/\/www.paristokierratys.fi\/sv\/for-producenter\/avgifter\/#breadcrumb","itemListElement":[{"@type":"ListItem","position":1,"name":"Home","item":"https:\/\/www.paristokierratys.fi\/sv\/"},{"@type":"ListItem","position":2,"name":"Vad \u00e4r producentansvar?","item":"https:\/\/www.paristokierratys.fi\/sv\/for-producenter\/"},{"@type":"ListItem","position":3,"name":"Avgifter"}]},{"@type":"WebSite","@id":"https:\/\/www.paristokierratys.fi\/#website","url":"https:\/\/www.paristokierratys.fi\/","name":"Paristokierr\u00e4tys","description":"Paristokierr\u00e4tyst\u00e4 Suomessa organisoi tuottajayhteis\u00f6 Recser Oy, joka edustaa yli 500:aa paristojen ja akkujen tuottajaa.","potentialAction":[{"@type":"SearchAction","target":{"@type":"EntryPoint","urlTemplate":"https:\/\/www.paristokierratys.fi\/?s={search_term_string}"},"query-input":{"@type":"PropertyValueSpecification","valueRequired":true,"valueName":"search_term_string"}}],"inLanguage":"sv-SE"}]}},"_links":{"self":[{"href":"https:\/\/www.paristokierratys.fi\/sv\/wp-json\/wp\/v2\/pages\/2914","targetHints":{"allow":["GET"]}}],"collection":[{"href":"https:\/\/www.paristokierratys.fi\/sv\/wp-json\/wp\/v2\/pages"}],"about":[{"href":"https:\/\/www.paristokierratys.fi\/sv\/wp-json\/wp\/v2\/types\/page"}],"author":[{"embeddable":true,"href":"https:\/\/www.paristokierratys.fi\/sv\/wp-json\/wp\/v2\/users\/1"}],"replies":[{"embeddable":true,"href":"https:\/\/www.paristokierratys.fi\/sv\/wp-json\/wp\/v2\/comments?post=2914"}],"version-history":[{"count":24,"href":"https:\/\/www.paristokierratys.fi\/sv\/wp-json\/wp\/v2\/pages\/2914\/revisions"}],"predecessor-version":[{"id":17593,"href":"https:\/\/www.paristokierratys.fi\/sv\/wp-json\/wp\/v2\/pages\/2914\/revisions\/17593"}],"up":[{"embeddable":true,"href":"https:\/\/www.paristokierratys.fi\/sv\/wp-json\/wp\/v2\/pages\/7945"}],"wp:attachment":[{"href":"https:\/\/www.paristokierratys.fi\/sv\/wp-json\/wp\/v2\/media?parent=2914"}],"curies":[{"name":"wp","href":"https:\/\/api.w.org\/{rel}","templated":true}]}}