{"id":2840,"date":"2018-04-01T23:54:33","date_gmt":"2018-04-01T20:54:33","guid":{"rendered":"http:\/\/31.217.192.104\/~recserfi\/recser\/for-butiker\/avhamtning-av-batteritransportlada\/"},"modified":"2024-05-15T09:46:57","modified_gmt":"2024-05-15T06:46:57","slug":"avhamtning-av-batteritransportlada","status":"publish","type":"page","link":"https:\/\/www.paristokierratys.fi\/sv\/for-butiker\/avhamtning-av-batteritransportlada\/","title":{"rendered":"Avh\u00e4mtning av batteritransportl\u00e5da"},"content":{"rendered":"<div class=\"wpb-content-wrapper\"><p>[vc_row css_animation=&#8221;&#8221; row_type=&#8221;row&#8221; use_row_as_full_screen_section=&#8221;no&#8221; type=&#8221;grid&#8221; angled_section=&#8221;no&#8221; text_align=&#8221;left&#8221; background_image_as_pattern=&#8221;without_pattern&#8221; css=&#8221;.vc_custom_1510096609096{background-position: center !important;background-repeat: no-repeat !important;background-size: cover !important;}&#8221;][vc_column css=&#8221;.vc_custom_1515876695481{padding-top: 1% !important;padding-right: 8% !important;padding-left: 8% !important;}&#8221;][vc_row_inner row_type=&#8221;row&#8221; type=&#8221;full_width&#8221; text_align=&#8221;left&#8221; css_animation=&#8221;&#8221;][vc_column_inner width=&#8221;5\/6&#8243; offset=&#8221;vc_col-lg-offset-1 vc_col-lg-10&#8243; css=&#8221;.vc_custom_1515876867411{padding-right: 6% !important;padding-left: 6% !important;}&#8221;][vc_column_text]<\/p>\n<p style=\"font-weight: 400\"><a href=\"https:\/\/www.paristokierratys.fi\/sv\/for-butiker\/\">Paristoker\u00e4ys organiseras av Recser Oy<\/a>\u00a0\/\u00a0<a href=\"https:\/\/www.paristokierratys.fi\/sv\/for-butiker\/saljarens-skyldighet-att-ta-emot-batterier-och-ackumulatorer\/\">S\u00e4ljarens skyldighet<\/a>\u00a0\/\u00a0<a href=\"https:\/\/www.paristokierratys.fi\/sv\/for-butiker\/ovriga-insamlingsplatser\/\">\u00d6vriga insamlingsplatser<\/a>\u00a0\/\u00a0<a href=\"https:\/\/www.paristokierratys.fi\/sv\/for-butiker\/kommunikationsmaterial\/\">Kommunikationsmaterial<\/a>\u00a0\/\u00a0<a href=\"https:\/\/www.paristokierratys.fi\/sv\/for-butiker\/information-om-insamlingen-av-batterilador\/\">Information om insamlingen av batteril\u00e5dor<\/a>\u00a0\/ \u00a0<a href=\"https:\/\/www.paristokierratys.fi\/sv\/for-butiker\/bestallning-av-batteritransportlada\/\">Best\u00e4llning av batteritransportl\u00e5da<\/a> \/ Best\u00e4llning av avh\u00e4mtning av fyllda batteritransportl\u00e5dor\u00a0\/ <a href=\"https:\/\/www.paristokierratys.fi\/sv\/for-butiker\/faq-butiksinsamling-och-batterilador\/\">FAQ butiksinsamling och batteril\u00e5dor<\/a>\u00a0\/\u00a0<a href=\"https:\/\/www.paristokierratys.fi\/sv\/for-butiker\/information-om-insamling-i-batteritunnor\/\">Information om insamling i batteritunnor<\/a>\u00a0\/\u00a0<a href=\"https:\/\/www.paristokierratys.fi\/sv\/for-butiker\/ta-batteritunnorna-i-bruk\/\">Ta batteritunnorna i bruk<\/a>\u00a0\/ <a href=\"https:\/\/www.paristokierratys.fi\/sv\/for-butiker\/bestallning-av-avhamtning-av-fyllda-batteritransportlador\/\">Best\u00e4ll avh\u00e4mtning av fyllda batteritunnor<\/a> \/\u00a0<a href=\"https:\/\/www.paristokierratys.fi\/sv\/for-butiker\/faq-butiksinsamling-och-batteritunnor\/\">FAQ butiksinsamling och batteritunnor<\/a><\/p>\n<p>[\/vc_column_text][vc_separator type=&#8221;normal&#8221; thickness=&#8221;1&#8243; up=&#8221;20&#8243; down=&#8221;30&#8243;][vc_column_text]<\/p>\n<h1>Best\u00e4llning av avh\u00e4mtning av fyllda batteritransportl\u00e5dor<\/h1>\n<p>[\/vc_column_text][vc_empty_space height=&#8221;22px&#8221;][vc_column_text]<\/p>\n<h3>Du kan best\u00e4lla kostnadsfri upph\u00e4mtning f\u00f6r en full transportl\u00e5da genom upph\u00e4mtningsbest\u00e4llningssystemet.<\/h3>\n<p><img loading=\"lazy\" decoding=\"async\" class=\"alignnone wp-image-10618\" src=\"https:\/\/www.paristokierratys.fi\/wp-content\/uploads\/2022\/10\/patterikierratys-2018-lowres_-\u2013-kopio-300x179.jpg\" alt=\"\" width=\"669\" height=\"399\" srcset=\"https:\/\/www.paristokierratys.fi\/wp-content\/uploads\/2022\/10\/patterikierratys-2018-lowres_-\u2013-kopio-300x179.jpg 300w, https:\/\/www.paristokierratys.fi\/wp-content\/uploads\/2022\/10\/patterikierratys-2018-lowres_-\u2013-kopio-1024x612.jpg 1024w, https:\/\/www.paristokierratys.fi\/wp-content\/uploads\/2022\/10\/patterikierratys-2018-lowres_-\u2013-kopio-768x459.jpg 768w, https:\/\/www.paristokierratys.fi\/wp-content\/uploads\/2022\/10\/patterikierratys-2018-lowres_-\u2013-kopio-1536x918.jpg 1536w, https:\/\/www.paristokierratys.fi\/wp-content\/uploads\/2022\/10\/patterikierratys-2018-lowres_-\u2013-kopio-700x418.jpg 700w, https:\/\/www.paristokierratys.fi\/wp-content\/uploads\/2022\/10\/patterikierratys-2018-lowres_-\u2013-kopio.jpg 1891w\" sizes=\"auto, (max-width: 669px) 100vw, 669px\" \/>[\/vc_column_text][\/vc_column_inner][\/vc_row_inner][vc_row_inner row_type=&#8221;row&#8221; type=&#8221;full_width&#8221; text_align=&#8221;left&#8221; css_animation=&#8221;&#8221;][vc_column_inner width=&#8221;5\/6&#8243; offset=&#8221;vc_col-lg-offset-1 vc_col-lg-10 vc_col-md-offset-0 vc_col-sm-offset-0&#8243; css=&#8221;.vc_custom_1517390839895{padding-right: 6% !important;padding-left: 6% !important;}&#8221;][vc_empty_space height=&#8221;5px&#8221;][vc_column_text]<\/p>\n<h2>Best\u00e4ll avh\u00e4mtning via best\u00e4llningssystemet:<\/h2>\n<p>[\/vc_column_text][\/vc_column_inner][\/vc_row_inner][vc_row_inner row_type=&#8221;row&#8221; type=&#8221;full_width&#8221; text_align=&#8221;left&#8221; css_animation=&#8221;&#8221;][vc_column_inner width=&#8221;7\/12&#8243; offset=&#8221;vc_col-lg-offset-1 vc_col-lg-7 vc_col-md-offset-0 vc_col-md-8 vc_col-sm-offset-0 vc_col-xs-10&#8243; css=&#8221;.vc_custom_1668154016334{margin-top: 25px !important;margin-right: 9% !important;margin-left: 9% !important;border-top-width: 1px !important;border-right-width: 1px !important;border-bottom-width: 1px !important;border-left-width: 1px !important;padding-top: 0px !important;padding-right: 0px !important;padding-bottom: 20px !important;padding-left: 0px !important;background-color: #f9f6f2 !important;border-left-color: #f4e4be !important;border-left-style: solid !important;border-right-color: #f4e4be !important;border-right-style: solid !important;border-top-color: #f4e4be !important;border-top-style: solid !important;border-bottom-color: #f4e4be !important;border-bottom-style: solid !important;border-radius: 5px !important;}&#8221;][vc_column_text]<\/p>\n<p style=\"text-align: center\"><span style=\"font-size: 110%\"><a href=\"https:\/\/noutotilaus.myfetch.fi\/\" target=\"_blank\" rel=\"noopener noreferrer\"><span   class=\"qode_icon_shortcode  q_font_awsome_icon fa-lg  \" style=\"margin: 0 7px 0 0; \"><i class=\"qode_icon_font_awesome fa fa-file-text-o qode_icon_element\" style=\"color: #555555;\" ><\/i><\/span> G\u00e5 till systemet f\u00f6r best\u00e4llning av avh\u00e4mtning (p\u00e5 finska)<\/a><\/span><\/p>\n<p>[\/vc_column_text][\/vc_column_inner][\/vc_row_inner][vc_row_inner row_type=&#8221;row&#8221; type=&#8221;full_width&#8221; text_align=&#8221;left&#8221; css_animation=&#8221;&#8221;][vc_column_inner width=&#8221;5\/6&#8243; offset=&#8221;vc_col-lg-offset-1 vc_col-lg-10&#8243; css=&#8221;.vc_custom_1581932990895{padding-top: 20px !important;padding-right: 6% !important;padding-left: 6% !important;}&#8221;][vc_column_text]<strong>F\u00f6r att anv\u00e4nda tj\u00e4nsten beh\u00f6ver du insamlingspunkten ID-nummer.<\/strong> Om du inte vet eller kommer ih\u00e5g ID-numret f\u00f6r din insamlingspunkt, best\u00e4ll ID-numret <a href=\"https:\/\/www.paristokierratys.fi\/sv\/for-butiker\/bestallning-av-batteritransportlada\/\">h\u00e4r<\/a>. Vid problem, kontakta oss via e-post p\u00e5 kuljetukset(a)recser.fi.<\/p>\n<p>Obs! Gemensam avh\u00e4mtning av EE-apparater samt batterier och ackumulatorer g\u00f6rs inte.[\/vc_column_text][\/vc_column_inner][\/vc_row_inner][vc_row_inner row_type=&#8221;row&#8221; type=&#8221;full_width&#8221; text_align=&#8221;left&#8221; css_animation=&#8221;&#8221;][vc_column_inner width=&#8221;5\/6&#8243; offset=&#8221;vc_col-lg-offset-1 vc_col-lg-10 vc_col-md-offset-0 vc_col-sm-offset-0&#8243; css=&#8221;.vc_custom_1517390839895{padding-right: 6% !important;padding-left: 6% !important;}&#8221;][vc_column_text]<\/p>\n<h2>Anvisningar f\u00f6r att g\u00f6ra en avh\u00e4mtningsbest\u00e4llning via best\u00e4llningssystemet:<\/h2>\n<p>[\/vc_column_text][\/vc_column_inner][\/vc_row_inner][vc_row_inner row_type=&#8221;row&#8221; type=&#8221;full_width&#8221; text_align=&#8221;left&#8221; css_animation=&#8221;&#8221;][vc_column_inner width=&#8221;5\/6&#8243; offset=&#8221;vc_col-lg-offset-1 vc_col-lg-10&#8243; css=&#8221;.vc_custom_1581932990895{padding-top: 20px !important;padding-right: 6% !important;padding-left: 6% !important;}&#8221;][vc_column_text]<\/p>\n<ol>\n<li>Mata in ditt uppsamlingsplatsens ID-nummer vid \u201dAnna ker\u00e4yspistenumerosi\u201d (Ange ditt uppsamlingsplatsnumret) och klicka p\u00e5 \u201dJatka\u201d (G\u00e5 vidare).<\/li>\n<li>Genom att klicka p\u00e5 plusknappen som finns bredvid texten \u201dNouto t\u00e4ydelle paristolaatikolle\u201d kan du l\u00e4gga till antalet l\u00e5dor som ska avh\u00e4mtas. Du f\u00e5r automatiskt samma antal tomma l\u00e5dor som antalet fulla l\u00e5dor som avh\u00e4mtas. Om du vill kan du \u00e4ndra antalet tomma och fulla l\u00e5dor fr\u00e5n plus- och minusknapparna. De tomma l\u00e5dorna syns p\u00e5 h\u00f6ger sida om de l\u00e5dor som ska h\u00e4mtas &#8221;Tyhj\u00e4 paristolaatikko&#8221;.<\/li>\n<li>Mata in de beg\u00e4rda uppgifterna i systemet: Uppsamlingsplatsens \u201dPostinumero\u201d (Postnummer), \u201dKaupunki\u201d (Stad), \u201dKatuosoite\u201d (Gatuadress).<\/li>\n<li>Ange uppgifterna i f\u00e4lten: \u201dY-tunnus\u201d (f\u00f6retagets FO-nummer), \u201dKer\u00e4yspisteen nimi\u201d (Uppsamlingsplatsens namn), \u201dEtunimi\u201d (Kontaktpersonens f\u00f6rnamn), \u201dSukunimi\u201d (Kontaktpersonens efternamn), \u201dS\u00e4hk\u00f6postiosoite\u201d (uppsamlingsplatsens e-postadress, g\u00e4rna en allm\u00e4n adress till exempel info(a)butiken.fi) och \u201d358\u201d (Telefonnummer).<\/li>\n<li>Meddela vid behov n\u00e4rmare avh\u00e4mtningsuppgifter till chauff\u00f6ren \u201dAnna lis\u00e4tietoja kuljettajalle\u201d (Ge mer information till chauff\u00f6ren, <span class=\"jCAhz ChMk0b\"><span class=\"ryNqvb\">t.ex.<\/span><\/span> <span class=\"jCAhz ChMk0b\"><span class=\"ryNqvb\">\u00f6ppettider, d\u00f6rrkod<\/span><\/span>) i det tomma f\u00e4ltet.<\/li>\n<li>Skicka best\u00e4llningen genom att klicka p\u00e5 \u201dL\u00e4het\u00e4 tilaus\u201d.<\/li>\n<li>Orderbekr\u00e4ftelse, \u00f6verf\u00f6ringsdokument och kollietiketter skickas per e-post. Uppsamlingsplatsen beh\u00f6ver inte skriva ut \u00f6verf\u00f6ringsdokumentet eller kollietiketterna, utan chauff\u00f6ren har dem med sig vi avh\u00e4mtningen av best\u00e4llningen. Avh\u00e4mtningen sker inom sju vardagar. Packa l\u00e5dan som ska avh\u00e4mtas f\u00e4rdigt f\u00f6r avh\u00e4mtningen.<\/li>\n<\/ol>\n<p>[\/vc_column_text][\/vc_column_inner][\/vc_row_inner][vc_row_inner row_type=&#8221;row&#8221; type=&#8221;full_width&#8221; text_align=&#8221;left&#8221; css_animation=&#8221;&#8221;][vc_column_inner width=&#8221;5\/6&#8243; offset=&#8221;vc_col-lg-offset-1 vc_col-lg-10&#8243; css=&#8221;.vc_custom_1581932990895{padding-top: 20px !important;padding-right: 6% !important;padding-left: 6% !important;}&#8221;][vc_column_text]<\/p>\n<h2>Anvisningar f\u00f6r telefonbest\u00e4llning:<\/h2>\n<p>[\/vc_column_text][vc_column_text]Om du inte kan l\u00e4gga en best\u00e4llning online kan du g\u00f6ra det per telefon p\u00e5 vardagar fr\u00e5n kl. 8 till kl. 16 p\u00e5 +358 (0)30 6363 733.<\/p>\n<p>Vid problem kontakta kuljetukset(a)recser.fi.<\/p>\n<p><span class=\"SpellingError BCX0 SCXO235227143\">Anvisningarna<\/span><span class=\"NormalTextRun BCX0 SCXO235227143\">\u00a0<\/span><span class=\"SpellingError BCX0 SCXO235227143\">f\u00f6r<\/span><span class=\"NormalTextRun BCX0 SCXO235227143\">\u00a0<\/span><span class=\"SpellingError BCX0 SCXO235227143\">hur<\/span><span class=\"NormalTextRun BCX0 SCXO235227143\">\u00a0man\u00a0<\/span><span class=\"SpellingError BCX0 SCXO235227143\">g\u00f6r<\/span><span class=\"NormalTextRun BCX0 SCXO235227143\">\u00a0<\/span><span class=\"SpellingError BCX0 SCXO235227143\">en<\/span><span class=\"NormalTextRun BCX0 SCXO235227143\">\u00a0<\/span><span class=\"SpellingError BCX0 SCXO235227143\">avh\u00e4mtningsbest\u00e4llning<\/span><span class=\"NormalTextRun BCX0 SCXO235227143\">\u00a0<\/span><span class=\"SpellingError BCX0 SCXO235227143\">i<\/span><span class=\"NormalTextRun BCX0 SCXO235227143\">\u00a0<\/span><span class=\"SpellingError BCX0 SCXO235227143\">\u00c5land<\/span><span class=\"NormalTextRun BCX0 SCXO235227143\">\u00a0<\/span><span class=\"SpellingError BCX0 SCXO235227143\"><a href=\"https:\/\/www.paristokierratys.fi\/wp-content\/uploads\/2021\/08\/Anvisningar_for_batteriinsamling_Aland.pdf\" target=\"_blank\" rel=\"noopener\">h\u00e4r<\/a>.\u00a0<\/span><\/p>\n<p>Samtalspriset \u00e4r mobilavgiften (msa) n\u00e4r du ringer med en mobiltelefon och lokaln\u00e4tsavgiften (lna) n\u00e4r du ringer med en fast telefon. Samtalspriset best\u00e4ms baserat p\u00e5 abonnemangsavtalet f\u00f6r den som ringer.[\/vc_column_text][vc_column_text]<\/p>\n<h2>Anvisningar f\u00f6r packning av batterierna inf\u00f6r transport:<\/h2>\n<p>[\/vc_column_text][vc_column_text]V\u00e5ra transportsamarbetspartner avh\u00e4mtar endast de transportemballage eller andra UN-godk\u00e4nda transportk\u00e4rl som Recser Oy har levererat. Observera att avs\u00e4ndaren svarar f\u00f6r att anv\u00e4nda batterier och ackumulatorer som \u00f6verl\u00e4mnas f\u00f6r transport \u00e4r klassificerade, f\u00f6rpackade, m\u00e4rkta och dokumenterade p\u00e5 det s\u00e4tt som lagstiftningen kr\u00e4ver.<\/p>\n<p><strong>Chauff\u00f6ren har med sig n\u00f6dv\u00e4ndiga transportdokument och kollietiketter.\u00a0<\/strong> Transportdokumenten best\u00e5r av forsedel och kollispecifika adressetiketter. I enlighet med avfallslagens krav p\u00e5 transportdokument ska avs\u00e4ndaren f\u00f6rvara fraktsedeln i tre \u00e5r.<\/p>\n<p>Packa l\u00e5dan som ska avh\u00e4mtas f\u00e4rdigt f\u00f6r avh\u00e4mtningen.[\/vc_column_text][vc_column_text]<\/p>\n<h2>\u00d6vrigt att beakta:<\/h2>\n<p>[\/vc_column_text][vc_column_text]<strong>Den fulla l\u00e5dan h\u00e4mtas inom 9 dagar fr\u00e5n best\u00e4llningen och nya l\u00e5dor levereras automatiskt i samband med avh\u00e4mtningen. <\/strong>Transportl\u00e5dor f\u00e5r endast \u00f6verl\u00e5tas till chauff\u00f6ren mot transportdokumenten!<\/p>\n<p>Uppgifterna i formul\u00e4ret sparas i registret \u00f6ver insamlingsplatser. Personuppgifterna i detta register anv\u00e4nds endast f\u00f6r relevanta \u00e4ndam\u00e5l med tanke p\u00e5 Recser Oy:s lagstadgade avh\u00e4mtningsskyldighet, till exempel f\u00f6r utf\u00f6rande av avh\u00e4mtningsuppgift och informering om anvisningar.\u00a0<a href=\"https:\/\/www.paristokierratys.fi\/wp-content\/uploads\/2022\/03\/Recser-Insamlingsplatser-Dataskyddsbeskrivning-2022.pdf\" target=\"_blank\" rel=\"noopener\"><em>Recser Oy Insamlingspunkter Dataskyddsbeskrivning<\/em><\/a>. Mer information: info(a)recser.fi[\/vc_column_text][\/vc_column_inner][\/vc_row_inner][\/vc_column][\/vc_row][vc_row css_animation=&#8221;&#8221; row_type=&#8221;row&#8221; use_row_as_full_screen_section=&#8221;no&#8221; type=&#8221;full_width&#8221; angled_section=&#8221;no&#8221; text_align=&#8221;left&#8221; background_image_as_pattern=&#8221;without_pattern&#8221;][vc_column][vc_empty_space height=&#8221;50px&#8221;][\/vc_column][\/vc_row]<\/p>\n<\/div>","protected":false},"excerpt":{"rendered":"<p>[vc_row css_animation=&#8221;&#8221; row_type=&#8221;row&#8221; use_row_as_full_screen_section=&#8221;no&#8221; type=&#8221;grid&#8221; angled_section=&#8221;no&#8221; text_align=&#8221;left&#8221; background_image_as_pattern=&#8221;without_pattern&#8221; css=&#8221;.vc_custom_1510096609096{background-position: center !important;background-repeat: no-repeat !important;background-size: cover !important;}&#8221;][vc_column css=&#8221;.vc_custom_1515876695481{padding-top: 1% !important;padding-right: 8% !important;padding-left: 8% !important;}&#8221;][vc_row_inner row_type=&#8221;row&#8221; type=&#8221;full_width&#8221; text_align=&#8221;left&#8221; css_animation=&#8221;&#8221;][vc_column_inner width=&#8221;5\/6&#8243; offset=&#8221;vc_col-lg-offset-1 vc_col-lg-10&#8243; css=&#8221;.vc_custom_1515876867411{padding-right: 6% !important;padding-left: 6% !important;}&#8221;][vc_column_text] Paristoker\u00e4ys organiseras av Recser Oy\u00a0\/\u00a0S\u00e4ljarens skyldighet\u00a0\/\u00a0\u00d6vriga insamlingsplatser\u00a0\/\u00a0Kommunikationsmaterial\u00a0\/\u00a0Information om insamlingen av batteril\u00e5dor\u00a0\/&#8230;<\/p>\n","protected":false},"author":1,"featured_media":0,"parent":7804,"menu_order":0,"comment_status":"closed","ping_status":"closed","template":"full_width.php","meta":{"footnotes":""},"class_list":["post-2840","page","type-page","status-publish","hentry"],"yoast_head":"<!-- This site is optimized with the Yoast SEO plugin v26.8 - https:\/\/yoast.com\/product\/yoast-seo-wordpress\/ -->\n<title>Avh\u00e4mtning av batteritransportl\u00e5da - Paristokierr\u00e4tys<\/title>\n<meta name=\"robots\" content=\"index, follow, max-snippet:-1, max-image-preview:large, max-video-preview:-1\" \/>\n<link rel=\"canonical\" href=\"https:\/\/www.paristokierratys.fi\/sv\/for-butiker\/avhamtning-av-batteritransportlada\/\" \/>\n<meta property=\"og:locale\" content=\"sv_SE\" \/>\n<meta property=\"og:type\" content=\"article\" \/>\n<meta property=\"og:title\" content=\"Avh\u00e4mtning av batteritransportl\u00e5da - Paristokierr\u00e4tys\" \/>\n<meta property=\"og:description\" content=\"[vc_row css_animation=&#8221;&#8221; row_type=&#8221;row&#8221; use_row_as_full_screen_section=&#8221;no&#8221; type=&#8221;grid&#8221; angled_section=&#8221;no&#8221; text_align=&#8221;left&#8221; background_image_as_pattern=&#8221;without_pattern&#8221; css=&#8221;.vc_custom_1510096609096{background-position: center !important;background-repeat: no-repeat !important;background-size: cover !important;}&#8221;][vc_column css=&#8221;.vc_custom_1515876695481{padding-top: 1% !important;padding-right: 8% !important;padding-left: 8% !important;}&#8221;][vc_row_inner row_type=&#8221;row&#8221; type=&#8221;full_width&#8221; text_align=&#8221;left&#8221; css_animation=&#8221;&#8221;][vc_column_inner width=&#8221;5\/6&#8243; offset=&#8221;vc_col-lg-offset-1 vc_col-lg-10&#8243; css=&#8221;.vc_custom_1515876867411{padding-right: 6% !important;padding-left: 6% !important;}&#8221;][vc_column_text] Paristoker\u00e4ys organiseras av Recser Oy\u00a0\/\u00a0S\u00e4ljarens skyldighet\u00a0\/\u00a0\u00d6vriga insamlingsplatser\u00a0\/\u00a0Kommunikationsmaterial\u00a0\/\u00a0Information om insamlingen av batteril\u00e5dor\u00a0\/...\" \/>\n<meta property=\"og:url\" content=\"https:\/\/www.paristokierratys.fi\/sv\/for-butiker\/avhamtning-av-batteritransportlada\/\" \/>\n<meta property=\"og:site_name\" content=\"Paristokierr\u00e4tys\" \/>\n<meta property=\"article:modified_time\" content=\"2024-05-15T06:46:57+00:00\" \/>\n<meta name=\"twitter:card\" content=\"summary_large_image\" \/>\n<meta name=\"twitter:label1\" content=\"Ber\u00e4knad l\u00e4stid\" \/>\n\t<meta name=\"twitter:data1\" content=\"5 minuter\" \/>\n<script type=\"application\/ld+json\" class=\"yoast-schema-graph\">{\"@context\":\"https:\/\/schema.org\",\"@graph\":[{\"@type\":\"WebPage\",\"@id\":\"https:\/\/www.paristokierratys.fi\/sv\/for-butiker\/avhamtning-av-batteritransportlada\/\",\"url\":\"https:\/\/www.paristokierratys.fi\/sv\/for-butiker\/avhamtning-av-batteritransportlada\/\",\"name\":\"Avh\u00e4mtning av batteritransportl\u00e5da - Paristokierr\u00e4tys\",\"isPartOf\":{\"@id\":\"https:\/\/www.paristokierratys.fi\/#website\"},\"datePublished\":\"2018-04-01T20:54:33+00:00\",\"dateModified\":\"2024-05-15T06:46:57+00:00\",\"breadcrumb\":{\"@id\":\"https:\/\/www.paristokierratys.fi\/sv\/for-butiker\/avhamtning-av-batteritransportlada\/#breadcrumb\"},\"inLanguage\":\"sv-SE\",\"potentialAction\":[{\"@type\":\"ReadAction\",\"target\":[\"https:\/\/www.paristokierratys.fi\/sv\/for-butiker\/avhamtning-av-batteritransportlada\/\"]}]},{\"@type\":\"BreadcrumbList\",\"@id\":\"https:\/\/www.paristokierratys.fi\/sv\/for-butiker\/avhamtning-av-batteritransportlada\/#breadcrumb\",\"itemListElement\":[{\"@type\":\"ListItem\",\"position\":1,\"name\":\"Home\",\"item\":\"https:\/\/www.paristokierratys.fi\/sv\/\"},{\"@type\":\"ListItem\",\"position\":2,\"name\":\"Paristoker\u00e4ys organiseras av Recser Oy\",\"item\":\"https:\/\/www.paristokierratys.fi\/sv\/for-butiker\/\"},{\"@type\":\"ListItem\",\"position\":3,\"name\":\"Avh\u00e4mtning av batteritransportl\u00e5da\"}]},{\"@type\":\"WebSite\",\"@id\":\"https:\/\/www.paristokierratys.fi\/#website\",\"url\":\"https:\/\/www.paristokierratys.fi\/\",\"name\":\"Paristokierr\u00e4tys\",\"description\":\"Paristokierr\u00e4tyst\u00e4 Suomessa organisoi tuottajayhteis\u00f6 Recser Oy, joka edustaa yli 500:aa paristojen ja akkujen tuottajaa.\",\"potentialAction\":[{\"@type\":\"SearchAction\",\"target\":{\"@type\":\"EntryPoint\",\"urlTemplate\":\"https:\/\/www.paristokierratys.fi\/?s={search_term_string}\"},\"query-input\":{\"@type\":\"PropertyValueSpecification\",\"valueRequired\":true,\"valueName\":\"search_term_string\"}}],\"inLanguage\":\"sv-SE\"}]}<\/script>\n<!-- \/ Yoast SEO plugin. -->","yoast_head_json":{"title":"Avh\u00e4mtning av batteritransportl\u00e5da - Paristokierr\u00e4tys","robots":{"index":"index","follow":"follow","max-snippet":"max-snippet:-1","max-image-preview":"max-image-preview:large","max-video-preview":"max-video-preview:-1"},"canonical":"https:\/\/www.paristokierratys.fi\/sv\/for-butiker\/avhamtning-av-batteritransportlada\/","og_locale":"sv_SE","og_type":"article","og_title":"Avh\u00e4mtning av batteritransportl\u00e5da - Paristokierr\u00e4tys","og_description":"[vc_row css_animation=&#8221;&#8221; row_type=&#8221;row&#8221; use_row_as_full_screen_section=&#8221;no&#8221; type=&#8221;grid&#8221; angled_section=&#8221;no&#8221; text_align=&#8221;left&#8221; background_image_as_pattern=&#8221;without_pattern&#8221; css=&#8221;.vc_custom_1510096609096{background-position: center !important;background-repeat: no-repeat !important;background-size: cover !important;}&#8221;][vc_column css=&#8221;.vc_custom_1515876695481{padding-top: 1% !important;padding-right: 8% !important;padding-left: 8% !important;}&#8221;][vc_row_inner row_type=&#8221;row&#8221; type=&#8221;full_width&#8221; text_align=&#8221;left&#8221; css_animation=&#8221;&#8221;][vc_column_inner width=&#8221;5\/6&#8243; offset=&#8221;vc_col-lg-offset-1 vc_col-lg-10&#8243; css=&#8221;.vc_custom_1515876867411{padding-right: 6% !important;padding-left: 6% !important;}&#8221;][vc_column_text] Paristoker\u00e4ys organiseras av Recser Oy\u00a0\/\u00a0S\u00e4ljarens skyldighet\u00a0\/\u00a0\u00d6vriga insamlingsplatser\u00a0\/\u00a0Kommunikationsmaterial\u00a0\/\u00a0Information om insamlingen av batteril\u00e5dor\u00a0\/...","og_url":"https:\/\/www.paristokierratys.fi\/sv\/for-butiker\/avhamtning-av-batteritransportlada\/","og_site_name":"Paristokierr\u00e4tys","article_modified_time":"2024-05-15T06:46:57+00:00","twitter_card":"summary_large_image","twitter_misc":{"Ber\u00e4knad l\u00e4stid":"5 minuter"},"schema":{"@context":"https:\/\/schema.org","@graph":[{"@type":"WebPage","@id":"https:\/\/www.paristokierratys.fi\/sv\/for-butiker\/avhamtning-av-batteritransportlada\/","url":"https:\/\/www.paristokierratys.fi\/sv\/for-butiker\/avhamtning-av-batteritransportlada\/","name":"Avh\u00e4mtning av batteritransportl\u00e5da - Paristokierr\u00e4tys","isPartOf":{"@id":"https:\/\/www.paristokierratys.fi\/#website"},"datePublished":"2018-04-01T20:54:33+00:00","dateModified":"2024-05-15T06:46:57+00:00","breadcrumb":{"@id":"https:\/\/www.paristokierratys.fi\/sv\/for-butiker\/avhamtning-av-batteritransportlada\/#breadcrumb"},"inLanguage":"sv-SE","potentialAction":[{"@type":"ReadAction","target":["https:\/\/www.paristokierratys.fi\/sv\/for-butiker\/avhamtning-av-batteritransportlada\/"]}]},{"@type":"BreadcrumbList","@id":"https:\/\/www.paristokierratys.fi\/sv\/for-butiker\/avhamtning-av-batteritransportlada\/#breadcrumb","itemListElement":[{"@type":"ListItem","position":1,"name":"Home","item":"https:\/\/www.paristokierratys.fi\/sv\/"},{"@type":"ListItem","position":2,"name":"Paristoker\u00e4ys organiseras av Recser Oy","item":"https:\/\/www.paristokierratys.fi\/sv\/for-butiker\/"},{"@type":"ListItem","position":3,"name":"Avh\u00e4mtning av batteritransportl\u00e5da"}]},{"@type":"WebSite","@id":"https:\/\/www.paristokierratys.fi\/#website","url":"https:\/\/www.paristokierratys.fi\/","name":"Paristokierr\u00e4tys","description":"Paristokierr\u00e4tyst\u00e4 Suomessa organisoi tuottajayhteis\u00f6 Recser Oy, joka edustaa yli 500:aa paristojen ja akkujen tuottajaa.","potentialAction":[{"@type":"SearchAction","target":{"@type":"EntryPoint","urlTemplate":"https:\/\/www.paristokierratys.fi\/?s={search_term_string}"},"query-input":{"@type":"PropertyValueSpecification","valueRequired":true,"valueName":"search_term_string"}}],"inLanguage":"sv-SE"}]}},"_links":{"self":[{"href":"https:\/\/www.paristokierratys.fi\/sv\/wp-json\/wp\/v2\/pages\/2840","targetHints":{"allow":["GET"]}}],"collection":[{"href":"https:\/\/www.paristokierratys.fi\/sv\/wp-json\/wp\/v2\/pages"}],"about":[{"href":"https:\/\/www.paristokierratys.fi\/sv\/wp-json\/wp\/v2\/types\/page"}],"author":[{"embeddable":true,"href":"https:\/\/www.paristokierratys.fi\/sv\/wp-json\/wp\/v2\/users\/1"}],"replies":[{"embeddable":true,"href":"https:\/\/www.paristokierratys.fi\/sv\/wp-json\/wp\/v2\/comments?post=2840"}],"version-history":[{"count":40,"href":"https:\/\/www.paristokierratys.fi\/sv\/wp-json\/wp\/v2\/pages\/2840\/revisions"}],"predecessor-version":[{"id":14356,"href":"https:\/\/www.paristokierratys.fi\/sv\/wp-json\/wp\/v2\/pages\/2840\/revisions\/14356"}],"up":[{"embeddable":true,"href":"https:\/\/www.paristokierratys.fi\/sv\/wp-json\/wp\/v2\/pages\/7804"}],"wp:attachment":[{"href":"https:\/\/www.paristokierratys.fi\/sv\/wp-json\/wp\/v2\/media?parent=2840"}],"curies":[{"name":"wp","href":"https:\/\/api.w.org\/{rel}","templated":true}]}}