{"id":2749,"date":"2018-03-29T05:42:03","date_gmt":"2018-03-29T02:42:03","guid":{"rendered":"http:\/\/31.217.192.104\/~recserfi\/recser\/sa-har-atervinner-du\/batterifamilj\/ninnu-nickel-metallhydridackumulator\/"},"modified":"2022-02-24T16:43:17","modified_gmt":"2022-02-24T14:43:17","slug":"ninnu-nickel-metallhydridackumulator","status":"publish","type":"page","link":"https:\/\/www.paristokierratys.fi\/sv\/atervinning\/batterifamilj\/ninnu-nickel-metallhydridackumulator\/","title":{"rendered":"Ninnu nickel-metallhydridackumulator"},"content":{"rendered":"<div class=\"wpb-content-wrapper\"><p>[vc_row css_animation=&#8221;&#8221; row_type=&#8221;row&#8221; use_row_as_full_screen_section=&#8221;no&#8221; type=&#8221;grid&#8221; angled_section=&#8221;no&#8221; text_align=&#8221;left&#8221; background_image_as_pattern=&#8221;without_pattern&#8221; css=&#8221;.vc_custom_1512704705804{background-position: center !important;background-repeat: no-repeat !important;background-size: cover !important;}&#8221;][vc_column css=&#8221;.vc_custom_1512704937075{padding-top: 1% !important;}&#8221;][vc_row_inner row_type=&#8221;row&#8221; type=&#8221;full_width&#8221; text_align=&#8221;left&#8221; css_animation=&#8221;&#8221;][vc_column_inner width=&#8221;5\/6&#8243; offset=&#8221;vc_col-lg-offset-1 vc_col-lg-10 vc_col-md-offset-1 vc_col-md-10 vc_col-sm-offset-1&#8243;][vc_column_text]<a href=\"https:\/\/www.paristokierratys.fi\/sv\/atervinning\/\">\u00c5tervinning<\/a> \/ <a href=\"https:\/\/www.paristokierratys.fi\/sv\/atervinning\/checklista-till-inlamnaren\/\">Checklista till inl\u00e4mnaren<\/a>\u00a0\/ <a href=\"https:\/\/www.paristokierratys.fi\/sv\/atervinning\/sakerhet\/\">S\u00e4kerhet<\/a>\u00a0\/ <a href=\"https:\/\/www.paristokierratys.fi\/sv\/atervinning\/atervinningsprocessen\/\">\u00c5tervinningsprocess<\/a> \/ <a href=\"https:\/\/www.paristokierratys.fi\/sv\/atervinning\/batterifamilj\/\">Batterifamilj<\/a>[\/vc_column_text][vc_separator type=&#8221;normal&#8221; color=&#8221;#e0e0e0&#8243; thickness=&#8221;1&#8243; up=&#8221;20&#8243; down=&#8221;30&#8243;][\/vc_column_inner][\/vc_row_inner][\/vc_column][\/vc_row][vc_row css_animation=&#8221;&#8221; row_type=&#8221;row&#8221; use_row_as_full_screen_section=&#8221;no&#8221; type=&#8221;grid&#8221; angled_section=&#8221;no&#8221; text_align=&#8221;left&#8221; background_image_as_pattern=&#8221;without_pattern&#8221;][vc_column width=&#8221;7\/12&#8243; offset=&#8221;vc_col-lg-offset-1 vc_col-lg-7 vc_col-md-offset-1 vc_col-md-7 vc_col-sm-offset-1&#8243; css=&#8221;.vc_custom_1522109873126{padding-right: 30px !important;}&#8221;][vc_column_text css=&#8221;.vc_custom_1522104576996{margin-bottom: -15px !important;}&#8221;]<\/p>\n<h1>Ninnu<\/h1>\n<p>[\/vc_column_text][vc_column_text]<\/p>\n<h2><span style=\"text-decoration: underline\">Typ:<\/span> Nickel-metallhydridackumulator<\/h2>\n<p>[\/vc_column_text][vc_column_text]<em><span style=\"font-size: 112%\">\u201cAktiv och h\u00e5llbar i st\u00e4ndig r\u00f6relse, som inte ska f\u00f6rv\u00e4xlas med Alli-batterier.\u201d<\/span><\/em>[\/vc_column_text][vc_column_text]<strong>F\u00f6rekomst:<\/strong> Trivs s\u00e4rskilt i barnfamiljer d\u00e4r man anv\u00e4nder m\u00e5nga batteridrivna apparater. Bor oftast i samma apparater som Alli-batterier och f\u00f6rekommer dessutom i sladdl\u00f6sa verktyg.<\/p>\n<p><strong>Livsl\u00e4ngd:<\/strong> Flera \u00e5r. Dess effekt f\u00f6rs\u00e4mras snabbare \u00e4n i andra ackumulatorer d\u00e5 den inte anv\u00e4nds.<\/p>\n<p><strong>Beteende:<\/strong> Ninnu \u00e4r en aktiv och h\u00e5llbar ackumulator i st\u00e4ndig r\u00f6relse som kan laddas m\u00e5nga g\u00e5nger om. Ett milj\u00f6v\u00e4nligt kraftpaket, som vill vara till nytta.<\/p>\n<p><strong>Hantering:<\/strong> Akta dig f\u00f6r att ladda ett Alli-batteri ist\u00e4llet f\u00f6r Ninnu \u2013 alkaliska batterier kan orsaka till och med br\u00e4nder om de upphettas.<\/p>\n<p><strong>\u00c5tervinning:<\/strong> Vid ankomst till Akkusers anl\u00e4ggning krossas Ninnu-ackumulatorerna f\u00f6rst. D\u00e4refter utvinns till exempel nickel och kobolt fr\u00e5n krosset (totalt 35 %). \u00c5tervunnen nickel sparar upp till 75 procent energi j\u00e4mf\u00f6rt med brytning av jungfruligt material.<\/p>\n<p>L\u00e4s mer: <a href=\"https:\/\/www.paristokierratys.fi\/sv\/sa-har-atervinner-du\/atervinningsprocessen\/\">Vad h\u00e4nder med \u00e5tervunna batterier och ackumulatorer?<\/a><\/p>\n<p><strong>Visste du att:<\/strong> Ninnu \u00e4r en smart hj\u00e4lpreda i barnfamiljer d\u00e4r man anv\u00e4nder m\u00e5nga batteridrivna apparater, som st\u00e4ndigt kr\u00e4ver mycket str\u00f6m. I s\u00e5dana h\u00e4r fall rekommenderas anv\u00e4ndning av Ninnu-ackumulatorer i st\u00e4llet f\u00f6r Alli-batterier, eftersom man p\u00e5 s\u00e5 s\u00e4tt minskar m\u00e4ngden avfall. Kallas \u00e4ven f\u00f6r ackumulatorbatteri.<\/p>\n<p><strong>Utseende:<\/strong> Ninnu kan f\u00f6rv\u00e4xlas med sin kusin Alli, ett alkaliskt AA-batteri, men \u00e4r \u00e4nd\u00e5 en ackumulator. Du kan s\u00e4rskilja den fr\u00e5n Alli med hj\u00e4lp av texten Rechargeable eller accu i sidan p\u00e5 den.[\/vc_column_text][vc_separator type=&#8221;normal&#8221; color=&#8221;#eaeaea&#8221; thickness=&#8221;1&#8243; up=&#8221;40&#8243; down=&#8221;0&#8243;]<div class=\"qode-accordion-holder clearfix qode-toggle qode-initial \">\n\t<h5 class=\"clearfix qode-title-holder\">\n<span class=\"qode-tab-title\">\n\t    <span class=\"qode-tab-title-inner\">\n        Se hur nickel-metallhydridackumulatorer ser ut    <\/span>\n<\/span>\n<span class=\"qode-accordion-mark\">\n    <span class=\"qode-accordion-mark-icon\">\n        <span class=\"icon_plus\"><\/span>\n        <span class=\"icon_minus-06\"><\/span>\n    <\/span>\n<\/span>\n<\/h5>\n<div class=\"qode-accordion-content qode-acc-title-with-icon\" style=\"padding: 0 0 0 0\">\n    <div class=\"qode-accordion-content-inner\">\n        [vc_single_image image=&#8221;1075&#8243; img_size=&#8221;full&#8221; onclick=&#8221;link_image&#8221; qode_css_animation=&#8221;&#8221; qode_hover_animation=&#8221;darken&#8221; content_padding=&#8221;0px 0px 0px 0px&#8221;]    <\/div>\n<\/div><\/div>[vc_separator type=&#8221;normal&#8221; color=&#8221;#eaeaea&#8221; thickness=&#8221;1&#8243; up=&#8221;0&#8243; down=&#8221;0&#8243;][\/vc_column][vc_column width=&#8221;1\/4&#8243; offset=&#8221;vc_col-lg-offset-0&#8243;][vc_empty_space height=&#8221;40px&#8221;][vc_single_image image=&#8221;558&#8243; img_size=&#8221;200&#215;500&#8243; alignment=&#8221;center&#8221; qode_css_animation=&#8221;&#8221;][\/vc_column][\/vc_row]<\/p>\n<\/div>","protected":false},"excerpt":{"rendered":"<p>[vc_row css_animation=&#8221;&#8221; row_type=&#8221;row&#8221; use_row_as_full_screen_section=&#8221;no&#8221; type=&#8221;grid&#8221; angled_section=&#8221;no&#8221; text_align=&#8221;left&#8221; background_image_as_pattern=&#8221;without_pattern&#8221; css=&#8221;.vc_custom_1512704705804{background-position: center !important;background-repeat: no-repeat !important;background-size: cover !important;}&#8221;][vc_column css=&#8221;.vc_custom_1512704937075{padding-top: 1% !important;}&#8221;][vc_row_inner row_type=&#8221;row&#8221; type=&#8221;full_width&#8221; text_align=&#8221;left&#8221; css_animation=&#8221;&#8221;][vc_column_inner width=&#8221;5\/6&#8243; offset=&#8221;vc_col-lg-offset-1 vc_col-lg-10 vc_col-md-offset-1 vc_col-md-10 vc_col-sm-offset-1&#8243;][vc_column_text]\u00c5tervinning \/ Checklista till inl\u00e4mnaren\u00a0\/ S\u00e4kerhet\u00a0\/ \u00c5tervinningsprocess \/ Batterifamilj[\/vc_column_text][vc_separator type=&#8221;normal&#8221; color=&#8221;#e0e0e0&#8243; thickness=&#8221;1&#8243; up=&#8221;20&#8243; down=&#8221;30&#8243;][\/vc_column_inner][\/vc_row_inner][\/vc_column][\/vc_row][vc_row css_animation=&#8221;&#8221; row_type=&#8221;row&#8221; use_row_as_full_screen_section=&#8221;no&#8221; type=&#8221;grid&#8221;&#8230;<\/p>\n","protected":false},"author":1,"featured_media":0,"parent":2697,"menu_order":4,"comment_status":"closed","ping_status":"closed","template":"full_width.php","meta":{"footnotes":""},"class_list":["post-2749","page","type-page","status-publish","hentry"],"yoast_head":"<!-- This site is optimized with the Yoast SEO plugin v26.8 - https:\/\/yoast.com\/product\/yoast-seo-wordpress\/ -->\n<title>Ninnu nickel-metallhydridackumulator - Paristokierr\u00e4tys<\/title>\n<meta name=\"robots\" content=\"index, follow, max-snippet:-1, max-image-preview:large, max-video-preview:-1\" \/>\n<link rel=\"canonical\" href=\"https:\/\/www.paristokierratys.fi\/sv\/atervinning\/batterifamilj\/ninnu-nickel-metallhydridackumulator\/\" \/>\n<meta property=\"og:locale\" content=\"sv_SE\" \/>\n<meta property=\"og:type\" content=\"article\" \/>\n<meta property=\"og:title\" content=\"Ninnu nickel-metallhydridackumulator - Paristokierr\u00e4tys\" \/>\n<meta property=\"og:description\" content=\"[vc_row css_animation=&#8221;&#8221; row_type=&#8221;row&#8221; use_row_as_full_screen_section=&#8221;no&#8221; type=&#8221;grid&#8221; angled_section=&#8221;no&#8221; text_align=&#8221;left&#8221; background_image_as_pattern=&#8221;without_pattern&#8221; css=&#8221;.vc_custom_1512704705804{background-position: center !important;background-repeat: no-repeat !important;background-size: cover !important;}&#8221;][vc_column css=&#8221;.vc_custom_1512704937075{padding-top: 1% !important;}&#8221;][vc_row_inner row_type=&#8221;row&#8221; type=&#8221;full_width&#8221; text_align=&#8221;left&#8221; css_animation=&#8221;&#8221;][vc_column_inner width=&#8221;5\/6&#8243; offset=&#8221;vc_col-lg-offset-1 vc_col-lg-10 vc_col-md-offset-1 vc_col-md-10 vc_col-sm-offset-1&#8243;][vc_column_text]\u00c5tervinning \/ Checklista till inl\u00e4mnaren\u00a0\/ S\u00e4kerhet\u00a0\/ \u00c5tervinningsprocess \/ Batterifamilj[\/vc_column_text][vc_separator type=&#8221;normal&#8221; color=&#8221;#e0e0e0&#8243; thickness=&#8221;1&#8243; up=&#8221;20&#8243; down=&#8221;30&#8243;][\/vc_column_inner][\/vc_row_inner][\/vc_column][\/vc_row][vc_row css_animation=&#8221;&#8221; row_type=&#8221;row&#8221; use_row_as_full_screen_section=&#8221;no&#8221; type=&#8221;grid&#8221;...\" \/>\n<meta property=\"og:url\" content=\"https:\/\/www.paristokierratys.fi\/sv\/atervinning\/batterifamilj\/ninnu-nickel-metallhydridackumulator\/\" \/>\n<meta property=\"og:site_name\" content=\"Paristokierr\u00e4tys\" \/>\n<meta property=\"article:modified_time\" content=\"2022-02-24T14:43:17+00:00\" \/>\n<meta property=\"og:image\" content=\"https:\/\/www.paristokierratys.fi\/wp-content\/uploads\/2018\/04\/Perus_Ninnu-kopio.jpg\" \/>\n<meta name=\"twitter:card\" content=\"summary_large_image\" \/>\n<meta name=\"twitter:label1\" content=\"Ber\u00e4knad l\u00e4stid\" \/>\n\t<meta name=\"twitter:data1\" content=\"3 minuter\" \/>\n<script type=\"application\/ld+json\" class=\"yoast-schema-graph\">{\"@context\":\"https:\/\/schema.org\",\"@graph\":[{\"@type\":\"WebPage\",\"@id\":\"https:\/\/www.paristokierratys.fi\/sv\/atervinning\/batterifamilj\/ninnu-nickel-metallhydridackumulator\/\",\"url\":\"https:\/\/www.paristokierratys.fi\/sv\/atervinning\/batterifamilj\/ninnu-nickel-metallhydridackumulator\/\",\"name\":\"Ninnu nickel-metallhydridackumulator - Paristokierr\u00e4tys\",\"isPartOf\":{\"@id\":\"https:\/\/www.paristokierratys.fi\/#website\"},\"datePublished\":\"2018-03-29T02:42:03+00:00\",\"dateModified\":\"2022-02-24T14:43:17+00:00\",\"breadcrumb\":{\"@id\":\"https:\/\/www.paristokierratys.fi\/sv\/atervinning\/batterifamilj\/ninnu-nickel-metallhydridackumulator\/#breadcrumb\"},\"inLanguage\":\"sv-SE\",\"potentialAction\":[{\"@type\":\"ReadAction\",\"target\":[\"https:\/\/www.paristokierratys.fi\/sv\/atervinning\/batterifamilj\/ninnu-nickel-metallhydridackumulator\/\"]}]},{\"@type\":\"BreadcrumbList\",\"@id\":\"https:\/\/www.paristokierratys.fi\/sv\/atervinning\/batterifamilj\/ninnu-nickel-metallhydridackumulator\/#breadcrumb\",\"itemListElement\":[{\"@type\":\"ListItem\",\"position\":1,\"name\":\"Home\",\"item\":\"https:\/\/www.paristokierratys.fi\/sv\/\"},{\"@type\":\"ListItem\",\"position\":2,\"name\":\"Snabbguide f\u00f6r \u00e5tervinning\",\"item\":\"https:\/\/www.paristokierratys.fi\/sv\/atervinning\/\"},{\"@type\":\"ListItem\",\"position\":3,\"name\":\"V\u00e5r batterifamilj presenterar sig\",\"item\":\"https:\/\/www.paristokierratys.fi\/sv\/atervinning\/batterifamilj\/\"},{\"@type\":\"ListItem\",\"position\":4,\"name\":\"Ninnu nickel-metallhydridackumulator\"}]},{\"@type\":\"WebSite\",\"@id\":\"https:\/\/www.paristokierratys.fi\/#website\",\"url\":\"https:\/\/www.paristokierratys.fi\/\",\"name\":\"Paristokierr\u00e4tys\",\"description\":\"Paristokierr\u00e4tyst\u00e4 Suomessa organisoi tuottajayhteis\u00f6 Recser Oy, joka edustaa yli 500:aa paristojen ja akkujen tuottajaa.\",\"potentialAction\":[{\"@type\":\"SearchAction\",\"target\":{\"@type\":\"EntryPoint\",\"urlTemplate\":\"https:\/\/www.paristokierratys.fi\/?s={search_term_string}\"},\"query-input\":{\"@type\":\"PropertyValueSpecification\",\"valueRequired\":true,\"valueName\":\"search_term_string\"}}],\"inLanguage\":\"sv-SE\"}]}<\/script>\n<!-- \/ Yoast SEO plugin. -->","yoast_head_json":{"title":"Ninnu nickel-metallhydridackumulator - Paristokierr\u00e4tys","robots":{"index":"index","follow":"follow","max-snippet":"max-snippet:-1","max-image-preview":"max-image-preview:large","max-video-preview":"max-video-preview:-1"},"canonical":"https:\/\/www.paristokierratys.fi\/sv\/atervinning\/batterifamilj\/ninnu-nickel-metallhydridackumulator\/","og_locale":"sv_SE","og_type":"article","og_title":"Ninnu nickel-metallhydridackumulator - Paristokierr\u00e4tys","og_description":"[vc_row css_animation=&#8221;&#8221; row_type=&#8221;row&#8221; use_row_as_full_screen_section=&#8221;no&#8221; type=&#8221;grid&#8221; angled_section=&#8221;no&#8221; text_align=&#8221;left&#8221; background_image_as_pattern=&#8221;without_pattern&#8221; css=&#8221;.vc_custom_1512704705804{background-position: center !important;background-repeat: no-repeat !important;background-size: cover !important;}&#8221;][vc_column css=&#8221;.vc_custom_1512704937075{padding-top: 1% !important;}&#8221;][vc_row_inner row_type=&#8221;row&#8221; type=&#8221;full_width&#8221; text_align=&#8221;left&#8221; css_animation=&#8221;&#8221;][vc_column_inner width=&#8221;5\/6&#8243; offset=&#8221;vc_col-lg-offset-1 vc_col-lg-10 vc_col-md-offset-1 vc_col-md-10 vc_col-sm-offset-1&#8243;][vc_column_text]\u00c5tervinning \/ Checklista till inl\u00e4mnaren\u00a0\/ S\u00e4kerhet\u00a0\/ \u00c5tervinningsprocess \/ Batterifamilj[\/vc_column_text][vc_separator type=&#8221;normal&#8221; color=&#8221;#e0e0e0&#8243; thickness=&#8221;1&#8243; up=&#8221;20&#8243; down=&#8221;30&#8243;][\/vc_column_inner][\/vc_row_inner][\/vc_column][\/vc_row][vc_row css_animation=&#8221;&#8221; row_type=&#8221;row&#8221; use_row_as_full_screen_section=&#8221;no&#8221; type=&#8221;grid&#8221;...","og_url":"https:\/\/www.paristokierratys.fi\/sv\/atervinning\/batterifamilj\/ninnu-nickel-metallhydridackumulator\/","og_site_name":"Paristokierr\u00e4tys","article_modified_time":"2022-02-24T14:43:17+00:00","og_image":[{"url":"https:\/\/www.paristokierratys.fi\/wp-content\/uploads\/2018\/04\/Perus_Ninnu-kopio.jpg","type":"","width":"","height":""}],"twitter_card":"summary_large_image","twitter_misc":{"Ber\u00e4knad l\u00e4stid":"3 minuter"},"schema":{"@context":"https:\/\/schema.org","@graph":[{"@type":"WebPage","@id":"https:\/\/www.paristokierratys.fi\/sv\/atervinning\/batterifamilj\/ninnu-nickel-metallhydridackumulator\/","url":"https:\/\/www.paristokierratys.fi\/sv\/atervinning\/batterifamilj\/ninnu-nickel-metallhydridackumulator\/","name":"Ninnu nickel-metallhydridackumulator - Paristokierr\u00e4tys","isPartOf":{"@id":"https:\/\/www.paristokierratys.fi\/#website"},"datePublished":"2018-03-29T02:42:03+00:00","dateModified":"2022-02-24T14:43:17+00:00","breadcrumb":{"@id":"https:\/\/www.paristokierratys.fi\/sv\/atervinning\/batterifamilj\/ninnu-nickel-metallhydridackumulator\/#breadcrumb"},"inLanguage":"sv-SE","potentialAction":[{"@type":"ReadAction","target":["https:\/\/www.paristokierratys.fi\/sv\/atervinning\/batterifamilj\/ninnu-nickel-metallhydridackumulator\/"]}]},{"@type":"BreadcrumbList","@id":"https:\/\/www.paristokierratys.fi\/sv\/atervinning\/batterifamilj\/ninnu-nickel-metallhydridackumulator\/#breadcrumb","itemListElement":[{"@type":"ListItem","position":1,"name":"Home","item":"https:\/\/www.paristokierratys.fi\/sv\/"},{"@type":"ListItem","position":2,"name":"Snabbguide f\u00f6r \u00e5tervinning","item":"https:\/\/www.paristokierratys.fi\/sv\/atervinning\/"},{"@type":"ListItem","position":3,"name":"V\u00e5r batterifamilj presenterar sig","item":"https:\/\/www.paristokierratys.fi\/sv\/atervinning\/batterifamilj\/"},{"@type":"ListItem","position":4,"name":"Ninnu nickel-metallhydridackumulator"}]},{"@type":"WebSite","@id":"https:\/\/www.paristokierratys.fi\/#website","url":"https:\/\/www.paristokierratys.fi\/","name":"Paristokierr\u00e4tys","description":"Paristokierr\u00e4tyst\u00e4 Suomessa organisoi tuottajayhteis\u00f6 Recser Oy, joka edustaa yli 500:aa paristojen ja akkujen tuottajaa.","potentialAction":[{"@type":"SearchAction","target":{"@type":"EntryPoint","urlTemplate":"https:\/\/www.paristokierratys.fi\/?s={search_term_string}"},"query-input":{"@type":"PropertyValueSpecification","valueRequired":true,"valueName":"search_term_string"}}],"inLanguage":"sv-SE"}]}},"_links":{"self":[{"href":"https:\/\/www.paristokierratys.fi\/sv\/wp-json\/wp\/v2\/pages\/2749","targetHints":{"allow":["GET"]}}],"collection":[{"href":"https:\/\/www.paristokierratys.fi\/sv\/wp-json\/wp\/v2\/pages"}],"about":[{"href":"https:\/\/www.paristokierratys.fi\/sv\/wp-json\/wp\/v2\/types\/page"}],"author":[{"embeddable":true,"href":"https:\/\/www.paristokierratys.fi\/sv\/wp-json\/wp\/v2\/users\/1"}],"replies":[{"embeddable":true,"href":"https:\/\/www.paristokierratys.fi\/sv\/wp-json\/wp\/v2\/comments?post=2749"}],"version-history":[{"count":11,"href":"https:\/\/www.paristokierratys.fi\/sv\/wp-json\/wp\/v2\/pages\/2749\/revisions"}],"predecessor-version":[{"id":8897,"href":"https:\/\/www.paristokierratys.fi\/sv\/wp-json\/wp\/v2\/pages\/2749\/revisions\/8897"}],"up":[{"embeddable":true,"href":"https:\/\/www.paristokierratys.fi\/sv\/wp-json\/wp\/v2\/pages\/2697"}],"wp:attachment":[{"href":"https:\/\/www.paristokierratys.fi\/sv\/wp-json\/wp\/v2\/media?parent=2749"}],"curies":[{"name":"wp","href":"https:\/\/api.w.org\/{rel}","templated":true}]}}