{"id":2741,"date":"2018-03-29T05:37:37","date_gmt":"2018-03-29T02:37:37","guid":{"rendered":"http:\/\/31.217.192.104\/~recserfi\/recser\/sa-har-atervinner-du\/batterifamilj\/nappi-knappcell\/"},"modified":"2022-02-24T16:43:07","modified_gmt":"2022-02-24T14:43:07","slug":"nappi-knappcell","status":"publish","type":"page","link":"https:\/\/www.paristokierratys.fi\/sv\/atervinning\/batterifamilj\/nappi-knappcell\/","title":{"rendered":"Nappi knappcell"},"content":{"rendered":"<div class=\"wpb-content-wrapper\"><p>[vc_row css_animation=&#8221;&#8221; row_type=&#8221;row&#8221; use_row_as_full_screen_section=&#8221;no&#8221; type=&#8221;grid&#8221; angled_section=&#8221;no&#8221; text_align=&#8221;left&#8221; background_image_as_pattern=&#8221;without_pattern&#8221; css=&#8221;.vc_custom_1512704705804{background-position: center !important;background-repeat: no-repeat !important;background-size: cover !important;}&#8221;][vc_column css=&#8221;.vc_custom_1512704937075{padding-top: 1% !important;}&#8221;][vc_row_inner row_type=&#8221;row&#8221; type=&#8221;full_width&#8221; text_align=&#8221;left&#8221; css_animation=&#8221;&#8221;][vc_column_inner width=&#8221;5\/6&#8243; offset=&#8221;vc_col-lg-offset-1 vc_col-lg-10 vc_col-md-offset-1 vc_col-md-10 vc_col-sm-offset-1&#8243;][vc_column_text]<a href=\"https:\/\/www.paristokierratys.fi\/sv\/atervinning\/\">\u00c5tervinning<\/a> \/ <a href=\"https:\/\/www.paristokierratys.fi\/sv\/atervinning\/checklista-till-inlamnaren\/\">Checklista till inl\u00e4mnaren<\/a>\u00a0\/ <a href=\"https:\/\/www.paristokierratys.fi\/sv\/atervinning\/sakerhet\/\">S\u00e4kerhet<\/a>\u00a0\/ <a href=\"https:\/\/www.paristokierratys.fi\/sv\/atervinning\/atervinningsprocessen\/\">\u00c5tervinningsprocess<\/a> \/ <a href=\"https:\/\/www.paristokierratys.fi\/sv\/atervinning\/batterifamilj\/\">Batterifamilj<\/a>[\/vc_column_text][vc_separator type=&#8221;normal&#8221; color=&#8221;#e0e0e0&#8243; thickness=&#8221;1&#8243; up=&#8221;20&#8243; down=&#8221;30&#8243;][\/vc_column_inner][\/vc_row_inner][\/vc_column][\/vc_row][vc_row css_animation=&#8221;&#8221; row_type=&#8221;row&#8221; use_row_as_full_screen_section=&#8221;no&#8221; type=&#8221;grid&#8221; angled_section=&#8221;no&#8221; text_align=&#8221;left&#8221; background_image_as_pattern=&#8221;without_pattern&#8221;][vc_column width=&#8221;7\/12&#8243; offset=&#8221;vc_col-lg-offset-1 vc_col-lg-7 vc_col-md-offset-1 vc_col-md-7 vc_col-sm-offset-1&#8243; css=&#8221;.vc_custom_1522110269970{padding-right: 20px !important;}&#8221;][vc_column_text css=&#8221;.vc_custom_1522104607387{margin-bottom: -15px !important;}&#8221;]<\/p>\n<h1>Nappi<\/h1>\n<p>[\/vc_column_text][vc_column_text]<\/p>\n<h2><span style=\"text-decoration: underline\">Typ:<\/span> Knappcell<\/h2>\n<p>[\/vc_column_text][vc_column_text]<em><span style=\"font-size: 112%\">\u201cG\u00e5r l\u00e4tt vilse, olycksf\u00f6rf\u00f6ljd.\u201d<\/span><\/em>[\/vc_column_text][vc_column_text]Nappi kan h\u00f6ra till antingen den alkaliska, litium- eller silveroxidsl\u00e4kten.<\/p>\n<p><strong>F\u00f6rekomst:<\/strong> Trivs vanligtvis i sm\u00e5elektronik, s\u00e5som klockor, r\u00e4knedosor och vissa leksaker samt bilnycklar.<\/p>\n<p><strong>Livsl\u00e4ngd:<\/strong> fr\u00e5n n\u00e5gra dagar till \u00e5ratal, beroende p\u00e5 anv\u00e4ndningsomr\u00e5de. Ej laddningsbar.<\/p>\n<p><strong>Beteende:<\/strong> G\u00e5r l\u00e4tt vilse och kan d\u00e5 orsaka olyckor. Ska h\u00e5llas p\u00e5 avst\u00e5nd fr\u00e5n barn och husdjur, eftersom den vid sv\u00e4ljning kan utg\u00f6ra en kv\u00e4vningsrisk och orsaka fr\u00e4tskador p\u00e5 tarmar.<\/p>\n<p><strong>Hantering:<\/strong> Nappi-knappcellerna ska alltid tejpas, eftersom de inte kommer \u00f6verens med sina typkamrater. Vid kontakt med varandra kan de till och med sm\u00e4lla h\u00f6rbart.<\/p>\n<p>L\u00e4s mer:\u00a0<a href=\"https:\/\/www.paristokierratys.fi\/sv\/sa-har-atervinner-du\/sakerhet\/\">S\u00e4kerhet<\/a><\/p>\n<p><strong>\u00c5tervinning:<\/strong> Nappi-knappcellerna inneh\u00e5ller olika kemikalier och d\u00e4rf\u00f6r sorteras de genast vid ankomst till Akkusers anl\u00e4ggning i Nivala i stora, det vill s\u00e4ga litium- och alkaliska batterier, och sm\u00e5, det vill s\u00e4ga silveroxidbatterier. Ett silveroxidbatteri inneh\u00e5ller 2\u20134 procent silver, som \u00e5tervinns f\u00f6r \u00e5terbruk inom tillverkning av elektronik. L\u00e4s mer: \u00c5tervinning av batterier och ackumulatorer<\/p>\n<p>L\u00e4s mer: <a href=\"https:\/\/www.paristokierratys.fi\/sv\/sa-har-atervinner-du\/atervinningsprocessen\/\">Vad h\u00e4nder med \u00e5tervunna batterier och ackumulatorer?<\/a><\/p>\n<p><strong>Visste du att:<\/strong> Fr\u00e5n 2015 har det inte l\u00e4ngre varit till\u00e5tet att distribuera knappceller som inneh\u00e5ller mer \u00e4n 0,0005 viktprocent kvicksilver p\u00e5 den finska marknaden, eftersom det finns mer milj\u00f6v\u00e4nliga alternativ till tungmetallen kvicksilver.<\/p>\n<p><strong>Utseende:<\/strong> Liten, rund och platt, vanligtvis st\u00e5lf\u00e4rgad.[\/vc_column_text][vc_separator type=&#8221;normal&#8221; color=&#8221;#eaeaea&#8221; thickness=&#8221;1&#8243; up=&#8221;40&#8243; down=&#8221;0&#8243;]<div class=\"qode-accordion-holder clearfix qode-toggle qode-initial \">\n\t<h5 class=\"clearfix qode-title-holder\">\n<span class=\"qode-tab-title\">\n\t    <span class=\"qode-tab-title-inner\">\n        Se hur knappceller ser ut    <\/span>\n<\/span>\n<span class=\"qode-accordion-mark\">\n    <span class=\"qode-accordion-mark-icon\">\n        <span class=\"icon_plus\"><\/span>\n        <span class=\"icon_minus-06\"><\/span>\n    <\/span>\n<\/span>\n<\/h5>\n<div class=\"qode-accordion-content qode-acc-title-with-icon\" style=\"padding: 0 0 0 0\">\n    <div class=\"qode-accordion-content-inner\">\n        [vc_single_image image=&#8221;1077&#8243; img_size=&#8221;full&#8221; onclick=&#8221;link_image&#8221; qode_css_animation=&#8221;&#8221; qode_hover_animation=&#8221;darken&#8221; content_padding=&#8221;0px 0px 0px 0px&#8221;]    <\/div>\n<\/div><\/div>[vc_separator type=&#8221;normal&#8221; color=&#8221;#eaeaea&#8221; thickness=&#8221;1&#8243; up=&#8221;0&#8243; down=&#8221;0&#8243;][\/vc_column][vc_column width=&#8221;1\/3&#8243; offset=&#8221;vc_col-lg-offset-0&#8243;][vc_empty_space height=&#8221;40px&#8221;][vc_single_image image=&#8221;556&#8243; img_size=&#8221;520&#215;620&#8243; alignment=&#8221;center&#8221; qode_css_animation=&#8221;&#8221;][\/vc_column][\/vc_row]<\/p>\n<\/div>","protected":false},"excerpt":{"rendered":"<p>[vc_row css_animation=&#8221;&#8221; row_type=&#8221;row&#8221; use_row_as_full_screen_section=&#8221;no&#8221; type=&#8221;grid&#8221; angled_section=&#8221;no&#8221; text_align=&#8221;left&#8221; background_image_as_pattern=&#8221;without_pattern&#8221; css=&#8221;.vc_custom_1512704705804{background-position: center !important;background-repeat: no-repeat !important;background-size: cover !important;}&#8221;][vc_column css=&#8221;.vc_custom_1512704937075{padding-top: 1% !important;}&#8221;][vc_row_inner row_type=&#8221;row&#8221; type=&#8221;full_width&#8221; text_align=&#8221;left&#8221; css_animation=&#8221;&#8221;][vc_column_inner width=&#8221;5\/6&#8243; offset=&#8221;vc_col-lg-offset-1 vc_col-lg-10 vc_col-md-offset-1 vc_col-md-10 vc_col-sm-offset-1&#8243;][vc_column_text]\u00c5tervinning \/ Checklista till inl\u00e4mnaren\u00a0\/ S\u00e4kerhet\u00a0\/ \u00c5tervinningsprocess \/ Batterifamilj[\/vc_column_text][vc_separator type=&#8221;normal&#8221; color=&#8221;#e0e0e0&#8243; thickness=&#8221;1&#8243; up=&#8221;20&#8243; down=&#8221;30&#8243;][\/vc_column_inner][\/vc_row_inner][\/vc_column][\/vc_row][vc_row css_animation=&#8221;&#8221; row_type=&#8221;row&#8221; use_row_as_full_screen_section=&#8221;no&#8221; type=&#8221;grid&#8221;&#8230;<\/p>\n","protected":false},"author":1,"featured_media":0,"parent":2697,"menu_order":3,"comment_status":"closed","ping_status":"closed","template":"full_width.php","meta":{"footnotes":""},"class_list":["post-2741","page","type-page","status-publish","hentry"],"yoast_head":"<!-- This site is optimized with the Yoast SEO plugin v26.8 - https:\/\/yoast.com\/product\/yoast-seo-wordpress\/ -->\n<title>Nappi knappcell - Paristokierr\u00e4tys<\/title>\n<meta name=\"robots\" content=\"index, follow, max-snippet:-1, max-image-preview:large, max-video-preview:-1\" \/>\n<link rel=\"canonical\" href=\"https:\/\/www.paristokierratys.fi\/sv\/atervinning\/batterifamilj\/nappi-knappcell\/\" \/>\n<meta property=\"og:locale\" content=\"sv_SE\" \/>\n<meta property=\"og:type\" content=\"article\" \/>\n<meta property=\"og:title\" content=\"Nappi knappcell - Paristokierr\u00e4tys\" \/>\n<meta property=\"og:description\" content=\"[vc_row css_animation=&#8221;&#8221; row_type=&#8221;row&#8221; use_row_as_full_screen_section=&#8221;no&#8221; type=&#8221;grid&#8221; angled_section=&#8221;no&#8221; text_align=&#8221;left&#8221; background_image_as_pattern=&#8221;without_pattern&#8221; css=&#8221;.vc_custom_1512704705804{background-position: center !important;background-repeat: no-repeat !important;background-size: cover !important;}&#8221;][vc_column css=&#8221;.vc_custom_1512704937075{padding-top: 1% !important;}&#8221;][vc_row_inner row_type=&#8221;row&#8221; type=&#8221;full_width&#8221; text_align=&#8221;left&#8221; css_animation=&#8221;&#8221;][vc_column_inner width=&#8221;5\/6&#8243; offset=&#8221;vc_col-lg-offset-1 vc_col-lg-10 vc_col-md-offset-1 vc_col-md-10 vc_col-sm-offset-1&#8243;][vc_column_text]\u00c5tervinning \/ Checklista till inl\u00e4mnaren\u00a0\/ S\u00e4kerhet\u00a0\/ \u00c5tervinningsprocess \/ Batterifamilj[\/vc_column_text][vc_separator type=&#8221;normal&#8221; color=&#8221;#e0e0e0&#8243; thickness=&#8221;1&#8243; up=&#8221;20&#8243; down=&#8221;30&#8243;][\/vc_column_inner][\/vc_row_inner][\/vc_column][\/vc_row][vc_row css_animation=&#8221;&#8221; row_type=&#8221;row&#8221; use_row_as_full_screen_section=&#8221;no&#8221; type=&#8221;grid&#8221;...\" \/>\n<meta property=\"og:url\" content=\"https:\/\/www.paristokierratys.fi\/sv\/atervinning\/batterifamilj\/nappi-knappcell\/\" \/>\n<meta property=\"og:site_name\" content=\"Paristokierr\u00e4tys\" \/>\n<meta property=\"article:modified_time\" content=\"2022-02-24T14:43:07+00:00\" \/>\n<meta property=\"og:image\" content=\"https:\/\/www.paristokierratys.fi\/wp-content\/uploads\/2018\/05\/Perus_Nappi-kopio-1.jpg\" \/>\n<meta name=\"twitter:card\" content=\"summary_large_image\" \/>\n<meta name=\"twitter:label1\" content=\"Ber\u00e4knad l\u00e4stid\" \/>\n\t<meta name=\"twitter:data1\" content=\"3 minuter\" \/>\n<script type=\"application\/ld+json\" class=\"yoast-schema-graph\">{\"@context\":\"https:\/\/schema.org\",\"@graph\":[{\"@type\":\"WebPage\",\"@id\":\"https:\/\/www.paristokierratys.fi\/sv\/atervinning\/batterifamilj\/nappi-knappcell\/\",\"url\":\"https:\/\/www.paristokierratys.fi\/sv\/atervinning\/batterifamilj\/nappi-knappcell\/\",\"name\":\"Nappi knappcell - Paristokierr\u00e4tys\",\"isPartOf\":{\"@id\":\"https:\/\/www.paristokierratys.fi\/#website\"},\"datePublished\":\"2018-03-29T02:37:37+00:00\",\"dateModified\":\"2022-02-24T14:43:07+00:00\",\"breadcrumb\":{\"@id\":\"https:\/\/www.paristokierratys.fi\/sv\/atervinning\/batterifamilj\/nappi-knappcell\/#breadcrumb\"},\"inLanguage\":\"sv-SE\",\"potentialAction\":[{\"@type\":\"ReadAction\",\"target\":[\"https:\/\/www.paristokierratys.fi\/sv\/atervinning\/batterifamilj\/nappi-knappcell\/\"]}]},{\"@type\":\"BreadcrumbList\",\"@id\":\"https:\/\/www.paristokierratys.fi\/sv\/atervinning\/batterifamilj\/nappi-knappcell\/#breadcrumb\",\"itemListElement\":[{\"@type\":\"ListItem\",\"position\":1,\"name\":\"Home\",\"item\":\"https:\/\/www.paristokierratys.fi\/sv\/\"},{\"@type\":\"ListItem\",\"position\":2,\"name\":\"Snabbguide f\u00f6r \u00e5tervinning\",\"item\":\"https:\/\/www.paristokierratys.fi\/sv\/atervinning\/\"},{\"@type\":\"ListItem\",\"position\":3,\"name\":\"V\u00e5r batterifamilj presenterar sig\",\"item\":\"https:\/\/www.paristokierratys.fi\/sv\/atervinning\/batterifamilj\/\"},{\"@type\":\"ListItem\",\"position\":4,\"name\":\"Nappi knappcell\"}]},{\"@type\":\"WebSite\",\"@id\":\"https:\/\/www.paristokierratys.fi\/#website\",\"url\":\"https:\/\/www.paristokierratys.fi\/\",\"name\":\"Paristokierr\u00e4tys\",\"description\":\"Paristokierr\u00e4tyst\u00e4 Suomessa organisoi tuottajayhteis\u00f6 Recser Oy, joka edustaa yli 500:aa paristojen ja akkujen tuottajaa.\",\"potentialAction\":[{\"@type\":\"SearchAction\",\"target\":{\"@type\":\"EntryPoint\",\"urlTemplate\":\"https:\/\/www.paristokierratys.fi\/?s={search_term_string}\"},\"query-input\":{\"@type\":\"PropertyValueSpecification\",\"valueRequired\":true,\"valueName\":\"search_term_string\"}}],\"inLanguage\":\"sv-SE\"}]}<\/script>\n<!-- \/ Yoast SEO plugin. -->","yoast_head_json":{"title":"Nappi knappcell - Paristokierr\u00e4tys","robots":{"index":"index","follow":"follow","max-snippet":"max-snippet:-1","max-image-preview":"max-image-preview:large","max-video-preview":"max-video-preview:-1"},"canonical":"https:\/\/www.paristokierratys.fi\/sv\/atervinning\/batterifamilj\/nappi-knappcell\/","og_locale":"sv_SE","og_type":"article","og_title":"Nappi knappcell - Paristokierr\u00e4tys","og_description":"[vc_row css_animation=&#8221;&#8221; row_type=&#8221;row&#8221; use_row_as_full_screen_section=&#8221;no&#8221; type=&#8221;grid&#8221; angled_section=&#8221;no&#8221; text_align=&#8221;left&#8221; background_image_as_pattern=&#8221;without_pattern&#8221; css=&#8221;.vc_custom_1512704705804{background-position: center !important;background-repeat: no-repeat !important;background-size: cover !important;}&#8221;][vc_column css=&#8221;.vc_custom_1512704937075{padding-top: 1% !important;}&#8221;][vc_row_inner row_type=&#8221;row&#8221; type=&#8221;full_width&#8221; text_align=&#8221;left&#8221; css_animation=&#8221;&#8221;][vc_column_inner width=&#8221;5\/6&#8243; offset=&#8221;vc_col-lg-offset-1 vc_col-lg-10 vc_col-md-offset-1 vc_col-md-10 vc_col-sm-offset-1&#8243;][vc_column_text]\u00c5tervinning \/ Checklista till inl\u00e4mnaren\u00a0\/ S\u00e4kerhet\u00a0\/ \u00c5tervinningsprocess \/ Batterifamilj[\/vc_column_text][vc_separator type=&#8221;normal&#8221; color=&#8221;#e0e0e0&#8243; thickness=&#8221;1&#8243; up=&#8221;20&#8243; down=&#8221;30&#8243;][\/vc_column_inner][\/vc_row_inner][\/vc_column][\/vc_row][vc_row css_animation=&#8221;&#8221; row_type=&#8221;row&#8221; use_row_as_full_screen_section=&#8221;no&#8221; type=&#8221;grid&#8221;...","og_url":"https:\/\/www.paristokierratys.fi\/sv\/atervinning\/batterifamilj\/nappi-knappcell\/","og_site_name":"Paristokierr\u00e4tys","article_modified_time":"2022-02-24T14:43:07+00:00","og_image":[{"url":"https:\/\/www.paristokierratys.fi\/wp-content\/uploads\/2018\/05\/Perus_Nappi-kopio-1.jpg","type":"","width":"","height":""}],"twitter_card":"summary_large_image","twitter_misc":{"Ber\u00e4knad l\u00e4stid":"3 minuter"},"schema":{"@context":"https:\/\/schema.org","@graph":[{"@type":"WebPage","@id":"https:\/\/www.paristokierratys.fi\/sv\/atervinning\/batterifamilj\/nappi-knappcell\/","url":"https:\/\/www.paristokierratys.fi\/sv\/atervinning\/batterifamilj\/nappi-knappcell\/","name":"Nappi knappcell - Paristokierr\u00e4tys","isPartOf":{"@id":"https:\/\/www.paristokierratys.fi\/#website"},"datePublished":"2018-03-29T02:37:37+00:00","dateModified":"2022-02-24T14:43:07+00:00","breadcrumb":{"@id":"https:\/\/www.paristokierratys.fi\/sv\/atervinning\/batterifamilj\/nappi-knappcell\/#breadcrumb"},"inLanguage":"sv-SE","potentialAction":[{"@type":"ReadAction","target":["https:\/\/www.paristokierratys.fi\/sv\/atervinning\/batterifamilj\/nappi-knappcell\/"]}]},{"@type":"BreadcrumbList","@id":"https:\/\/www.paristokierratys.fi\/sv\/atervinning\/batterifamilj\/nappi-knappcell\/#breadcrumb","itemListElement":[{"@type":"ListItem","position":1,"name":"Home","item":"https:\/\/www.paristokierratys.fi\/sv\/"},{"@type":"ListItem","position":2,"name":"Snabbguide f\u00f6r \u00e5tervinning","item":"https:\/\/www.paristokierratys.fi\/sv\/atervinning\/"},{"@type":"ListItem","position":3,"name":"V\u00e5r batterifamilj presenterar sig","item":"https:\/\/www.paristokierratys.fi\/sv\/atervinning\/batterifamilj\/"},{"@type":"ListItem","position":4,"name":"Nappi knappcell"}]},{"@type":"WebSite","@id":"https:\/\/www.paristokierratys.fi\/#website","url":"https:\/\/www.paristokierratys.fi\/","name":"Paristokierr\u00e4tys","description":"Paristokierr\u00e4tyst\u00e4 Suomessa organisoi tuottajayhteis\u00f6 Recser Oy, joka edustaa yli 500:aa paristojen ja akkujen tuottajaa.","potentialAction":[{"@type":"SearchAction","target":{"@type":"EntryPoint","urlTemplate":"https:\/\/www.paristokierratys.fi\/?s={search_term_string}"},"query-input":{"@type":"PropertyValueSpecification","valueRequired":true,"valueName":"search_term_string"}}],"inLanguage":"sv-SE"}]}},"_links":{"self":[{"href":"https:\/\/www.paristokierratys.fi\/sv\/wp-json\/wp\/v2\/pages\/2741","targetHints":{"allow":["GET"]}}],"collection":[{"href":"https:\/\/www.paristokierratys.fi\/sv\/wp-json\/wp\/v2\/pages"}],"about":[{"href":"https:\/\/www.paristokierratys.fi\/sv\/wp-json\/wp\/v2\/types\/page"}],"author":[{"embeddable":true,"href":"https:\/\/www.paristokierratys.fi\/sv\/wp-json\/wp\/v2\/users\/1"}],"replies":[{"embeddable":true,"href":"https:\/\/www.paristokierratys.fi\/sv\/wp-json\/wp\/v2\/comments?post=2741"}],"version-history":[{"count":10,"href":"https:\/\/www.paristokierratys.fi\/sv\/wp-json\/wp\/v2\/pages\/2741\/revisions"}],"predecessor-version":[{"id":8896,"href":"https:\/\/www.paristokierratys.fi\/sv\/wp-json\/wp\/v2\/pages\/2741\/revisions\/8896"}],"up":[{"embeddable":true,"href":"https:\/\/www.paristokierratys.fi\/sv\/wp-json\/wp\/v2\/pages\/2697"}],"wp:attachment":[{"href":"https:\/\/www.paristokierratys.fi\/sv\/wp-json\/wp\/v2\/media?parent=2741"}],"curies":[{"name":"wp","href":"https:\/\/api.w.org\/{rel}","templated":true}]}}