{"id":2670,"date":"2018-03-29T03:03:32","date_gmt":"2018-03-29T00:03:32","guid":{"rendered":"http:\/\/31.217.192.104\/~recserfi\/recser\/sa-har-atervinner-du\/trygghet\/"},"modified":"2023-10-26T17:04:19","modified_gmt":"2023-10-26T14:04:19","slug":"sakerhet","status":"publish","type":"page","link":"https:\/\/www.paristokierratys.fi\/sv\/atervinning\/sakerhet\/","title":{"rendered":"S\u00e4kerhet"},"content":{"rendered":"<div class=\"wpb-content-wrapper\"><p>[vc_row css_animation=&#8221;&#8221; row_type=&#8221;row&#8221; use_row_as_full_screen_section=&#8221;no&#8221; type=&#8221;grid&#8221; angled_section=&#8221;no&#8221; text_align=&#8221;left&#8221; background_image_as_pattern=&#8221;without_pattern&#8221; padding_bottom=&#8221;60&#8243; css=&#8221;.vc_custom_1517973863505{background-position: center !important;background-repeat: no-repeat !important;background-size: cover !important;}&#8221;][vc_column css=&#8221;.vc_custom_1522181436470{padding-top: 1% !important;padding-right: 10% !important;padding-left: 10% !important;}&#8221;][vc_row_inner row_type=&#8221;row&#8221; type=&#8221;full_width&#8221; text_align=&#8221;left&#8221; css_animation=&#8221;&#8221;][vc_column_inner width=&#8221;5\/6&#8243; offset=&#8221;vc_col-lg-offset-1 vc_col-lg-10&#8243; css=&#8221;.vc_custom_1522181450836{padding-right: 3% !important;padding-left: 3% !important;}&#8221;][vc_column_text]<a href=\"https:\/\/www.paristokierratys.fi\/sv\/atervinning\/\">Snabbguide f\u00f6r \u00e5tervinning<\/a> \/ <a href=\"https:\/\/www.paristokierratys.fi\/sv\/atervinning\/insamlingsplatser\/\">Insamlingsplatser<\/a> \/ S\u00e4kerhet \/ <a href=\"https:\/\/www.paristokierratys.fi\/sv\/atervinning\/atervinningsprocessen\/\">\u00c5tervinningsprocess<\/a> \/ <a href=\"https:\/\/www.paristokierratys.fi\/sv\/atervinning\/batterifamilj\/\">Batterifamilj<\/a>[\/vc_column_text][vc_separator type=&#8221;normal&#8221; thickness=&#8221;1&#8243; up=&#8221;20&#8243; down=&#8221;30&#8243;][vc_column_text]<\/p>\n<h1>S\u00e5 h\u00e4r hanterar du batterier och ackumulatorer p\u00e5 ett tryggt s\u00e4tt<\/h1>\n<p>[\/vc_column_text][vc_empty_space height=&#8221;22px&#8221;][vc_column_text]<\/p>\n<h5>Med dessa fyra minnesregler kommer du l\u00e5ngt:<\/h5>\n<p>[\/vc_column_text][\/vc_column_inner][\/vc_row_inner][vc_row_inner row_type=&#8221;row&#8221; type=&#8221;full_width&#8221; text_align=&#8221;left&#8221; css_animation=&#8221;&#8221;][vc_column_inner width=&#8221;5\/6&#8243; offset=&#8221;vc_col-lg-offset-1 vc_col-lg-10&#8243; css=&#8221;.vc_custom_1522181457101{padding-right: 3% !important;padding-left: 3% !important;}&#8221;][vc_empty_space height=&#8221;22px&#8221;][vc_column_text]<\/p>\n<h5><em>1. Tejpa \u00f6ver polerna p\u00e5 batterier och ackumulatorer som tagits ur bruk.<\/em><br \/>\n<em>2. L\u00e4gg l\u00e4ckande batterier i en p\u00e5se.<\/em><br \/>\n<em>3. Se till att f\u00f6rvara knappbatterier utom r\u00e4ckh\u00e5ll f\u00f6r barn.<\/em><br \/>\n<em>4. Anv\u00e4nd ackumulatorn p\u00e5 ett tryggt s\u00e4tt och f\u00f6lj med dess funktion.<\/em><\/h5>\n<p>[\/vc_column_text][\/vc_column_inner][\/vc_row_inner][\/vc_column][\/vc_row][vc_row css_animation=&#8221;&#8221; row_type=&#8221;row&#8221; use_row_as_full_screen_section=&#8221;no&#8221; type=&#8221;full_width&#8221; angled_section=&#8221;no&#8221; text_align=&#8221;left&#8221; background_image_as_pattern=&#8221;without_pattern&#8221; z_index=&#8221;&#8221;][vc_column][qode_elements_holder number_of_columns=&#8221;two_columns&#8221;][qode_elements_holder_item background_image=&#8221;3608&#8243; item_padding=&#8221;0% 0% 0% 0%&#8221; vertical_alignment=&#8221;middle&#8221; advanced_animations=&#8221;no&#8221; item_padding_1024_1280=&#8221;0% 0% 0% 0%&#8221; item_padding_768_1024=&#8221;0% 0% 0% 0%&#8221; item_padding_600_768=&#8221;33% 0% 33% 0%&#8221; item_padding_480_600=&#8221;60% 0% 60% 0%&#8221; item_padding_480=&#8221;60% 0% 60% 0%&#8221;][\/qode_elements_holder_item][qode_elements_holder_item item_padding=&#8221;12% 20% 18% 18%&#8221; advanced_animations=&#8221;no&#8221; item_padding_1024_1280=&#8221;12% 20% 18% 18%&#8221; item_padding_768_1024=&#8221;12% 12% 20% 12%&#8221; item_padding_600_768=&#8221;12% 12% 20% 12%&#8221; item_padding_480_600=&#8221;18% 3% 14.7% 3%&#8221; item_padding_480=&#8221;18% 3% 14.7% 3%&#8221;][vc_empty_space height=&#8221;70px&#8221;][vc_column_text]<\/p>\n<h2>1. Ett tejpat batteri \u00e4r ofarligt<\/h2>\n<p>Batterier och ackumulatorer som tagits ur bruk inneh\u00e5ller vanligtvis en del elektrisk laddning. Om de f\u00f6rvaras f\u00f6rsumligt kan de till f\u00f6ljd av kortslutning bli s\u00e5 pass heta att det leder till en brand. Brandrisken \u00e4r l\u00e4tt att minska genom att tejpa \u00f6ver batteriets eller ackumulatorns poler genast d\u00e5 de tas ur apparaten. S\u00e4rskilt litiumbatterier och -ackumulatorer \u00e4r k\u00e4nsliga och reagerar med andra batterier och metallf\u00f6rem\u00e5l, och d\u00e4rf\u00f6r \u00e4r det bra att tejpa polerna p\u00e5 alla batterier och ackumulatorer.[\/vc_column_text][vc_empty_space height=&#8221;70px&#8221;][\/qode_elements_holder_item][\/qode_elements_holder][\/vc_column][\/vc_row][vc_row css_animation=&#8221;&#8221; row_type=&#8221;row&#8221; use_row_as_full_screen_section=&#8221;no&#8221; type=&#8221;full_width&#8221; angled_section=&#8221;no&#8221; text_align=&#8221;left&#8221; background_image_as_pattern=&#8221;without_pattern&#8221; z_index=&#8221;&#8221;][vc_column][qode_elements_holder number_of_columns=&#8221;two_columns&#8221;][qode_elements_holder_item item_padding=&#8221;12% 20% 18% 20%&#8221; advanced_animations=&#8221;no&#8221; item_padding_1024_1280=&#8221;12% 20% 18% 20%&#8221; item_padding_768_1024=&#8221;12% 12% 19% 12%&#8221; item_padding_600_768=&#8221;12% 12% 19% 12%&#8221; item_padding_480_600=&#8221;18% 3% 14.7% 3%&#8221; item_padding_480=&#8221;18% 3% 14.7% 3%&#8221;][vc_empty_space height=&#8221;70px&#8221;][vc_column_text]<\/p>\n<h2>2. L\u00e4ckande batterier och ackumulatorer l\u00e4ggs i en p\u00e5se<\/h2>\n<p>Alkaliska batterier kan med tiden b\u00f6rja l\u00e4cka kaliumhydroxid, som \u00e4r ett starkt alkaliskt och s\u00e5ledes fr\u00e4tande \u00e4mne. Batteril\u00e4ckage kan man f\u00f6rhindra genom att ta ut batterierna ur apparaten d\u00e5 apparaten inte anv\u00e4nds. L\u00e4ckage kan \u00e4ven f\u00f6rhindras genom att endast anv\u00e4nda batterier av samma typ tillsammans och genom att byta alla batterier som anv\u00e4nds i apparaten samtidigt.<\/p>\n<p>Kaliumhydroxid kan orsaka andningsbesv\u00e4r samt hud- och \u00f6gonirritation. Om l\u00e4ckaget hamnar p\u00e5 huden, ska man genast sk\u00f6lja huden med rikliga m\u00e4ngder vatten i cirka 15\u201330 minuter. Om irritationen inte g\u00e5r \u00f6ver, finns det sk\u00e4l att upps\u00f6ka l\u00e4karv\u00e5rd. Utrymmet d\u00e4r de l\u00e4ckande batterier har hanterats b\u00f6r ventileras noggrant.<\/p>\n<p>Kaliumhydroxid som runnit ut i apparaten eller p\u00e5 andra f\u00f6rem\u00e5l kan man f\u00f6rs\u00f6ka st\u00e4da bort f\u00f6rsiktigt med en basisk l\u00f6sning, till exempel citronsaft eller \u00e4ttika. I reng\u00f6ringsskedet och \u00e4ven annars ocks\u00e5 vid hantering av l\u00e4ckande batterier \u00e4r det sk\u00e4l att anv\u00e4nda plasthandskar.<\/p>\n<p>Det l\u00f6nar sig att f\u00f6re \u00e5tervinningen f\u00f6rpacka l\u00e4ckande batterier i en liten plastp\u00e5se, till exempel en gammal br\u00f6dp\u00e5se, i vilken man kan l\u00e4mna in batterierna till insamlingsl\u00e5dorna som finns i butiker som s\u00e4ljer batterier.[\/vc_column_text][vc_empty_space height=&#8221;70px&#8221;][\/qode_elements_holder_item][qode_elements_holder_item background_image=&#8221;1826&#8243; item_padding=&#8221;0% 0% 0% 0%&#8221; advanced_animations=&#8221;no&#8221; item_padding_1024_1280=&#8221;0% 0% 0% 0%&#8221; item_padding_768_1024=&#8221;0% 0% 0% 0%&#8221; item_padding_600_768=&#8221;100% 0% 100% 0%&#8221; item_padding_480_600=&#8221;100% 0% 100% 0%&#8221; item_padding_480=&#8221;100% 0% 100% 0%&#8221;][\/qode_elements_holder_item][\/qode_elements_holder][\/vc_column][\/vc_row][vc_row css_animation=&#8221;&#8221; row_type=&#8221;row&#8221; use_row_as_full_screen_section=&#8221;no&#8221; type=&#8221;full_width&#8221; angled_section=&#8221;no&#8221; text_align=&#8221;left&#8221; background_image_as_pattern=&#8221;without_pattern&#8221; z_index=&#8221;&#8221;][vc_column][qode_elements_holder number_of_columns=&#8221;two_columns&#8221;][qode_elements_holder_item background_image=&#8221;1065&#8243; item_padding=&#8221;0% 0% 0% 0%&#8221; vertical_alignment=&#8221;middle&#8221; advanced_animations=&#8221;no&#8221; item_padding_1024_1280=&#8221;0% 0% 0% 0%&#8221; item_padding_768_1024=&#8221;0% 0% 0% 0%&#8221; item_padding_600_768=&#8221;98% 0% 98% 0%&#8221; item_padding_480_600=&#8221;98% 0% 98% 0%&#8221; item_padding_480=&#8221;98% 0% 98% 0%&#8221;][\/qode_elements_holder_item][qode_elements_holder_item item_padding=&#8221;13% 20% 18% 18%&#8221; advanced_animations=&#8221;no&#8221; item_padding_1024_1280=&#8221;13% 20% 18% 18%&#8221; item_padding_768_1024=&#8221;12% 12% 19% 12%&#8221; item_padding_600_768=&#8221;12% 12% 19% 12%&#8221; item_padding_480_600=&#8221;18% 3% 14.7% 3%&#8221; item_padding_480=&#8221;18% 3% 14.7% 3%&#8221;][vc_empty_space height=&#8221;70px&#8221;][vc_column_text]<\/p>\n<h2>3. I h\u00e4nderna p\u00e5 barn \u00e4r ett knappbatteri farligt<\/h2>\n<p>M\u00e5nga vardagsf\u00f6rem\u00e5l i hemmet och barnleksaker drivs med knappbatterier och i h\u00e4nderna p\u00e5 barn kan batteriluckorna \u00f6ppnas oavsiktligt. Om barnet sv\u00e4ljer ett batteri, kan f\u00f6ljderna bli allvarliga.<\/p>\n<p>Om batteriet fastnar i halsen eller matstrupen p\u00e5 barnet, kan f\u00f6ljderna bli kv\u00e4vning eller att matstrupen skadas. I v\u00e4rsta fall kan saliv eller magv\u00e4tskor aktivera elstr\u00f6mmen i batteriet, vilket kan orsaka br\u00e4nnskador i matstrupen eller tarmarna.<\/p>\n<p>Om ett barn sv\u00e4ljer ett batteri, ska du genast kontakta l\u00e4kare. F\u00f6rs\u00f6k inte f\u00e5 barnet att kr\u00e4kas. I oklara fall f\u00e5r du anvisningar om hur du ska g\u00f6ra av Giftinformationscentralens jour, tfn 09 471 977. F\u00f6rvara batterier och ackumulatorer p\u00e5 v\u00e4g till \u00e5tervinningen utom r\u00e4ckh\u00e5ll f\u00f6r barn och husdjur.[\/vc_column_text][vc_empty_space height=&#8221;70px&#8221;][\/qode_elements_holder_item][\/qode_elements_holder][\/vc_column][\/vc_row][vc_row css_animation=&#8221;&#8221; row_type=&#8221;row&#8221; use_row_as_full_screen_section=&#8221;no&#8221; type=&#8221;full_width&#8221; angled_section=&#8221;no&#8221; text_align=&#8221;left&#8221; background_image_as_pattern=&#8221;without_pattern&#8221; z_index=&#8221;&#8221;][vc_column][qode_elements_holder number_of_columns=&#8221;two_columns&#8221;][qode_elements_holder_item item_padding=&#8221;13% 20% 18% 20%&#8221; advanced_animations=&#8221;no&#8221; item_padding_1024_1280=&#8221;13% 20% 18% 20%&#8221; item_padding_768_1024=&#8221;12% 12% 19% 12%&#8221; item_padding_600_768=&#8221;12% 12% 19% 12%&#8221; item_padding_480_600=&#8221;18% 3% 14.7% 3%&#8221; item_padding_480=&#8221;18% 3% 14.7% 3%&#8221;][vc_empty_space height=&#8221;60px&#8221;][vc_column_text]<\/p>\n<h2>4. Anv\u00e4nd ackumulatorn p\u00e5 ett tryggt s\u00e4tt och kontrollera dess funktion.<\/h2>\n<p>Hantera batteridrivna apparater omsorgsfullt och anv\u00e4nd dem alltid i enlighet med bruksanvisningen. Undvik att tappa, kl\u00e4mma eller vrida batterier d\u00e5 det kan leda till att n\u00e5gon av batteriets celler kan skadas. Det kan leda till en intern kortslutning och \u00f6verhettning.<\/p>\n<p>Framf\u00f6r allt ska du f\u00f6lja laddningsanvisningarna och anv\u00e4nda r\u00e4tt laddare. Batteriet blir alltid lite varmt vid laddning. T\u00e4ck inte \u00f6ver en apparat som laddas, eftersom v\u00e4rmen d\u00e5 inte avleds.<\/p>\n<p>Om du upplever att batteriet fungerar underligt, hettas upp kraftigt, blir buckligt eller om det kommer ljud fr\u00e5n det, ska du sluta anv\u00e4nda apparaten. Felet kan \u00e4ven leda till att apparaten inte laddas ordentligt.<\/p>\n<p>P\u00e5 sajten <a href=\"https:\/\/zombiakku.fi\/sv\/\" target=\"_blank\" rel=\"noopener\">zombiakku.fi\/sv\/<\/a> kan du l\u00e4sa anvisningar om hur du returnerar en skadad ackumulator och hur du g\u00e5r till v\u00e4ga vid en eventuell riskfylld situation.<\/p>\n<p>Litiumjonbatterier sv\u00e4ller vanligtvis n\u00e5got under anv\u00e4ndning. N\u00e4r batteriet n\u00e5r slutet av sin livscykel, kan det sv\u00e4lla mycket m\u00e4rkbart. L\u00e4mna i s\u00e5dana fall in batteriet som tagits ur bruk till insamlingsplatsen f\u00f6r batterier och ackumulatorer.<\/p>\n<p><a href=\"https:\/\/www.paristokierratys.fi\/sv\/paristokierratys\/lankar-och-ytterligare-information\/\" target=\"_blank\" rel=\"noopener\">L\u00e4s mer om trygg hantering av batterier och ackumulatorer.<\/a><\/p>\n<p>En batteriguide om s\u00e4ker hantering av litiumjonbatterier har tagits fram, s\u00e4rskilt riktad till yrkesverksamma inom branschen, men \u00e4ven l\u00e4mplig f\u00f6r andra akt\u00f6rer som hanterar och samlar in batterier och ackumulatorer. <a href=\"https:\/\/akkuopas.fi\/sv\/hemsida\/\" target=\"_blank\" rel=\"noopener\">Klicka h\u00e4r f\u00f6r att ta del av guiden.<\/a>[\/vc_column_text][vc_empty_space height=&#8221;70px&#8221;][\/qode_elements_holder_item][qode_elements_holder_item background_image=&#8221;1088&#8243; item_padding=&#8221;0% 0% 0% 0%&#8221; advanced_animations=&#8221;no&#8221; item_padding_1024_1280=&#8221;0% 0% 0% 0%&#8221; item_padding_768_1024=&#8221;0% 0% 0% 0%&#8221; item_padding_600_768=&#8221;98% 0% 98% 0%&#8221; item_padding_480_600=&#8221;98% 0% 98% 0%&#8221; item_padding_480=&#8221;98% 0% 98% 0%&#8221;][\/qode_elements_holder_item][\/qode_elements_holder][\/vc_column][\/vc_row][vc_row css_animation=&#8221;&#8221; row_type=&#8221;row&#8221; use_row_as_full_screen_section=&#8221;no&#8221; type=&#8221;full_width&#8221; angled_section=&#8221;no&#8221; text_align=&#8221;left&#8221; background_image_as_pattern=&#8221;without_pattern&#8221;][vc_column][vc_empty_space height=&#8221;50px&#8221;][\/vc_column][\/vc_row]<\/p>\n<\/div>","protected":false},"excerpt":{"rendered":"<p>[vc_row css_animation=&#8221;&#8221; row_type=&#8221;row&#8221; use_row_as_full_screen_section=&#8221;no&#8221; type=&#8221;grid&#8221; angled_section=&#8221;no&#8221; text_align=&#8221;left&#8221; background_image_as_pattern=&#8221;without_pattern&#8221; padding_bottom=&#8221;60&#8243; css=&#8221;.vc_custom_1517973863505{background-position: center !important;background-repeat: no-repeat !important;background-size: cover !important;}&#8221;][vc_column css=&#8221;.vc_custom_1522181436470{padding-top: 1% !important;padding-right: 10% !important;padding-left: 10% !important;}&#8221;][vc_row_inner row_type=&#8221;row&#8221; type=&#8221;full_width&#8221; text_align=&#8221;left&#8221; css_animation=&#8221;&#8221;][vc_column_inner width=&#8221;5\/6&#8243; offset=&#8221;vc_col-lg-offset-1 vc_col-lg-10&#8243; css=&#8221;.vc_custom_1522181450836{padding-right: 3% !important;padding-left: 3% !important;}&#8221;][vc_column_text]Snabbguide f\u00f6r \u00e5tervinning \/ Insamlingsplatser \/ S\u00e4kerhet \/ \u00c5tervinningsprocess \/ Batterifamilj[\/vc_column_text][vc_separator&#8230;<\/p>\n","protected":false},"author":1,"featured_media":0,"parent":7775,"menu_order":0,"comment_status":"closed","ping_status":"closed","template":"full_width.php","meta":{"footnotes":""},"class_list":["post-2670","page","type-page","status-publish","hentry"],"yoast_head":"<!-- This site is optimized with the Yoast SEO plugin v26.8 - https:\/\/yoast.com\/product\/yoast-seo-wordpress\/ -->\n<title>S\u00e4kerhet - Paristokierr\u00e4tys<\/title>\n<meta name=\"robots\" content=\"index, follow, max-snippet:-1, max-image-preview:large, max-video-preview:-1\" \/>\n<link rel=\"canonical\" href=\"https:\/\/www.paristokierratys.fi\/sv\/atervinning\/sakerhet\/\" \/>\n<meta property=\"og:locale\" content=\"sv_SE\" \/>\n<meta property=\"og:type\" content=\"article\" \/>\n<meta property=\"og:title\" content=\"S\u00e4kerhet - Paristokierr\u00e4tys\" \/>\n<meta property=\"og:description\" content=\"[vc_row css_animation=&#8221;&#8221; row_type=&#8221;row&#8221; use_row_as_full_screen_section=&#8221;no&#8221; type=&#8221;grid&#8221; angled_section=&#8221;no&#8221; text_align=&#8221;left&#8221; background_image_as_pattern=&#8221;without_pattern&#8221; padding_bottom=&#8221;60&#8243; css=&#8221;.vc_custom_1517973863505{background-position: center !important;background-repeat: no-repeat !important;background-size: cover !important;}&#8221;][vc_column css=&#8221;.vc_custom_1522181436470{padding-top: 1% !important;padding-right: 10% !important;padding-left: 10% !important;}&#8221;][vc_row_inner row_type=&#8221;row&#8221; type=&#8221;full_width&#8221; text_align=&#8221;left&#8221; css_animation=&#8221;&#8221;][vc_column_inner width=&#8221;5\/6&#8243; offset=&#8221;vc_col-lg-offset-1 vc_col-lg-10&#8243; css=&#8221;.vc_custom_1522181450836{padding-right: 3% !important;padding-left: 3% !important;}&#8221;][vc_column_text]Snabbguide f\u00f6r \u00e5tervinning \/ Insamlingsplatser \/ S\u00e4kerhet \/ \u00c5tervinningsprocess \/ Batterifamilj[\/vc_column_text][vc_separator...\" \/>\n<meta property=\"og:url\" content=\"https:\/\/www.paristokierratys.fi\/sv\/atervinning\/sakerhet\/\" \/>\n<meta property=\"og:site_name\" content=\"Paristokierr\u00e4tys\" \/>\n<meta property=\"article:modified_time\" content=\"2023-10-26T14:04:19+00:00\" \/>\n<meta name=\"twitter:card\" content=\"summary_large_image\" \/>\n<meta name=\"twitter:label1\" content=\"Ber\u00e4knad l\u00e4stid\" \/>\n\t<meta name=\"twitter:data1\" content=\"6 minuter\" \/>\n<script type=\"application\/ld+json\" class=\"yoast-schema-graph\">{\"@context\":\"https:\/\/schema.org\",\"@graph\":[{\"@type\":\"WebPage\",\"@id\":\"https:\/\/www.paristokierratys.fi\/sv\/atervinning\/sakerhet\/\",\"url\":\"https:\/\/www.paristokierratys.fi\/sv\/atervinning\/sakerhet\/\",\"name\":\"S\u00e4kerhet - Paristokierr\u00e4tys\",\"isPartOf\":{\"@id\":\"https:\/\/www.paristokierratys.fi\/#website\"},\"datePublished\":\"2018-03-29T00:03:32+00:00\",\"dateModified\":\"2023-10-26T14:04:19+00:00\",\"breadcrumb\":{\"@id\":\"https:\/\/www.paristokierratys.fi\/sv\/atervinning\/sakerhet\/#breadcrumb\"},\"inLanguage\":\"sv-SE\",\"potentialAction\":[{\"@type\":\"ReadAction\",\"target\":[\"https:\/\/www.paristokierratys.fi\/sv\/atervinning\/sakerhet\/\"]}]},{\"@type\":\"BreadcrumbList\",\"@id\":\"https:\/\/www.paristokierratys.fi\/sv\/atervinning\/sakerhet\/#breadcrumb\",\"itemListElement\":[{\"@type\":\"ListItem\",\"position\":1,\"name\":\"Home\",\"item\":\"https:\/\/www.paristokierratys.fi\/sv\/\"},{\"@type\":\"ListItem\",\"position\":2,\"name\":\"Snabbguide f\u00f6r \u00e5tervinning\",\"item\":\"https:\/\/www.paristokierratys.fi\/sv\/atervinning\/\"},{\"@type\":\"ListItem\",\"position\":3,\"name\":\"S\u00e4kerhet\"}]},{\"@type\":\"WebSite\",\"@id\":\"https:\/\/www.paristokierratys.fi\/#website\",\"url\":\"https:\/\/www.paristokierratys.fi\/\",\"name\":\"Paristokierr\u00e4tys\",\"description\":\"Paristokierr\u00e4tyst\u00e4 Suomessa organisoi tuottajayhteis\u00f6 Recser Oy, joka edustaa yli 500:aa paristojen ja akkujen tuottajaa.\",\"potentialAction\":[{\"@type\":\"SearchAction\",\"target\":{\"@type\":\"EntryPoint\",\"urlTemplate\":\"https:\/\/www.paristokierratys.fi\/?s={search_term_string}\"},\"query-input\":{\"@type\":\"PropertyValueSpecification\",\"valueRequired\":true,\"valueName\":\"search_term_string\"}}],\"inLanguage\":\"sv-SE\"}]}<\/script>\n<!-- \/ Yoast SEO plugin. -->","yoast_head_json":{"title":"S\u00e4kerhet - Paristokierr\u00e4tys","robots":{"index":"index","follow":"follow","max-snippet":"max-snippet:-1","max-image-preview":"max-image-preview:large","max-video-preview":"max-video-preview:-1"},"canonical":"https:\/\/www.paristokierratys.fi\/sv\/atervinning\/sakerhet\/","og_locale":"sv_SE","og_type":"article","og_title":"S\u00e4kerhet - Paristokierr\u00e4tys","og_description":"[vc_row css_animation=&#8221;&#8221; row_type=&#8221;row&#8221; use_row_as_full_screen_section=&#8221;no&#8221; type=&#8221;grid&#8221; angled_section=&#8221;no&#8221; text_align=&#8221;left&#8221; background_image_as_pattern=&#8221;without_pattern&#8221; padding_bottom=&#8221;60&#8243; css=&#8221;.vc_custom_1517973863505{background-position: center !important;background-repeat: no-repeat !important;background-size: cover !important;}&#8221;][vc_column css=&#8221;.vc_custom_1522181436470{padding-top: 1% !important;padding-right: 10% !important;padding-left: 10% !important;}&#8221;][vc_row_inner row_type=&#8221;row&#8221; type=&#8221;full_width&#8221; text_align=&#8221;left&#8221; css_animation=&#8221;&#8221;][vc_column_inner width=&#8221;5\/6&#8243; offset=&#8221;vc_col-lg-offset-1 vc_col-lg-10&#8243; css=&#8221;.vc_custom_1522181450836{padding-right: 3% !important;padding-left: 3% !important;}&#8221;][vc_column_text]Snabbguide f\u00f6r \u00e5tervinning \/ Insamlingsplatser \/ S\u00e4kerhet \/ \u00c5tervinningsprocess \/ Batterifamilj[\/vc_column_text][vc_separator...","og_url":"https:\/\/www.paristokierratys.fi\/sv\/atervinning\/sakerhet\/","og_site_name":"Paristokierr\u00e4tys","article_modified_time":"2023-10-26T14:04:19+00:00","twitter_card":"summary_large_image","twitter_misc":{"Ber\u00e4knad l\u00e4stid":"6 minuter"},"schema":{"@context":"https:\/\/schema.org","@graph":[{"@type":"WebPage","@id":"https:\/\/www.paristokierratys.fi\/sv\/atervinning\/sakerhet\/","url":"https:\/\/www.paristokierratys.fi\/sv\/atervinning\/sakerhet\/","name":"S\u00e4kerhet - Paristokierr\u00e4tys","isPartOf":{"@id":"https:\/\/www.paristokierratys.fi\/#website"},"datePublished":"2018-03-29T00:03:32+00:00","dateModified":"2023-10-26T14:04:19+00:00","breadcrumb":{"@id":"https:\/\/www.paristokierratys.fi\/sv\/atervinning\/sakerhet\/#breadcrumb"},"inLanguage":"sv-SE","potentialAction":[{"@type":"ReadAction","target":["https:\/\/www.paristokierratys.fi\/sv\/atervinning\/sakerhet\/"]}]},{"@type":"BreadcrumbList","@id":"https:\/\/www.paristokierratys.fi\/sv\/atervinning\/sakerhet\/#breadcrumb","itemListElement":[{"@type":"ListItem","position":1,"name":"Home","item":"https:\/\/www.paristokierratys.fi\/sv\/"},{"@type":"ListItem","position":2,"name":"Snabbguide f\u00f6r \u00e5tervinning","item":"https:\/\/www.paristokierratys.fi\/sv\/atervinning\/"},{"@type":"ListItem","position":3,"name":"S\u00e4kerhet"}]},{"@type":"WebSite","@id":"https:\/\/www.paristokierratys.fi\/#website","url":"https:\/\/www.paristokierratys.fi\/","name":"Paristokierr\u00e4tys","description":"Paristokierr\u00e4tyst\u00e4 Suomessa organisoi tuottajayhteis\u00f6 Recser Oy, joka edustaa yli 500:aa paristojen ja akkujen tuottajaa.","potentialAction":[{"@type":"SearchAction","target":{"@type":"EntryPoint","urlTemplate":"https:\/\/www.paristokierratys.fi\/?s={search_term_string}"},"query-input":{"@type":"PropertyValueSpecification","valueRequired":true,"valueName":"search_term_string"}}],"inLanguage":"sv-SE"}]}},"_links":{"self":[{"href":"https:\/\/www.paristokierratys.fi\/sv\/wp-json\/wp\/v2\/pages\/2670","targetHints":{"allow":["GET"]}}],"collection":[{"href":"https:\/\/www.paristokierratys.fi\/sv\/wp-json\/wp\/v2\/pages"}],"about":[{"href":"https:\/\/www.paristokierratys.fi\/sv\/wp-json\/wp\/v2\/types\/page"}],"author":[{"embeddable":true,"href":"https:\/\/www.paristokierratys.fi\/sv\/wp-json\/wp\/v2\/users\/1"}],"replies":[{"embeddable":true,"href":"https:\/\/www.paristokierratys.fi\/sv\/wp-json\/wp\/v2\/comments?post=2670"}],"version-history":[{"count":22,"href":"https:\/\/www.paristokierratys.fi\/sv\/wp-json\/wp\/v2\/pages\/2670\/revisions"}],"predecessor-version":[{"id":12489,"href":"https:\/\/www.paristokierratys.fi\/sv\/wp-json\/wp\/v2\/pages\/2670\/revisions\/12489"}],"up":[{"embeddable":true,"href":"https:\/\/www.paristokierratys.fi\/sv\/wp-json\/wp\/v2\/pages\/7775"}],"wp:attachment":[{"href":"https:\/\/www.paristokierratys.fi\/sv\/wp-json\/wp\/v2\/media?parent=2670"}],"curies":[{"name":"wp","href":"https:\/\/api.w.org\/{rel}","templated":true}]}}