{"id":10286,"date":"2022-08-26T10:22:44","date_gmt":"2022-08-26T07:22:44","guid":{"rendered":"https:\/\/www.paristokierratys.fi\/samarbetspartner\/"},"modified":"2025-04-17T14:56:17","modified_gmt":"2025-04-17T11:56:17","slug":"samarbetspartner","status":"publish","type":"page","link":"https:\/\/www.paristokierratys.fi\/sv\/samarbetspartner\/","title":{"rendered":"Samarbetspartner"},"content":{"rendered":"<div class=\"wpb-content-wrapper\"><p>[vc_row css_animation=&#8221;&#8221; row_type=&#8221;row&#8221; use_row_as_full_screen_section=&#8221;no&#8221; type=&#8221;grid&#8221; angled_section=&#8221;no&#8221; text_align=&#8221;left&#8221; background_image_as_pattern=&#8221;without_pattern&#8221; css=&#8221;.vc_custom_1510096609096{background-position: center !important;background-repeat: no-repeat !important;background-size: cover !important;}&#8221;][vc_column css=&#8221;.vc_custom_1512707176001{padding-top: 1% !important;padding-right: 8% !important;padding-bottom: 6% !important;padding-left: 8% !important;}&#8221;][vc_row_inner row_type=&#8221;row&#8221; type=&#8221;full_width&#8221; text_align=&#8221;left&#8221; css_animation=&#8221;&#8221;][vc_column_inner][vc_column_text]<a href=\"https:\/\/www.paristokierratys.fi\/sv\/paristokierratys\/\">Vad \u00e4r Paristokierr\u00e4tys?<\/a>\u00a0\/\u00a0<a href=\"https:\/\/www.paristokierratys.fi\/sv\/paristokierratys\/registrerade-producenter\/\">Registrerade producenter<\/a> \/\u00a0<a href=\"https:\/\/www.paristokierratys.fi\/sv\/aktuellt\/\">Aktuellt<\/a> \/\u00a0<a href=\"https:\/\/www.paristokierratys.fi\/sv\/paristokierratys\/statistik\/\">Statistik<\/a> \/ <a href=\"https:\/\/www.paristokierratys.fi\/sv\/paristokierratys\/faq\/\">FAQ<\/a> \/ <a href=\"https:\/\/www.paristokierratys.fi\/sv\/paristokierratys\/lankar-och-ytterligare-information\/\">L\u00e4nkar och ytterligare information<\/a> \/\u00a0<a href=\"https:\/\/www.paristokierratys.fi\/sv\/paristokierratys\/varden-och-visio\/\">V\u00e4rden och visio<\/a> \/ <a href=\"https:\/\/www.paristokierratys.fi\/sv\/paristokierratys\/dataskydd\/\">Dataskydd<\/a> \/ <a href=\"https:\/\/www.paristokierratys.fi\/sv\/paristokierratys\/styrelsen\/\">\u00c4gare och styrelse<\/a> \/ Samarbetspartner \/ <a href=\"https:\/\/www.paristokierratys.fi\/sv\/paristokierratys\/kontakt\/\">Kontakt information<\/a>[\/vc_column_text][vc_separator type=&#8221;normal&#8221; thickness=&#8221;1&#8243; up=&#8221;20&#8243; down=&#8221;30&#8243;][\/vc_column_inner][\/vc_row_inner][vc_row_inner row_type=&#8221;row&#8221; type=&#8221;full_width&#8221; text_align=&#8221;left&#8221; css_animation=&#8221;&#8221;][vc_column_inner css=&#8221;.vc_custom_1658991330969{padding-top: 3.5% !important;}&#8221;][vc_column_text]<\/p>\n<h1 style=\"text-align: center\">Samarbetspartner<\/h1>\n<p>[\/vc_column_text][vc_empty_space height=&#8221;22px&#8221;][vc_column_text]<\/p>\n<h3 style=\"text-align: center\">Vi samarbetar med professionella inom den cirkul\u00e4ra ekonomin i insamling, transport och \u00e5tervinning av batterier och ackumulatorer. \u00c5tervinning av batterier och ackumulatorer som kan b\u00e4ras f\u00f6r hand har ordnats p\u00e5 deras f\u00f6rs\u00e4ljningsst\u00e4llen och regionala insamlingsplatser som finns listade p\u00e5 <a href=\"https:\/\/www.kierratys.info\/\" target=\"_blank\" rel=\"noopener\">kierr\u00e4tys.info<\/a>. Via v\u00e5ra samarbetspartner \u00e4r det m\u00f6jligt att best\u00e4lla skr\u00e4ddarsydda avh\u00e4mtnings- och \u00e5tervinningstj\u00e4nster f\u00f6r bl.a. stora industriackumulatorer. L\u00e4s mer om stora industriackumulatorer p\u00e5 sidan <a href=\"https:\/\/www.paristokierratys.fi\/sv\/for-producenter\/klassificering-av-batterier-och-ackumulatorer\/\" target=\"_blank\" rel=\"noopener\">klassificering av batterier och ackumulatorer<\/a>.<\/h3>\n<p>[\/vc_column_text][vc_empty_space height=&#8221;20px&#8221;][vc_column_text]<\/p>\n<h3 style=\"text-align: center\">Vi vill s\u00e4kerst\u00e4lla h\u00e5llbarheten i v\u00e5r verksamhet i partnersamarbete genom att kr\u00e4va etiskt uppf\u00f6rande \u00e4ven fr\u00e5n v\u00e5ra partners. Vi f\u00f6rv\u00e4ntar oss att v\u00e5ra partners f\u00f6rbinder sig att f\u00f6lja de etiska riktlinjer och principer som beskrivs i <a href=\"https:\/\/www.paristokierratys.fi\/wp-content\/uploads\/2024\/01\/Recser-Oy-Code-of-conduct-for-Partners_in-English.pdf\" target=\"_blank\" rel=\"noopener\">Recser Oy &#8211; Code of Conduct for Partners (p\u00e5 engelska)<\/a>.<\/h3>\n<p>[\/vc_column_text][vc_empty_space height=&#8221;20px&#8221;][vc_column_text]<\/p>\n<h3 style=\"text-align: center\">Bearbetnings- och \u00e5tervinningstj\u00e4nster upphandlas \u00f6ppet efter behov och m\u00f6jligheter. Vi samarbetar med alla tj\u00e4nsteleverant\u00f6rer som uppfyller villkoren. Om du \u00e4r intresserad av samarbete, v\u00e4nligen kontakta: info(a)recser.fi.<\/h3>\n<p>[\/vc_column_text][vc_empty_space height=&#8221;40px&#8221;][\/vc_column_inner][\/vc_row_inner][vc_row_inner row_type=&#8221;row&#8221; type=&#8221;full_width&#8221; text_align=&#8221;left&#8221; css_animation=&#8221;element_from_fade&#8221;][vc_column_inner width=&#8221;1\/3&#8243; css=&#8221;.vc_custom_1659001661824{margin-top: 0px !important;margin-right: 0px !important;margin-bottom: 0px !important;margin-left: 0px !important;}&#8221;][vc_empty_space height=&#8221;8px&#8221;][vc_single_image image=&#8221;9448&#8243; img_size=&#8221;medium&#8221; alignment=&#8221;center&#8221; onclick=&#8221;custom_link&#8221; img_link_target=&#8221;_blank&#8221; qode_css_animation=&#8221;&#8221; qode_hover_animation=&#8221;zoom_in&#8221; link=&#8221;https:\/\/www.akkuser.fi\/en\/home\/&#8221;][vc_column_text css=&#8221;.vc_custom_1658999921356{margin-top: 20px !important;}&#8221;]Recser Oy:s avtalspartner f\u00f6r b\u00e4rbara batterier och ackumulatorer, erbjuder ocks\u00e5 \u00e5tervinningstj\u00e4nster f\u00f6r stora industriackumulatorer (alkaliska).[\/vc_column_text][\/vc_column_inner][vc_column_inner width=&#8221;1\/3&#8243; css=&#8221;.vc_custom_1658997982262{margin: 0px !important;}&#8221;][vc_single_image image=&#8221;9451&#8243; img_size=&#8221;full&#8221; onclick=&#8221;custom_link&#8221; img_link_target=&#8221;_blank&#8221; qode_css_animation=&#8221;&#8221; qode_hover_animation=&#8221;zoom_in&#8221; link=&#8221;https:\/\/www.lt.fi\/en\/&#8221;][vc_column_text]Avh\u00e4mtnings- och mottagningstj\u00e4nster f\u00f6r b\u00e4rbara batterier och ackumulatorer samt \u00e5tervinningstj\u00e4nster f\u00f6r stora industriackumulatorer (li-jon).[\/vc_column_text][\/vc_column_inner][vc_column_inner width=&#8221;1\/3&#8243; css=&#8221;.vc_custom_1661501258029{margin-top: 0px !important;margin-right: 0px !important;margin-bottom: 0px !important;margin-left: 0px !important;}&#8221;][vc_empty_space height=&#8221;50px&#8221;][vc_single_image image=&#8221;10006&#8243; img_size=&#8221;full&#8221; onclick=&#8221;custom_link&#8221; img_link_target=&#8221;_blank&#8221; qode_css_animation=&#8221;&#8221; qode_hover_animation=&#8221;zoom_in&#8221; link=&#8221;https:\/\/www.fortum.fi\/en&#8221; css=&#8221;.vc_custom_1663757373371{margin-top: 100px !important;}&#8221;][vc_column_text css=&#8221;.vc_custom_1658992198691{margin-top: 70px !important;}&#8221;]Avh\u00e4mtnings- och mottagningstj\u00e4nster f\u00f6r b\u00e4rbara batterier och ackumulatorer samt \u00e5tervinningstj\u00e4nster f\u00f6r stora industriackumulatorer (li-jon).[\/vc_column_text][\/vc_column_inner][\/vc_row_inner][vc_empty_space height=&#8221;40px&#8221;][vc_row_inner row_type=&#8221;row&#8221; type=&#8221;full_width&#8221; text_align=&#8221;left&#8221; css_animation=&#8221;element_from_fade&#8221;][vc_column_inner width=&#8221;1\/3&#8243; css=&#8221;.vc_custom_1658997994208{margin: 0px !important;}&#8221;][vc_empty_space height=&#8221;3px&#8221;][vc_single_image image=&#8221;9454&#8243; img_size=&#8221;full&#8221; onclick=&#8221;custom_link&#8221; img_link_target=&#8221;_blank&#8221; qode_css_animation=&#8221;&#8221; qode_hover_animation=&#8221;zoom_in&#8221; link=&#8221;https:\/\/www.tramel.info\/&#8221;][vc_column_text]Avh\u00e4mtnings- och mottagningstj\u00e4nster f\u00f6r b\u00e4rbara batterier och ackumulatorer samt \u00e5tervinningstj\u00e4nster f\u00f6r stora industriackumulatorer (li-jon).[\/vc_column_text][\/vc_column_inner][vc_column_inner width=&#8221;1\/3&#8243; css=&#8221;.vc_custom_1658997982262{margin: 0px !important;}&#8221;][vc_single_image image=&#8221;9452&#8243; img_size=&#8221;medium&#8221; onclick=&#8221;custom_link&#8221; img_link_target=&#8221;_blank&#8221; qode_css_animation=&#8221;&#8221; qode_hover_animation=&#8221;zoom_in&#8221; link=&#8221;https:\/\/www.stenarecycling.com\/&#8221;][vc_column_text]Avh\u00e4mtnings- och mottagningstj\u00e4nster f\u00f6r b\u00e4rbara batterier och ackumulatorer samt \u00e5tervinningstj\u00e4nster f\u00f6r stora industriackumulatorer (li-jon).[\/vc_column_text][\/vc_column_inner][vc_column_inner width=&#8221;1\/3&#8243; css=&#8221;.vc_custom_1661501249261{margin-top: 0px !important;margin-right: 0px !important;margin-bottom: 0px !important;margin-left: 0px !important;}&#8221;][vc_empty_space height=&#8221;70px&#8221;][vc_single_image image=&#8221;10035&#8243; img_size=&#8221;full&#8221; onclick=&#8221;custom_link&#8221; img_link_target=&#8221;_blank&#8221; qode_css_animation=&#8221;&#8221; qode_hover_animation=&#8221;zoom_in&#8221; link=&#8221;https:\/\/akkukierratyspb.fi\/sv\/&#8221; css=&#8221;.vc_custom_1663757391241{margin-top: 100px !important;}&#8221;][vc_empty_space height=&#8221;10px&#8221;][vc_column_text css=&#8221;.vc_custom_1658999755921{margin-top: 70px !important;}&#8221;]Insamling och \u00e5tervinning av blybaserade fordons- och industriackumulatorer via sina samarbetspartner (Pb).[\/vc_column_text][\/vc_column_inner][\/vc_row_inner][vc_empty_space height=&#8221;40px&#8221;][vc_row_inner row_type=&#8221;row&#8221; type=&#8221;full_width&#8221; text_align=&#8221;left&#8221; css_animation=&#8221;element_from_fade&#8221;][vc_column_inner width=&#8221;1\/3&#8243; css=&#8221;.vc_custom_1658997994208{margin: 0px !important;}&#8221;][vc_empty_space height=&#8221;3px&#8221;][vc_single_image image=&#8221;16226&#8243; img_size=&#8221;full&#8221; onclick=&#8221;custom_link&#8221; img_link_target=&#8221;_blank&#8221; qode_css_animation=&#8221;&#8221; qode_hover_animation=&#8221;zoom_in&#8221; link=&#8221;https:\/\/www.kuusakoski.com\/fi\/finland\/&#8221;][vc_column_text]Avh\u00e4mtnings- och mottagningstj\u00e4nster f\u00f6r b\u00e4rbara batterier och ackumulatorer.[\/vc_column_text][\/vc_column_inner][vc_column_inner width=&#8221;1\/3&#8243; css=&#8221;.vc_custom_1658997982262{margin: 0px !important;}&#8221;][\/vc_column_inner][vc_column_inner width=&#8221;1\/3&#8243; css=&#8221;.vc_custom_1661501249261{margin-top: 0px !important;margin-right: 0px !important;margin-bottom: 0px !important;margin-left: 0px !important;}&#8221;][\/vc_column_inner][\/vc_row_inner][vc_empty_space height=&#8221;40px&#8221;][vc_row_inner row_type=&#8221;row&#8221; type=&#8221;full_width&#8221; text_align=&#8221;left&#8221; css_animation=&#8221;&#8221;][vc_column_inner width=&#8221;1\/2&#8243; css=&#8221;.vc_custom_1659002064942{margin-right: 50px !important;}&#8221;][vc_column_text]<strong>V\u00e5ra producenttj\u00e4nster utf\u00f6rs i samarbete med:<\/strong>[\/vc_column_text][vc_column_text]<a href=\"https:\/\/akkukierratyspb.fi\/sv\/\" target=\"_blank\" rel=\"noopener\">Akkukierr\u00e4tys Pb Oy<\/a><br \/>\n<a href=\"http:\/\/elker.fi\/en\" target=\"_blank\" rel=\"noopener\">Elker Oy<\/a><br \/>\n<a href=\"https:\/\/erp-recycling.org\/en-fi\/\" target=\"_blank\" rel=\"noopener\">ERP Finland ry<\/a><br \/>\n<a href=\"https:\/\/autokierratys.fi\/sv\/\" target=\"_blank\" rel=\"noopener\">Suomen Autokierr\u00e4tys Oy<\/a>[\/vc_column_text][vc_empty_space height=&#8221;20px&#8221;][vc_column_text]<strong>Andra samarbetspartner:<\/strong>[\/vc_column_text][vc_column_text]<a href=\"https:\/\/kivo.fi\/\" target=\"_blank\" rel=\"noopener\">Suomen Kiertovoima KIVO ry<\/a>[\/vc_column_text][\/vc_column_inner][vc_column_inner width=&#8221;1\/2&#8243;][vc_column_text]<strong>V\u00e5ra transportpartners:<\/strong>[\/vc_column_text][vc_column_text]<a href=\"https:\/\/jareks.fi\/\" target=\"_blank\" rel=\"noopener\">Jareks Oy<\/a><br \/>\n<a href=\"https:\/\/www.kuljetuspalvelufagel.fi\/etusivu\" target=\"_blank\" rel=\"noopener\">Kuljetuspalvelu F\u00e5gel Oy<\/a><br \/>\n<a href=\"https:\/\/verdis.fi\/\" target=\"_blank\" rel=\"noopener\">Verdis Oy<\/a>[\/vc_column_text][\/vc_column_inner][\/vc_row_inner][vc_empty_space height=&#8221;20px&#8221;][\/vc_column][\/vc_row]<\/p>\n<\/div>","protected":false},"excerpt":{"rendered":"<p>[vc_row css_animation=&#8221;&#8221; row_type=&#8221;row&#8221; use_row_as_full_screen_section=&#8221;no&#8221; type=&#8221;grid&#8221; angled_section=&#8221;no&#8221; text_align=&#8221;left&#8221; background_image_as_pattern=&#8221;without_pattern&#8221; css=&#8221;.vc_custom_1510096609096{background-position: center !important;background-repeat: no-repeat !important;background-size: cover !important;}&#8221;][vc_column css=&#8221;.vc_custom_1512707176001{padding-top: 1% !important;padding-right: 8% !important;padding-bottom: 6% !important;padding-left: 8% !important;}&#8221;][vc_row_inner row_type=&#8221;row&#8221; type=&#8221;full_width&#8221; text_align=&#8221;left&#8221; css_animation=&#8221;&#8221;][vc_column_inner][vc_column_text]Vad \u00e4r Paristokierr\u00e4tys?\u00a0\/\u00a0Registrerade producenter \/\u00a0Aktuellt \/\u00a0Statistik \/ FAQ \/ L\u00e4nkar och ytterligare information \/\u00a0V\u00e4rden och visio \/ Dataskydd&#8230;<\/p>\n","protected":false},"author":8,"featured_media":0,"parent":0,"menu_order":0,"comment_status":"closed","ping_status":"closed","template":"full_width.php","meta":{"footnotes":""},"class_list":["post-10286","page","type-page","status-publish","hentry"],"yoast_head":"<!-- This site is optimized with the Yoast SEO plugin v26.8 - https:\/\/yoast.com\/product\/yoast-seo-wordpress\/ -->\n<title>Samarbetspartner - Paristokierr\u00e4tys<\/title>\n<meta name=\"robots\" content=\"index, follow, max-snippet:-1, max-image-preview:large, max-video-preview:-1\" \/>\n<link rel=\"canonical\" href=\"https:\/\/www.paristokierratys.fi\/sv\/samarbetspartner\/\" \/>\n<meta property=\"og:locale\" content=\"sv_SE\" \/>\n<meta property=\"og:type\" content=\"article\" \/>\n<meta property=\"og:title\" content=\"Samarbetspartner - Paristokierr\u00e4tys\" \/>\n<meta property=\"og:description\" content=\"[vc_row css_animation=&#8221;&#8221; row_type=&#8221;row&#8221; use_row_as_full_screen_section=&#8221;no&#8221; type=&#8221;grid&#8221; angled_section=&#8221;no&#8221; text_align=&#8221;left&#8221; background_image_as_pattern=&#8221;without_pattern&#8221; css=&#8221;.vc_custom_1510096609096{background-position: center !important;background-repeat: no-repeat !important;background-size: cover !important;}&#8221;][vc_column css=&#8221;.vc_custom_1512707176001{padding-top: 1% !important;padding-right: 8% !important;padding-bottom: 6% !important;padding-left: 8% !important;}&#8221;][vc_row_inner row_type=&#8221;row&#8221; type=&#8221;full_width&#8221; text_align=&#8221;left&#8221; css_animation=&#8221;&#8221;][vc_column_inner][vc_column_text]Vad \u00e4r Paristokierr\u00e4tys?\u00a0\/\u00a0Registrerade producenter \/\u00a0Aktuellt \/\u00a0Statistik \/ FAQ \/ L\u00e4nkar och ytterligare information \/\u00a0V\u00e4rden och visio \/ Dataskydd...\" \/>\n<meta property=\"og:url\" content=\"https:\/\/www.paristokierratys.fi\/sv\/samarbetspartner\/\" \/>\n<meta property=\"og:site_name\" content=\"Paristokierr\u00e4tys\" \/>\n<meta property=\"article:modified_time\" content=\"2025-04-17T11:56:17+00:00\" \/>\n<meta name=\"twitter:card\" content=\"summary_large_image\" \/>\n<meta name=\"twitter:label1\" content=\"Ber\u00e4knad l\u00e4stid\" \/>\n\t<meta name=\"twitter:data1\" content=\"5 minuter\" \/>\n<script type=\"application\/ld+json\" class=\"yoast-schema-graph\">{\"@context\":\"https:\/\/schema.org\",\"@graph\":[{\"@type\":\"WebPage\",\"@id\":\"https:\/\/www.paristokierratys.fi\/sv\/samarbetspartner\/\",\"url\":\"https:\/\/www.paristokierratys.fi\/sv\/samarbetspartner\/\",\"name\":\"Samarbetspartner - Paristokierr\u00e4tys\",\"isPartOf\":{\"@id\":\"https:\/\/www.paristokierratys.fi\/#website\"},\"datePublished\":\"2022-08-26T07:22:44+00:00\",\"dateModified\":\"2025-04-17T11:56:17+00:00\",\"breadcrumb\":{\"@id\":\"https:\/\/www.paristokierratys.fi\/sv\/samarbetspartner\/#breadcrumb\"},\"inLanguage\":\"sv-SE\",\"potentialAction\":[{\"@type\":\"ReadAction\",\"target\":[\"https:\/\/www.paristokierratys.fi\/sv\/samarbetspartner\/\"]}]},{\"@type\":\"BreadcrumbList\",\"@id\":\"https:\/\/www.paristokierratys.fi\/sv\/samarbetspartner\/#breadcrumb\",\"itemListElement\":[{\"@type\":\"ListItem\",\"position\":1,\"name\":\"Home\",\"item\":\"https:\/\/www.paristokierratys.fi\/sv\/\"},{\"@type\":\"ListItem\",\"position\":2,\"name\":\"Samarbetspartner\"}]},{\"@type\":\"WebSite\",\"@id\":\"https:\/\/www.paristokierratys.fi\/#website\",\"url\":\"https:\/\/www.paristokierratys.fi\/\",\"name\":\"Paristokierr\u00e4tys\",\"description\":\"Paristokierr\u00e4tyst\u00e4 Suomessa organisoi tuottajayhteis\u00f6 Recser Oy, joka edustaa yli 500:aa paristojen ja akkujen tuottajaa.\",\"potentialAction\":[{\"@type\":\"SearchAction\",\"target\":{\"@type\":\"EntryPoint\",\"urlTemplate\":\"https:\/\/www.paristokierratys.fi\/?s={search_term_string}\"},\"query-input\":{\"@type\":\"PropertyValueSpecification\",\"valueRequired\":true,\"valueName\":\"search_term_string\"}}],\"inLanguage\":\"sv-SE\"}]}<\/script>\n<!-- \/ Yoast SEO plugin. -->","yoast_head_json":{"title":"Samarbetspartner - Paristokierr\u00e4tys","robots":{"index":"index","follow":"follow","max-snippet":"max-snippet:-1","max-image-preview":"max-image-preview:large","max-video-preview":"max-video-preview:-1"},"canonical":"https:\/\/www.paristokierratys.fi\/sv\/samarbetspartner\/","og_locale":"sv_SE","og_type":"article","og_title":"Samarbetspartner - Paristokierr\u00e4tys","og_description":"[vc_row css_animation=&#8221;&#8221; row_type=&#8221;row&#8221; use_row_as_full_screen_section=&#8221;no&#8221; type=&#8221;grid&#8221; angled_section=&#8221;no&#8221; text_align=&#8221;left&#8221; background_image_as_pattern=&#8221;without_pattern&#8221; css=&#8221;.vc_custom_1510096609096{background-position: center !important;background-repeat: no-repeat !important;background-size: cover !important;}&#8221;][vc_column css=&#8221;.vc_custom_1512707176001{padding-top: 1% !important;padding-right: 8% !important;padding-bottom: 6% !important;padding-left: 8% !important;}&#8221;][vc_row_inner row_type=&#8221;row&#8221; type=&#8221;full_width&#8221; text_align=&#8221;left&#8221; css_animation=&#8221;&#8221;][vc_column_inner][vc_column_text]Vad \u00e4r Paristokierr\u00e4tys?\u00a0\/\u00a0Registrerade producenter \/\u00a0Aktuellt \/\u00a0Statistik \/ FAQ \/ L\u00e4nkar och ytterligare information \/\u00a0V\u00e4rden och visio \/ Dataskydd...","og_url":"https:\/\/www.paristokierratys.fi\/sv\/samarbetspartner\/","og_site_name":"Paristokierr\u00e4tys","article_modified_time":"2025-04-17T11:56:17+00:00","twitter_card":"summary_large_image","twitter_misc":{"Ber\u00e4knad l\u00e4stid":"5 minuter"},"schema":{"@context":"https:\/\/schema.org","@graph":[{"@type":"WebPage","@id":"https:\/\/www.paristokierratys.fi\/sv\/samarbetspartner\/","url":"https:\/\/www.paristokierratys.fi\/sv\/samarbetspartner\/","name":"Samarbetspartner - Paristokierr\u00e4tys","isPartOf":{"@id":"https:\/\/www.paristokierratys.fi\/#website"},"datePublished":"2022-08-26T07:22:44+00:00","dateModified":"2025-04-17T11:56:17+00:00","breadcrumb":{"@id":"https:\/\/www.paristokierratys.fi\/sv\/samarbetspartner\/#breadcrumb"},"inLanguage":"sv-SE","potentialAction":[{"@type":"ReadAction","target":["https:\/\/www.paristokierratys.fi\/sv\/samarbetspartner\/"]}]},{"@type":"BreadcrumbList","@id":"https:\/\/www.paristokierratys.fi\/sv\/samarbetspartner\/#breadcrumb","itemListElement":[{"@type":"ListItem","position":1,"name":"Home","item":"https:\/\/www.paristokierratys.fi\/sv\/"},{"@type":"ListItem","position":2,"name":"Samarbetspartner"}]},{"@type":"WebSite","@id":"https:\/\/www.paristokierratys.fi\/#website","url":"https:\/\/www.paristokierratys.fi\/","name":"Paristokierr\u00e4tys","description":"Paristokierr\u00e4tyst\u00e4 Suomessa organisoi tuottajayhteis\u00f6 Recser Oy, joka edustaa yli 500:aa paristojen ja akkujen tuottajaa.","potentialAction":[{"@type":"SearchAction","target":{"@type":"EntryPoint","urlTemplate":"https:\/\/www.paristokierratys.fi\/?s={search_term_string}"},"query-input":{"@type":"PropertyValueSpecification","valueRequired":true,"valueName":"search_term_string"}}],"inLanguage":"sv-SE"}]}},"_links":{"self":[{"href":"https:\/\/www.paristokierratys.fi\/sv\/wp-json\/wp\/v2\/pages\/10286","targetHints":{"allow":["GET"]}}],"collection":[{"href":"https:\/\/www.paristokierratys.fi\/sv\/wp-json\/wp\/v2\/pages"}],"about":[{"href":"https:\/\/www.paristokierratys.fi\/sv\/wp-json\/wp\/v2\/types\/page"}],"author":[{"embeddable":true,"href":"https:\/\/www.paristokierratys.fi\/sv\/wp-json\/wp\/v2\/users\/8"}],"replies":[{"embeddable":true,"href":"https:\/\/www.paristokierratys.fi\/sv\/wp-json\/wp\/v2\/comments?post=10286"}],"version-history":[{"count":39,"href":"https:\/\/www.paristokierratys.fi\/sv\/wp-json\/wp\/v2\/pages\/10286\/revisions"}],"predecessor-version":[{"id":16229,"href":"https:\/\/www.paristokierratys.fi\/sv\/wp-json\/wp\/v2\/pages\/10286\/revisions\/16229"}],"wp:attachment":[{"href":"https:\/\/www.paristokierratys.fi\/sv\/wp-json\/wp\/v2\/media?parent=10286"}],"curies":[{"name":"wp","href":"https:\/\/api.w.org\/{rel}","templated":true}]}}