{"id":7832,"date":"2021-11-16T13:58:43","date_gmt":"2021-11-16T11:58:43","guid":{"rendered":"https:\/\/www.paristokierratys.fi\/recser-oy-organises-paristokierratys-activities\/other-collection-points\/"},"modified":"2022-02-23T11:48:30","modified_gmt":"2022-02-23T09:48:30","slug":"other-collection-points","status":"publish","type":"page","link":"https:\/\/www.paristokierratys.fi\/en\/for-collection-points\/other-collection-points\/","title":{"rendered":"Other collection points"},"content":{"rendered":"<div class=\"wpb-content-wrapper\"><p>[vc_row css_animation=&#8221;&#8221; row_type=&#8221;row&#8221; use_row_as_full_screen_section=&#8221;no&#8221; type=&#8221;grid&#8221; angled_section=&#8221;no&#8221; text_align=&#8221;left&#8221; background_image_as_pattern=&#8221;without_pattern&#8221; css=&#8221;.vc_custom_1510096609096{background-position: center !important;background-repeat: no-repeat !important;background-size: cover !important;}&#8221;][vc_column css=&#8221;.vc_custom_1522189088652{padding-top: 1% !important;padding-right: 8% !important;padding-bottom: 6% !important;padding-left: 8% !important;}&#8221;][vc_row_inner row_type=&#8221;row&#8221; type=&#8221;full_width&#8221; text_align=&#8221;left&#8221; css_animation=&#8221;&#8221;][vc_column_inner width=&#8221;5\/6&#8243; offset=&#8221;vc_col-lg-offset-1 vc_col-lg-10&#8243; css=&#8221;.vc_custom_1522181116397{padding-right: 6% !important;padding-left: 6% !important;}&#8221;][vc_column_text]<a href=\"https:\/\/www.paristokierratys.fi\/en\/for-collection-points\/\">Recser Oy organises Paristokierr\u00e4tys activities<\/a> \/ <a href=\"https:\/\/www.paristokierratys.fi\/en\/for-collection-points\/sellers-reception-obligation\/\">Seller\u2019s reception obligation<\/a> \/ Other collection points \/ <a href=\"https:\/\/www.paristokierratys.fi\/en\/for-collection-points\/about-battery-box-collection\/\">About battery box collection<\/a> \/ <a href=\"https:\/\/www.paristokierratys.fi\/en\/for-collection-points\/order-transport-box\/\">Order a transport box<\/a> \/ <a href=\"https:\/\/www.paristokierratys.fi\/en\/for-collection-points-orig\/pick-up-order-for-a-full-battery-transport-box\/\">Pick-up order for a full battery transport box<\/a> \/ <a href=\"https:\/\/www.paristokierratys.fi\/en\/for-collection-points\/faq-store-collection-and-battery-boxes\/\">FAQ battery boxes<\/a> \/ <a href=\"https:\/\/www.paristokierratys.fi\/en\/for-collection-points\/about-battery-barrel-collection\/\">About battery barrel collection<\/a> \/ <a href=\"https:\/\/www.paristokierratys.fi\/en\/for-collection-points\/getting-started-with-battery-barrels\/\">Getting started with battery barrels<\/a> \/ <a href=\"https:\/\/www.paristokierratys.fi\/en\/for-collection-points\/pick-up-order-for-a-full-battery-barrel\/\">Pick-up order for a full battery barrel<\/a>\u00a0\/ <a href=\"https:\/\/www.paristokierratys.fi\/en\/for-collection-points\/faq-store-collection-and-battery-barrels\/\">FAQ battery barrels<\/a>[\/vc_column_text][vc_separator type=&#8221;normal&#8221; thickness=&#8221;1&#8243; up=&#8221;20&#8243; down=&#8221;30&#8243;][vc_column_text]<\/p>\n<h1>Other collection points<\/h1>\n<p>[\/vc_column_text][vc_empty_space][vc_column_text]<\/p>\n<h3>Other collection points can order transport equipment and pick-up for appropriately packed batches from Recser Oy with the same terms as stores.<\/h3>\n<p>[\/vc_column_text][vc_column_text]In addition to stores that sell batteries and accumulators, Recser Oy picks up discarded portable batteries and accumulators from hundreds of collection points that serve end users, such as the waste stations of many municipalities and private waste management service providers. Recser Oy also picks up discarded batteries and accumulators from various private and public sector units, such as offices, government agencies, educational institutions, health care units and industrial production or warehouse facilities.<\/p>\n<p>All portable batteries and accumulators that allow for easy manual carrying are included in the Paristokierr\u00e4tys collection system. Small volumes and small accumulators (less than 0.5 kg) fit into <a href=\"https:\/\/www.paristokierratys.fi\/en\/recser-oy-organises-paristokierratys-activities\/order-transport-box\/\" target=\"_blank\" rel=\"noopener\">battery boxes<\/a> while large volumes and heavy accumulators (more than 0.5 kg) should be placed into a <a href=\"https:\/\/www.paristokierratys.fi\/en\/for-collection-points\/getting-started-with-battery-barrels\/\" target=\"_blank\" rel=\"noopener\">battery barrel<\/a>. As a general rule, all batteries and accumulators that fit into a barrel can be packed into one.[\/vc_column_text][vc_empty_space][\/vc_column_inner][\/vc_row_inner][vc_row_inner row_type=&#8221;row&#8221; type=&#8221;full_width&#8221; text_align=&#8221;left&#8221; css_animation=&#8221;&#8221;][vc_column_inner width=&#8221;5\/6&#8243; offset=&#8221;vc_col-lg-offset-1 vc_col-lg-10&#8243; css=&#8221;.vc_custom_1522115501562{padding-right: 6% !important;padding-left: 6% !important;}&#8221;][vc_column_text]<\/p>\n<div id=\"attachment_7087\" style=\"width: 285px\" class=\"wp-caption alignleft\"><img loading=\"lazy\" decoding=\"async\" aria-describedby=\"caption-attachment-7087\" class=\"wp-image-7087 size-medium\" src=\"https:\/\/www.paristokierratys.fi\/wp-content\/uploads\/2021\/09\/Paristokierratys-paristolaatikko-1-275x300.jpg\" alt=\"\" width=\"275\" height=\"300\" srcset=\"https:\/\/www.paristokierratys.fi\/wp-content\/uploads\/2021\/09\/Paristokierratys-paristolaatikko-1-275x300.jpg 275w, https:\/\/www.paristokierratys.fi\/wp-content\/uploads\/2021\/09\/Paristokierratys-paristolaatikko-1-939x1024.jpg 939w, https:\/\/www.paristokierratys.fi\/wp-content\/uploads\/2021\/09\/Paristokierratys-paristolaatikko-1-768x837.jpg 768w, https:\/\/www.paristokierratys.fi\/wp-content\/uploads\/2021\/09\/Paristokierratys-paristolaatikko-1-1409x1536.jpg 1409w, https:\/\/www.paristokierratys.fi\/wp-content\/uploads\/2021\/09\/Paristokierratys-paristolaatikko-1-1878x2048.jpg 1878w, https:\/\/www.paristokierratys.fi\/wp-content\/uploads\/2021\/09\/Paristokierratys-paristolaatikko-1-700x763.jpg 700w\" sizes=\"auto, (max-width: 275px) 100vw, 275px\" \/><p id=\"caption-attachment-7087\" class=\"wp-caption-text\">Paristolaatikko<\/p><\/div>\n<div id=\"attachment_7093\" style=\"width: 257px\" class=\"wp-caption alignleft\"><img loading=\"lazy\" decoding=\"async\" aria-describedby=\"caption-attachment-7093\" class=\"wp-image-7093 size-medium\" src=\"https:\/\/www.paristokierratys.fi\/wp-content\/uploads\/2021\/09\/Paristokierratys-paristotynnyri--247x300.jpg\" alt=\"\" width=\"247\" height=\"300\" srcset=\"https:\/\/www.paristokierratys.fi\/wp-content\/uploads\/2021\/09\/Paristokierratys-paristotynnyri--247x300.jpg 247w, https:\/\/www.paristokierratys.fi\/wp-content\/uploads\/2021\/09\/Paristokierratys-paristotynnyri--842x1024.jpg 842w, https:\/\/www.paristokierratys.fi\/wp-content\/uploads\/2021\/09\/Paristokierratys-paristotynnyri--768x934.jpg 768w, https:\/\/www.paristokierratys.fi\/wp-content\/uploads\/2021\/09\/Paristokierratys-paristotynnyri--700x851.jpg 700w, https:\/\/www.paristokierratys.fi\/wp-content\/uploads\/2021\/09\/Paristokierratys-paristotynnyri-.jpg 1045w\" sizes=\"auto, (max-width: 247px) 100vw, 247px\" \/><p id=\"caption-attachment-7093\" class=\"wp-caption-text\">Paristotynnyri<\/p><\/div>\n<p>[\/vc_column_text][\/vc_column_inner][\/vc_row_inner][vc_row_inner row_type=&#8221;row&#8221; type=&#8221;full_width&#8221; text_align=&#8221;left&#8221; css_animation=&#8221;&#8221;][vc_column_inner width=&#8221;5\/6&#8243; offset=&#8221;vc_col-lg-offset-1 vc_col-lg-10&#8243; css=&#8221;.vc_custom_1522115501562{padding-right: 6% !important;padding-left: 6% !important;}&#8221;][vc_column_text]If the transport container options provided by Paristokierr\u00e4tys are too large or otherwise unsuitable for a collection point, the collection point can order customised pick-up at its own expense from a waste management service provider that acts as a partner of Recser Oy.[\/vc_column_text][\/vc_column_inner][\/vc_row_inner][\/vc_column][\/vc_row]<\/p>\n<\/div>","protected":false},"excerpt":{"rendered":"<p>[vc_row css_animation=&#8221;&#8221; row_type=&#8221;row&#8221; use_row_as_full_screen_section=&#8221;no&#8221; type=&#8221;grid&#8221; angled_section=&#8221;no&#8221; text_align=&#8221;left&#8221; background_image_as_pattern=&#8221;without_pattern&#8221; css=&#8221;.vc_custom_1510096609096{background-position: center !important;background-repeat: no-repeat !important;background-size: cover !important;}&#8221;][vc_column css=&#8221;.vc_custom_1522189088652{padding-top: 1% !important;padding-right: 8% !important;padding-bottom: 6% !important;padding-left: 8% !important;}&#8221;][vc_row_inner row_type=&#8221;row&#8221; type=&#8221;full_width&#8221; text_align=&#8221;left&#8221; css_animation=&#8221;&#8221;][vc_column_inner width=&#8221;5\/6&#8243; offset=&#8221;vc_col-lg-offset-1 vc_col-lg-10&#8243; css=&#8221;.vc_custom_1522181116397{padding-right: 6% !important;padding-left: 6% !important;}&#8221;][vc_column_text]Recser Oy organises Paristokierr\u00e4tys activities \/ Seller\u2019s reception obligation \/&#8230;<\/p>\n","protected":false},"author":8,"featured_media":0,"parent":7791,"menu_order":0,"comment_status":"closed","ping_status":"closed","template":"full_width.php","meta":{"footnotes":""},"class_list":["post-7832","page","type-page","status-publish","hentry"],"yoast_head":"<!-- This site is optimized with the Yoast SEO plugin v26.8 - https:\/\/yoast.com\/product\/yoast-seo-wordpress\/ -->\n<title>Other collection points - Paristokierr\u00e4tys<\/title>\n<meta name=\"robots\" content=\"index, follow, max-snippet:-1, max-image-preview:large, max-video-preview:-1\" \/>\n<link rel=\"canonical\" href=\"https:\/\/www.paristokierratys.fi\/en\/for-collection-points\/other-collection-points\/\" \/>\n<meta property=\"og:locale\" content=\"en_US\" \/>\n<meta property=\"og:type\" content=\"article\" \/>\n<meta property=\"og:title\" content=\"Other collection points - Paristokierr\u00e4tys\" \/>\n<meta property=\"og:description\" content=\"[vc_row css_animation=&#8221;&#8221; row_type=&#8221;row&#8221; use_row_as_full_screen_section=&#8221;no&#8221; type=&#8221;grid&#8221; angled_section=&#8221;no&#8221; text_align=&#8221;left&#8221; background_image_as_pattern=&#8221;without_pattern&#8221; css=&#8221;.vc_custom_1510096609096{background-position: center !important;background-repeat: no-repeat !important;background-size: cover !important;}&#8221;][vc_column css=&#8221;.vc_custom_1522189088652{padding-top: 1% !important;padding-right: 8% !important;padding-bottom: 6% !important;padding-left: 8% !important;}&#8221;][vc_row_inner row_type=&#8221;row&#8221; type=&#8221;full_width&#8221; text_align=&#8221;left&#8221; css_animation=&#8221;&#8221;][vc_column_inner width=&#8221;5\/6&#8243; offset=&#8221;vc_col-lg-offset-1 vc_col-lg-10&#8243; css=&#8221;.vc_custom_1522181116397{padding-right: 6% !important;padding-left: 6% !important;}&#8221;][vc_column_text]Recser Oy organises Paristokierr\u00e4tys activities \/ Seller\u2019s reception obligation \/...\" \/>\n<meta property=\"og:url\" content=\"https:\/\/www.paristokierratys.fi\/en\/for-collection-points\/other-collection-points\/\" \/>\n<meta property=\"og:site_name\" content=\"Paristokierr\u00e4tys\" \/>\n<meta property=\"article:modified_time\" content=\"2022-02-23T09:48:30+00:00\" \/>\n<meta property=\"og:image\" content=\"https:\/\/www.paristokierratys.fi\/wp-content\/uploads\/2021\/09\/Paristokierratys-paristolaatikko-1-275x300.jpg\" \/>\n<meta name=\"twitter:card\" content=\"summary_large_image\" \/>\n<meta name=\"twitter:label1\" content=\"Est. reading time\" \/>\n\t<meta name=\"twitter:data1\" content=\"3 minutes\" \/>\n<script type=\"application\/ld+json\" class=\"yoast-schema-graph\">{\"@context\":\"https:\/\/schema.org\",\"@graph\":[{\"@type\":\"WebPage\",\"@id\":\"https:\/\/www.paristokierratys.fi\/en\/for-collection-points\/other-collection-points\/\",\"url\":\"https:\/\/www.paristokierratys.fi\/en\/for-collection-points\/other-collection-points\/\",\"name\":\"Other collection points - Paristokierr\u00e4tys\",\"isPartOf\":{\"@id\":\"https:\/\/www.paristokierratys.fi\/#website\"},\"primaryImageOfPage\":{\"@id\":\"https:\/\/www.paristokierratys.fi\/en\/for-collection-points\/other-collection-points\/#primaryimage\"},\"image\":{\"@id\":\"https:\/\/www.paristokierratys.fi\/en\/for-collection-points\/other-collection-points\/#primaryimage\"},\"thumbnailUrl\":\"https:\/\/www.paristokierratys.fi\/wp-content\/uploads\/2021\/09\/Paristokierratys-paristolaatikko-1-275x300.jpg\",\"datePublished\":\"2021-11-16T11:58:43+00:00\",\"dateModified\":\"2022-02-23T09:48:30+00:00\",\"breadcrumb\":{\"@id\":\"https:\/\/www.paristokierratys.fi\/en\/for-collection-points\/other-collection-points\/#breadcrumb\"},\"inLanguage\":\"en-US\",\"potentialAction\":[{\"@type\":\"ReadAction\",\"target\":[\"https:\/\/www.paristokierratys.fi\/en\/for-collection-points\/other-collection-points\/\"]}]},{\"@type\":\"ImageObject\",\"inLanguage\":\"en-US\",\"@id\":\"https:\/\/www.paristokierratys.fi\/en\/for-collection-points\/other-collection-points\/#primaryimage\",\"url\":\"https:\/\/www.paristokierratys.fi\/wp-content\/uploads\/2021\/09\/Paristokierratys-paristolaatikko-1-275x300.jpg\",\"contentUrl\":\"https:\/\/www.paristokierratys.fi\/wp-content\/uploads\/2021\/09\/Paristokierratys-paristolaatikko-1-275x300.jpg\"},{\"@type\":\"BreadcrumbList\",\"@id\":\"https:\/\/www.paristokierratys.fi\/en\/for-collection-points\/other-collection-points\/#breadcrumb\",\"itemListElement\":[{\"@type\":\"ListItem\",\"position\":1,\"name\":\"Home\",\"item\":\"https:\/\/www.paristokierratys.fi\/en\/\"},{\"@type\":\"ListItem\",\"position\":2,\"name\":\"Recser Oy organises Paristokierr\u00e4tys activities\",\"item\":\"https:\/\/www.paristokierratys.fi\/en\/for-collection-points\/\"},{\"@type\":\"ListItem\",\"position\":3,\"name\":\"Other collection points\"}]},{\"@type\":\"WebSite\",\"@id\":\"https:\/\/www.paristokierratys.fi\/#website\",\"url\":\"https:\/\/www.paristokierratys.fi\/\",\"name\":\"Paristokierr\u00e4tys\",\"description\":\"Paristokierr\u00e4tyst\u00e4 Suomessa organisoi tuottajayhteis\u00f6 Recser Oy, joka edustaa yli 500:aa paristojen ja akkujen tuottajaa.\",\"potentialAction\":[{\"@type\":\"SearchAction\",\"target\":{\"@type\":\"EntryPoint\",\"urlTemplate\":\"https:\/\/www.paristokierratys.fi\/?s={search_term_string}\"},\"query-input\":{\"@type\":\"PropertyValueSpecification\",\"valueRequired\":true,\"valueName\":\"search_term_string\"}}],\"inLanguage\":\"en-US\"}]}<\/script>\n<!-- \/ Yoast SEO plugin. -->","yoast_head_json":{"title":"Other collection points - Paristokierr\u00e4tys","robots":{"index":"index","follow":"follow","max-snippet":"max-snippet:-1","max-image-preview":"max-image-preview:large","max-video-preview":"max-video-preview:-1"},"canonical":"https:\/\/www.paristokierratys.fi\/en\/for-collection-points\/other-collection-points\/","og_locale":"en_US","og_type":"article","og_title":"Other collection points - Paristokierr\u00e4tys","og_description":"[vc_row css_animation=&#8221;&#8221; row_type=&#8221;row&#8221; use_row_as_full_screen_section=&#8221;no&#8221; type=&#8221;grid&#8221; angled_section=&#8221;no&#8221; text_align=&#8221;left&#8221; background_image_as_pattern=&#8221;without_pattern&#8221; css=&#8221;.vc_custom_1510096609096{background-position: center !important;background-repeat: no-repeat !important;background-size: cover !important;}&#8221;][vc_column css=&#8221;.vc_custom_1522189088652{padding-top: 1% !important;padding-right: 8% !important;padding-bottom: 6% !important;padding-left: 8% !important;}&#8221;][vc_row_inner row_type=&#8221;row&#8221; type=&#8221;full_width&#8221; text_align=&#8221;left&#8221; css_animation=&#8221;&#8221;][vc_column_inner width=&#8221;5\/6&#8243; offset=&#8221;vc_col-lg-offset-1 vc_col-lg-10&#8243; css=&#8221;.vc_custom_1522181116397{padding-right: 6% !important;padding-left: 6% !important;}&#8221;][vc_column_text]Recser Oy organises Paristokierr\u00e4tys activities \/ Seller\u2019s reception obligation \/...","og_url":"https:\/\/www.paristokierratys.fi\/en\/for-collection-points\/other-collection-points\/","og_site_name":"Paristokierr\u00e4tys","article_modified_time":"2022-02-23T09:48:30+00:00","og_image":[{"url":"https:\/\/www.paristokierratys.fi\/wp-content\/uploads\/2021\/09\/Paristokierratys-paristolaatikko-1-275x300.jpg","type":"","width":"","height":""}],"twitter_card":"summary_large_image","twitter_misc":{"Est. reading time":"3 minutes"},"schema":{"@context":"https:\/\/schema.org","@graph":[{"@type":"WebPage","@id":"https:\/\/www.paristokierratys.fi\/en\/for-collection-points\/other-collection-points\/","url":"https:\/\/www.paristokierratys.fi\/en\/for-collection-points\/other-collection-points\/","name":"Other collection points - Paristokierr\u00e4tys","isPartOf":{"@id":"https:\/\/www.paristokierratys.fi\/#website"},"primaryImageOfPage":{"@id":"https:\/\/www.paristokierratys.fi\/en\/for-collection-points\/other-collection-points\/#primaryimage"},"image":{"@id":"https:\/\/www.paristokierratys.fi\/en\/for-collection-points\/other-collection-points\/#primaryimage"},"thumbnailUrl":"https:\/\/www.paristokierratys.fi\/wp-content\/uploads\/2021\/09\/Paristokierratys-paristolaatikko-1-275x300.jpg","datePublished":"2021-11-16T11:58:43+00:00","dateModified":"2022-02-23T09:48:30+00:00","breadcrumb":{"@id":"https:\/\/www.paristokierratys.fi\/en\/for-collection-points\/other-collection-points\/#breadcrumb"},"inLanguage":"en-US","potentialAction":[{"@type":"ReadAction","target":["https:\/\/www.paristokierratys.fi\/en\/for-collection-points\/other-collection-points\/"]}]},{"@type":"ImageObject","inLanguage":"en-US","@id":"https:\/\/www.paristokierratys.fi\/en\/for-collection-points\/other-collection-points\/#primaryimage","url":"https:\/\/www.paristokierratys.fi\/wp-content\/uploads\/2021\/09\/Paristokierratys-paristolaatikko-1-275x300.jpg","contentUrl":"https:\/\/www.paristokierratys.fi\/wp-content\/uploads\/2021\/09\/Paristokierratys-paristolaatikko-1-275x300.jpg"},{"@type":"BreadcrumbList","@id":"https:\/\/www.paristokierratys.fi\/en\/for-collection-points\/other-collection-points\/#breadcrumb","itemListElement":[{"@type":"ListItem","position":1,"name":"Home","item":"https:\/\/www.paristokierratys.fi\/en\/"},{"@type":"ListItem","position":2,"name":"Recser Oy organises Paristokierr\u00e4tys activities","item":"https:\/\/www.paristokierratys.fi\/en\/for-collection-points\/"},{"@type":"ListItem","position":3,"name":"Other collection points"}]},{"@type":"WebSite","@id":"https:\/\/www.paristokierratys.fi\/#website","url":"https:\/\/www.paristokierratys.fi\/","name":"Paristokierr\u00e4tys","description":"Paristokierr\u00e4tyst\u00e4 Suomessa organisoi tuottajayhteis\u00f6 Recser Oy, joka edustaa yli 500:aa paristojen ja akkujen tuottajaa.","potentialAction":[{"@type":"SearchAction","target":{"@type":"EntryPoint","urlTemplate":"https:\/\/www.paristokierratys.fi\/?s={search_term_string}"},"query-input":{"@type":"PropertyValueSpecification","valueRequired":true,"valueName":"search_term_string"}}],"inLanguage":"en-US"}]}},"_links":{"self":[{"href":"https:\/\/www.paristokierratys.fi\/en\/wp-json\/wp\/v2\/pages\/7832","targetHints":{"allow":["GET"]}}],"collection":[{"href":"https:\/\/www.paristokierratys.fi\/en\/wp-json\/wp\/v2\/pages"}],"about":[{"href":"https:\/\/www.paristokierratys.fi\/en\/wp-json\/wp\/v2\/types\/page"}],"author":[{"embeddable":true,"href":"https:\/\/www.paristokierratys.fi\/en\/wp-json\/wp\/v2\/users\/8"}],"replies":[{"embeddable":true,"href":"https:\/\/www.paristokierratys.fi\/en\/wp-json\/wp\/v2\/comments?post=7832"}],"version-history":[{"count":11,"href":"https:\/\/www.paristokierratys.fi\/en\/wp-json\/wp\/v2\/pages\/7832\/revisions"}],"predecessor-version":[{"id":8783,"href":"https:\/\/www.paristokierratys.fi\/en\/wp-json\/wp\/v2\/pages\/7832\/revisions\/8783"}],"up":[{"embeddable":true,"href":"https:\/\/www.paristokierratys.fi\/en\/wp-json\/wp\/v2\/pages\/7791"}],"wp:attachment":[{"href":"https:\/\/www.paristokierratys.fi\/en\/wp-json\/wp\/v2\/media?parent=7832"}],"curies":[{"name":"wp","href":"https:\/\/api.w.org\/{rel}","templated":true}]}}